{"id":91,"date":"2016-02-14T11:37:05","date_gmt":"2016-02-14T10:37:05","guid":{"rendered":"https:\/\/test.truhengeraete.de\/?page_id=91"},"modified":"2016-02-27T15:10:10","modified_gmt":"2016-02-27T14:10:10","slug":"waermepumpe","status":"publish","type":"page","link":"https:\/\/truhengeraete.de\/index.php\/kanalgeraeterekuperator\/waermepumpe\/","title":{"rendered":"W\u00e4rmepumpe"},"content":{"rendered":"<div class=\"flex_column av_one_full  flex_column_div av-zero-column-padding first  \" style='border-radius:0px; '><p><div style='padding-bottom:10px;' class='av-special-heading av-special-heading-h3    '><h3 class='av-special-heading-tag'  itemprop=\"headline\"  >Ger\u00e4te f\u00fcr Schwimmhallen mit W\u00e4rmepumpe<\/h3><div class='special-heading-border'><div class='special-heading-inner-border' ><\/div><\/div><\/div><br \/>\n<div class='avia-image-container  av-styling-   avia-align-left '  itemscope=\"itemscope\" itemtype=\"https:\/\/schema.org\/ImageObject\"  ><div class='avia-image-container-inner'><a href='https:\/\/i2.wp.com\/truhengeraete.de\/wp-content\/uploads\/2016\/02\/K30_flach.jpg?fit=1030%2C773&ssl=1' class='avia_image'  ><img class='avia_image ' src='https:\/\/i2.wp.com\/truhengeraete.de\/wp-content\/uploads\/2016\/02\/K30_flach.jpg?fit=300%2C225&ssl=1' alt='' title='K30'  itemprop=\"contentURL\"  \/><\/a><\/div><\/div><\/p><\/div>\n<section class=\"av_textblock_section\"  itemscope=\"itemscope\" itemtype=\"https:\/\/schema.org\/CreativeWork\" ><div class='avia_textblock '   itemprop=\"text\" ><p><em>Kanalger\u00e4t mit W\u00e4rmepumpe und Frischluftbetrieb<\/em><\/p>\n<\/div><\/section>\n<section class=\"av_textblock_section\"  itemscope=\"itemscope\" itemtype=\"https:\/\/schema.org\/CreativeWork\" ><div class='avia_textblock '   itemprop=\"text\" ><div class=\"layoutArea\">\n<div class=\"column\">\n<p><strong>Funktion:<\/strong><\/p>\n<p>Diese Kanalger\u00e4te sind zur Aufstellung in Technikr\u00e4umen konstruiert und werden an ein Kanalsystem angeschlossen. \u00dcber das Kanalsystem und Luftausl\u00e4sse wird die Luft in der Schwimmhalle optimal verteilt.<\/p>\n<p>Diese Ger\u00e4te enthalten eine K\u00e4lteanlage (Luft-Luft-W\u00e4rmepumpe). Die Schwimmhallenabluft wird im Ger\u00e4t im Verdampfer unter den Taupunkt abgek\u00fchlt und damit getrocknet. Die beim Abk\u00fchlen entzogene W\u00e4rme wird vollst\u00e4ndig genutzt, um die k\u00fchle Luft ohne Energieverluste aufzuheizen. Dar\u00fcber hinaus wird die Antriebsenergie der W\u00e4rmepumpe als zus\u00e4tzlicher W\u00e4rmegewinn der Luft zugef\u00fchrt. Bei Ger\u00e4ten mit Au\u00dfenluft- und Fortluftanschlu\u00df\u00a0sorgt die kontrollierte Beimischung von Au\u00dfenluft f\u00fcr eine hohe Luftqualit\u00e4t und Hygiene, ein genaueres und gleichm\u00e4\u00dfigeres Hallenklima und nutzt den W\u00e4rmer\u00fcckgewinn zur Nachheizung der Au\u00dfenluft. Das Nachheizregister sorgt f\u00fcr die Deckung des W\u00e4rmebedarfs der Schwimmhalle. Die Schwimmhalle wird \u00fcber diese Ger\u00e4te auch beheizt.<\/p>\n<p>Bei hohem W\u00e4rmebedarf des Beckenwassers kann der W\u00e4rmer\u00fcckgewinn aus der Verdunstungsw\u00e4rme \u00fcber einen Beckenwasserkondensator dem Badewasser wieder zugef\u00fchrt werden (Zusatzausr\u00fcstung).<\/p>\n<p><strong>Regelung und Bedienung:<\/strong><\/p>\n<p>Das Schwimmhallenklima wird pr\u00e4zise geregelt. Unsere\u00a0intelligente SPS-Regelung mit Bus-Technologie optimiert die W\u00e4rmer\u00fcckgewinnung, Frischluftversorgung und den stufenlosen Ventilatorbetrieb und damit den Energieverbrauch.<\/p>\n<p>F\u00fcr die Bedienung der Ger\u00e4te ist\u00a0ein Tablet im Lieferumfang. Die Darstellung ist damit\u00a0sehr \u00fcbersichtlich und selbsterkl\u00e4rend. Es k\u00f6nnen ebenfalls alle WLAN- oder netzwerkf\u00e4higen Ger\u00e4te wie iPhone, iPad, Smartphones, Notebooks, PC&#8217;s etc. zur Bedienung verwendet werden. Es mu\u00df daf\u00fcr keine zus\u00e4tzliche Software installiert werden.<\/p>\n<p>Wenn das Klimager\u00e4t in das eigene Netzwerk eingebunden ist und eine Internetverbindung besteht, sind die Ger\u00e4te ortsunabh\u00e4ngig mit der originalen Darstellung bedienbar und zu \u00fcberwachen.<\/p>\n<p><strong>Besonderheiten:<\/strong><\/p>\n<p>Diese Ger\u00e4te zeichnen sich durch sehr kompakte Bauweisen aus, besonders bei wenig Platz oder geringen Raumh\u00f6hen (z.B. Beckenumgang). Sie eignen sich gut, wenn niedrige Vorlauftemperaturen von &lt;40\u00b0C vorhanden sind, das Becken nicht\u00a0abgedeckt ist, l\u00e4ngere Badezeiten mit erh\u00f6hter Verdunstung zu erwarten sind\u00a0oder die Wassertemperatur h\u00f6her ist.<\/p>\n<p>Bei den Ger\u00e4ten ohne Au\u00dfenluftanschlu\u00df kann der bei der Entfeuchtung entstehende W\u00e4rmer\u00fcckgewinn bei sehr gut ged\u00e4mmten Hallen zu einer Erh\u00f6hung der Hallentemperatur \u00fcber den Sollwert f\u00fchren, besonders bei nicht abgedeckten Becken. Eine\u00a0\u00dcbertragung an das Beckenwasser ist auch nicht grunds\u00e4tzlich ausreichend. Daher ist die individuelle Beratung und Planung sehr wichtig.<\/p>\n<p>Die K\u00e4lteanlage ist die aktive W\u00e4rmer\u00fcckgewinnung der Ger\u00e4te. Die Komponenten sind von den Top-Marktf\u00fchrern, um eine sehr hohe Zuverl\u00e4ssigkeit und Langlebigkeit zu erreichen. Der Wartungsaufwand ist funktionsbedingt h\u00f6her als bei rekuperativen Ger\u00e4ten.<\/p>\n<p>Diese Ger\u00e4te gibt es in verschiedenen\u00a0Bauformen f\u00fcr viele Einsatzbedingungen. Zus\u00e4tzliche Teilungen sind nicht so beliebig m\u00f6glich\u00a0wie bei rekuperativen Ger\u00e4ten.<\/p>\n<p><strong>Leistungen:<\/strong><\/p>\n<p>K5:\u00a0550 &#8211; 1300 m\u00b3\/h f\u00fcr Beckengr\u00f6\u00dfen bis ca. 50m\u00b2; Hinterwandausf\u00fchrung f\u00fcr beengtere Nebenr\u00e4ume an der\u00a0Schwimmhalle; Umluftger\u00e4t<\/p>\n<p>K10:\u00a0550 &#8211; 2200 m\u00b3\/h f\u00fcr Beckengr\u00f6\u00dfen bis ca. 70m\u00b2; Umluftger\u00e4t, anteilige Au\u00dfenluftzufuhr bis ca. 20% m\u00f6glich<\/p>\n<\/div>\n<\/div>\n<div class=\"layoutArea\">\n<div class=\"column\">\n<p>K20:\u00a0550 &#8211; 900 m\u00b3\/h\u00a0f\u00fcr Beckengr\u00f6\u00dfen bis ca. 45m\u00b2; Au\u00dfenluft-Fortluftbetrieb 0-100%<\/p>\n<p>K30: \u00a01100 &#8211; 4500 m\u00b3\/h\u00a0f\u00fcr Beckengr\u00f6\u00dfen bis ca. 170m\u00b2;\u00a0Au\u00dfenluft-Fortluftbetrieb 0-100%<\/p>\n<\/div>\n<\/div>\n<\/div><\/section>\n<div class=\"flex_column av_one_full  flex_column_div av-zero-column-padding first  \" style='border-radius:0px; '><section class=\"av_textblock_section\"  itemscope=\"itemscope\" itemtype=\"https:\/\/schema.org\/CreativeWork\" ><div class='avia_textblock  av_inherit_color'  style='color:#ededed; '  itemprop=\"text\" ><p>Truhenger\u00e4te &#8211; Entfeuchtungstruhen &#8211; Schwimmbad Truhen &#8211; Schwimmhallen Truhen &#8211; Schwimmbadentfeuchtung &#8211; Schwimmhallenentfeuchtung &#8211; Schwimmbadklimatisierung &#8211; Schwimmhallenklimatisierung &#8211; Schwimmbad Entfeuchtung &#8211; Schwimmhallen Entfeuchtung &#8211; Schwimmbad Klimatisierung &#8211;\u00a0Schwimmhallen Klimatisierung &#8211; Schwimmbadklima &#8211; Schwimmhallenklima &#8211; Schwimmbadl\u00fcftung &#8211; Schwimmhallenl\u00fcftung &#8211; Schwimmbad L\u00fcftung &#8211; Schwimmhallen L\u00fcftung &#8211; Schwimmbadbel\u00fcftung &#8211; Schwimmhallenbel\u00fcftung &#8211; Schwimmbad Bel\u00fcftung- Schwimmhallen Bel\u00fcftung &#8211; Entfeuchter<\/p>\n<\/div><\/section><\/div>\n","protected":false},"excerpt":{"rendered":"","protected":false},"author":1,"featured_media":0,"parent":82,"menu_order":1,"comment_status":"closed","ping_status":"closed","template":"","meta":{"spay_email":""},"yoast_head":"<!-- This site is optimized with the Yoast SEO plugin v17.8 - https:\/\/yoast.com\/wordpress\/plugins\/seo\/ -->\n<meta name=\"robots\" content=\"index, follow, max-snippet:-1, max-image-preview:large, max-video-preview:-1\" \/>\n<link rel=\"canonical\" href=\"https:\/\/truhengeraete.de\/index.php\/kanalgeraeterekuperator\/waermepumpe\/\" \/>\n<meta property=\"og:locale\" content=\"de_DE\" \/>\n<meta property=\"og:type\" content=\"article\" \/>\n<meta property=\"og:title\" content=\"W\u00e4rmepumpe - Entwicklung und Herstellung von Schwimmhallenklimager\u00e4ten\" \/>\n<meta property=\"og:url\" content=\"https:\/\/truhengeraete.de\/index.php\/kanalgeraeterekuperator\/waermepumpe\/\" \/>\n<meta property=\"og:site_name\" content=\"Entwicklung und Herstellung von Schwimmhallenklimager\u00e4ten\" \/>\n<meta property=\"article:modified_time\" content=\"2016-02-27T14:10:10+00:00\" \/>\n<meta name=\"twitter:card\" content=\"summary\" \/>\n<meta name=\"twitter:label1\" content=\"Gesch\u00e4tzte Lesezeit\" \/>\n\t<meta name=\"twitter:data1\" content=\"4\u00a0Minuten\" \/>\n<script type=\"application\/ld+json\" class=\"yoast-schema-graph\">{\"@context\":\"https:\/\/schema.org\",\"@graph\":[{\"@type\":\"Organization\",\"@id\":\"https:\/\/truhengeraete.de\/#organization\",\"name\":\"enkho GmbH & Co. KG\",\"url\":\"https:\/\/truhengeraete.de\/\",\"sameAs\":[],\"logo\":{\"@type\":\"ImageObject\",\"@id\":\"https:\/\/truhengeraete.de\/#logo\",\"inLanguage\":\"de\",\"url\":\"https:\/\/i2.wp.com\/truhengeraete.de\/wp-content\/uploads\/2016\/02\/enkhologo_0.jpg?fit=532%2C120&ssl=1\",\"contentUrl\":\"https:\/\/i2.wp.com\/truhengeraete.de\/wp-content\/uploads\/2016\/02\/enkhologo_0.jpg?fit=532%2C120&ssl=1\",\"width\":532,\"height\":120,\"caption\":\"enkho GmbH & Co. KG\"},\"image\":{\"@id\":\"https:\/\/truhengeraete.de\/#logo\"}},{\"@type\":\"WebSite\",\"@id\":\"https:\/\/truhengeraete.de\/#website\",\"url\":\"https:\/\/truhengeraete.de\/\",\"name\":\"Entwicklung und Herstellung von Schwimmhallenklimager\\u00e4ten\",\"description\":\"enkho GmbH\",\"publisher\":{\"@id\":\"https:\/\/truhengeraete.de\/#organization\"},\"potentialAction\":[{\"@type\":\"SearchAction\",\"target\":{\"@type\":\"EntryPoint\",\"urlTemplate\":\"https:\/\/truhengeraete.de\/?s={search_term_string}\"},\"query-input\":\"required name=search_term_string\"}],\"inLanguage\":\"de\"},{\"@type\":\"WebPage\",\"@id\":\"https:\/\/truhengeraete.de\/index.php\/kanalgeraeterekuperator\/waermepumpe\/#webpage\",\"url\":\"https:\/\/truhengeraete.de\/index.php\/kanalgeraeterekuperator\/waermepumpe\/\",\"name\":\"W\\u00e4rmepumpe - Entwicklung und Herstellung von Schwimmhallenklimager\\u00e4ten\",\"isPartOf\":{\"@id\":\"https:\/\/truhengeraete.de\/#website\"},\"datePublished\":\"2016-02-14T10:37:05+00:00\",\"dateModified\":\"2016-02-27T14:10:10+00:00\",\"breadcrumb\":{\"@id\":\"https:\/\/truhengeraete.de\/index.php\/kanalgeraeterekuperator\/waermepumpe\/#breadcrumb\"},\"inLanguage\":\"de\",\"potentialAction\":[{\"@type\":\"ReadAction\",\"target\":[\"https:\/\/truhengeraete.de\/index.php\/kanalgeraeterekuperator\/waermepumpe\/\"]}]},{\"@type\":\"BreadcrumbList\",\"@id\":\"https:\/\/truhengeraete.de\/index.php\/kanalgeraeterekuperator\/waermepumpe\/#breadcrumb\",\"itemListElement\":[{\"@type\":\"ListItem\",\"position\":1,\"name\":\"Home\",\"item\":\"https:\/\/truhengeraete.de\/\"},{\"@type\":\"ListItem\",\"position\":2,\"name\":\"Kanalger\\u00e4te\",\"item\":\"https:\/\/truhengeraete.de\/index.php\/kanalgeraeterekuperator\/\"},{\"@type\":\"ListItem\",\"position\":3,\"name\":\"W\\u00e4rmepumpe\"}]}]}<\/script>\n<!-- \/ Yoast SEO plugin. -->","yoast_head_json":{"robots":{"index":"index","follow":"follow","max-snippet":"max-snippet:-1","max-image-preview":"max-image-preview:large","max-video-preview":"max-video-preview:-1"},"canonical":"https:\/\/truhengeraete.de\/index.php\/kanalgeraeterekuperator\/waermepumpe\/","og_locale":"de_DE","og_type":"article","og_title":"W\u00e4rmepumpe - Entwicklung und Herstellung von Schwimmhallenklimager\u00e4ten","og_url":"https:\/\/truhengeraete.de\/index.php\/kanalgeraeterekuperator\/waermepumpe\/","og_site_name":"Entwicklung und Herstellung von Schwimmhallenklimager\u00e4ten","article_modified_time":"2016-02-27T14:10:10+00:00","twitter_card":"summary","twitter_misc":{"Gesch\u00e4tzte Lesezeit":"4\u00a0Minuten"},"schema":{"@context":"https:\/\/schema.org","@graph":[{"@type":"Organization","@id":"https:\/\/truhengeraete.de\/#organization","name":"enkho GmbH & Co. KG","url":"https:\/\/truhengeraete.de\/","sameAs":[],"logo":{"@type":"ImageObject","@id":"https:\/\/truhengeraete.de\/#logo","inLanguage":"de","url":"https:\/\/i2.wp.com\/truhengeraete.de\/wp-content\/uploads\/2016\/02\/enkhologo_0.jpg?fit=532%2C120&ssl=1","contentUrl":"https:\/\/i2.wp.com\/truhengeraete.de\/wp-content\/uploads\/2016\/02\/enkhologo_0.jpg?fit=532%2C120&ssl=1","width":532,"height":120,"caption":"enkho GmbH & Co. KG"},"image":{"@id":"https:\/\/truhengeraete.de\/#logo"}},{"@type":"WebSite","@id":"https:\/\/truhengeraete.de\/#website","url":"https:\/\/truhengeraete.de\/","name":"Entwicklung und Herstellung von Schwimmhallenklimager\u00e4ten","description":"enkho GmbH","publisher":{"@id":"https:\/\/truhengeraete.de\/#organization"},"potentialAction":[{"@type":"SearchAction","target":{"@type":"EntryPoint","urlTemplate":"https:\/\/truhengeraete.de\/?s={search_term_string}"},"query-input":"required name=search_term_string"}],"inLanguage":"de"},{"@type":"WebPage","@id":"https:\/\/truhengeraete.de\/index.php\/kanalgeraeterekuperator\/waermepumpe\/#webpage","url":"https:\/\/truhengeraete.de\/index.php\/kanalgeraeterekuperator\/waermepumpe\/","name":"W\u00e4rmepumpe - Entwicklung und Herstellung von Schwimmhallenklimager\u00e4ten","isPartOf":{"@id":"https:\/\/truhengeraete.de\/#website"},"datePublished":"2016-02-14T10:37:05+00:00","dateModified":"2016-02-27T14:10:10+00:00","breadcrumb":{"@id":"https:\/\/truhengeraete.de\/index.php\/kanalgeraeterekuperator\/waermepumpe\/#breadcrumb"},"inLanguage":"de","potentialAction":[{"@type":"ReadAction","target":["https:\/\/truhengeraete.de\/index.php\/kanalgeraeterekuperator\/waermepumpe\/"]}]},{"@type":"BreadcrumbList","@id":"https:\/\/truhengeraete.de\/index.php\/kanalgeraeterekuperator\/waermepumpe\/#breadcrumb","itemListElement":[{"@type":"ListItem","position":1,"name":"Home","item":"https:\/\/truhengeraete.de\/"},{"@type":"ListItem","position":2,"name":"Kanalger\u00e4te","item":"https:\/\/truhengeraete.de\/index.php\/kanalgeraeterekuperator\/"},{"@type":"ListItem","position":3,"name":"W\u00e4rmepumpe"}]}]}},"jetpack_sharing_enabled":true,"jetpack_shortlink":"https:\/\/wp.me\/P7eY70-1t","_links":{"self":[{"href":"https:\/\/truhengeraete.de\/index.php\/wp-json\/wp\/v2\/pages\/91"}],"collection":[{"href":"https:\/\/truhengeraete.de\/index.php\/wp-json\/wp\/v2\/pages"}],"about":[{"href":"https:\/\/truhengeraete.de\/index.php\/wp-json\/wp\/v2\/types\/page"}],"author":[{"embeddable":true,"href":"https:\/\/truhengeraete.de\/index.php\/wp-json\/wp\/v2\/users\/1"}],"replies":[{"embeddable":true,"href":"https:\/\/truhengeraete.de\/index.php\/wp-json\/wp\/v2\/comments?post=91"}],"version-history":[{"count":14,"href":"https:\/\/truhengeraete.de\/index.php\/wp-json\/wp\/v2\/pages\/91\/revisions"}],"predecessor-version":[{"id":459,"href":"https:\/\/truhengeraete.de\/index.php\/wp-json\/wp\/v2\/pages\/91\/revisions\/459"}],"up":[{"embeddable":true,"href":"https:\/\/truhengeraete.de\/index.php\/wp-json\/wp\/v2\/pages\/82"}],"wp:attachment":[{"href":"https:\/\/truhengeraete.de\/index.php\/wp-json\/wp\/v2\/media?parent=91"}],"curies":[{"name":"wp","href":"https:\/\/api.w.org\/{rel}","templated":true}]}}