{"id":82,"date":"2016-02-14T11:33:44","date_gmt":"2016-02-14T10:33:44","guid":{"rendered":"https:\/\/test.truhengeraete.de\/?page_id=82"},"modified":"2016-02-28T16:16:12","modified_gmt":"2016-02-28T15:16:12","slug":"kanalgeraeterekuperator","status":"publish","type":"page","link":"https:\/\/truhengeraete.de\/index.php\/kanalgeraeterekuperator\/","title":{"rendered":"Kanalger\u00e4te"},"content":{"rendered":"<p><strong>In den jeweiligen Links erhalten Sie Informationen zu den verschiedenen Ger\u00e4tetypen und deren Einsatzm\u00f6glichkeiten.<\/strong><\/p>\n<p>Diese Ger\u00e4te werden individuell hergestellt und angepa\u00dft, sowohl in der Bauart als auch in der Regelung. Die Einbringungsm\u00f6glichkeiten und der verf\u00fcgbare Aufstellplatz sind meistens nicht gro\u00dfz\u00fcgig ausgelegt. Daher ist eine Ger\u00e4teanpassung preiswerter als bauliche \u00c4nderungen.<\/p>\n<p>Auch die Anordnung der Kanalanschl\u00fcsse ist oft vorgegeben. Mit der richtigen Ger\u00e4tekonstruktion spart man Kanalmaterial und den entsprechenden Zeitaufwand bei der Installation.<\/p>\n<p>Die Einbindung in die eigene Geb\u00e4udeautomation, z.B. KNX, ist komfortabel, um bei einem Bedienkonzept bleiben zu k\u00f6nnen. Dies ist mit unseren Ger\u00e4ten realisierbar.<\/p>\n<p>Weitere Anwendungen, z.B. Whirlpoolregelung, Lichtsteuerungen, Anbindung an OSPA oder osf, Einbindung von Pro Minent uvm. sind\u00a0m\u00f6glich.<\/p>\n<p>&nbsp;<\/p>\n","protected":false},"excerpt":{"rendered":"<p>In den jeweiligen Links erhalten Sie Informationen zu den verschiedenen Ger\u00e4tetypen und deren Einsatzm\u00f6glichkeiten. Diese Ger\u00e4te werden individuell hergestellt und angepa\u00dft, sowohl in der Bauart als auch in der Regelung. Die Einbringungsm\u00f6glichkeiten und der verf\u00fcgbare Aufstellplatz sind meistens nicht gro\u00dfz\u00fcgig ausgelegt. Daher ist eine Ger\u00e4teanpassung preiswerter als bauliche \u00c4nderungen. Auch die Anordnung der Kanalanschl\u00fcsse ist [&hellip;]<\/p>\n","protected":false},"author":1,"featured_media":0,"parent":0,"menu_order":0,"comment_status":"closed","ping_status":"closed","template":"","meta":{"spay_email":""},"yoast_head":"<!-- This site is optimized with the Yoast SEO plugin v17.8 - https:\/\/yoast.com\/wordpress\/plugins\/seo\/ -->\n<meta name=\"robots\" content=\"index, follow, max-snippet:-1, max-image-preview:large, max-video-preview:-1\" \/>\n<link rel=\"canonical\" href=\"https:\/\/truhengeraete.de\/index.php\/kanalgeraeterekuperator\/\" \/>\n<meta property=\"og:locale\" content=\"de_DE\" \/>\n<meta property=\"og:type\" content=\"article\" \/>\n<meta property=\"og:title\" content=\"Kanalger\u00e4te - Entwicklung und Herstellung von Schwimmhallenklimager\u00e4ten\" \/>\n<meta property=\"og:description\" content=\"In den jeweiligen Links erhalten Sie Informationen zu den verschiedenen Ger\u00e4tetypen und deren Einsatzm\u00f6glichkeiten. Diese Ger\u00e4te werden individuell hergestellt und angepa\u00dft, sowohl in der Bauart als auch in der Regelung. Die Einbringungsm\u00f6glichkeiten und der verf\u00fcgbare Aufstellplatz sind meistens nicht gro\u00dfz\u00fcgig ausgelegt. Daher ist eine Ger\u00e4teanpassung preiswerter als bauliche \u00c4nderungen. Auch die Anordnung der Kanalanschl\u00fcsse ist [&hellip;]\" \/>\n<meta property=\"og:url\" content=\"https:\/\/truhengeraete.de\/index.php\/kanalgeraeterekuperator\/\" \/>\n<meta property=\"og:site_name\" content=\"Entwicklung und Herstellung von Schwimmhallenklimager\u00e4ten\" \/>\n<meta property=\"article:modified_time\" content=\"2016-02-28T15:16:12+00:00\" \/>\n<meta name=\"twitter:card\" content=\"summary\" \/>\n<meta name=\"twitter:label1\" content=\"Gesch\u00e4tzte Lesezeit\" \/>\n\t<meta name=\"twitter:data1\" content=\"1\u00a0Minute\" \/>\n<script type=\"application\/ld+json\" class=\"yoast-schema-graph\">{\"@context\":\"https:\/\/schema.org\",\"@graph\":[{\"@type\":\"Organization\",\"@id\":\"https:\/\/truhengeraete.de\/#organization\",\"name\":\"enkho GmbH & Co. KG\",\"url\":\"https:\/\/truhengeraete.de\/\",\"sameAs\":[],\"logo\":{\"@type\":\"ImageObject\",\"@id\":\"https:\/\/truhengeraete.de\/#logo\",\"inLanguage\":\"de\",\"url\":\"https:\/\/i2.wp.com\/truhengeraete.de\/wp-content\/uploads\/2016\/02\/enkhologo_0.jpg?fit=532%2C120&ssl=1\",\"contentUrl\":\"https:\/\/i2.wp.com\/truhengeraete.de\/wp-content\/uploads\/2016\/02\/enkhologo_0.jpg?fit=532%2C120&ssl=1\",\"width\":532,\"height\":120,\"caption\":\"enkho GmbH & Co. KG\"},\"image\":{\"@id\":\"https:\/\/truhengeraete.de\/#logo\"}},{\"@type\":\"WebSite\",\"@id\":\"https:\/\/truhengeraete.de\/#website\",\"url\":\"https:\/\/truhengeraete.de\/\",\"name\":\"Entwicklung und Herstellung von Schwimmhallenklimager\\u00e4ten\",\"description\":\"enkho GmbH\",\"publisher\":{\"@id\":\"https:\/\/truhengeraete.de\/#organization\"},\"potentialAction\":[{\"@type\":\"SearchAction\",\"target\":{\"@type\":\"EntryPoint\",\"urlTemplate\":\"https:\/\/truhengeraete.de\/?s={search_term_string}\"},\"query-input\":\"required name=search_term_string\"}],\"inLanguage\":\"de\"},{\"@type\":\"WebPage\",\"@id\":\"https:\/\/truhengeraete.de\/index.php\/kanalgeraeterekuperator\/#webpage\",\"url\":\"https:\/\/truhengeraete.de\/index.php\/kanalgeraeterekuperator\/\",\"name\":\"Kanalger\\u00e4te - Entwicklung und Herstellung von Schwimmhallenklimager\\u00e4ten\",\"isPartOf\":{\"@id\":\"https:\/\/truhengeraete.de\/#website\"},\"datePublished\":\"2016-02-14T10:33:44+00:00\",\"dateModified\":\"2016-02-28T15:16:12+00:00\",\"breadcrumb\":{\"@id\":\"https:\/\/truhengeraete.de\/index.php\/kanalgeraeterekuperator\/#breadcrumb\"},\"inLanguage\":\"de\",\"potentialAction\":[{\"@type\":\"ReadAction\",\"target\":[\"https:\/\/truhengeraete.de\/index.php\/kanalgeraeterekuperator\/\"]}]},{\"@type\":\"BreadcrumbList\",\"@id\":\"https:\/\/truhengeraete.de\/index.php\/kanalgeraeterekuperator\/#breadcrumb\",\"itemListElement\":[{\"@type\":\"ListItem\",\"position\":1,\"name\":\"Home\",\"item\":\"https:\/\/truhengeraete.de\/\"},{\"@type\":\"ListItem\",\"position\":2,\"name\":\"Kanalger\\u00e4te\"}]}]}<\/script>\n<!-- \/ Yoast SEO plugin. -->","yoast_head_json":{"robots":{"index":"index","follow":"follow","max-snippet":"max-snippet:-1","max-image-preview":"max-image-preview:large","max-video-preview":"max-video-preview:-1"},"canonical":"https:\/\/truhengeraete.de\/index.php\/kanalgeraeterekuperator\/","og_locale":"de_DE","og_type":"article","og_title":"Kanalger\u00e4te - Entwicklung und Herstellung von Schwimmhallenklimager\u00e4ten","og_description":"In den jeweiligen Links erhalten Sie Informationen zu den verschiedenen Ger\u00e4tetypen und deren Einsatzm\u00f6glichkeiten. Diese Ger\u00e4te werden individuell hergestellt und angepa\u00dft, sowohl in der Bauart als auch in der Regelung. Die Einbringungsm\u00f6glichkeiten und der verf\u00fcgbare Aufstellplatz sind meistens nicht gro\u00dfz\u00fcgig ausgelegt. Daher ist eine Ger\u00e4teanpassung preiswerter als bauliche \u00c4nderungen. Auch die Anordnung der Kanalanschl\u00fcsse ist [&hellip;]","og_url":"https:\/\/truhengeraete.de\/index.php\/kanalgeraeterekuperator\/","og_site_name":"Entwicklung und Herstellung von Schwimmhallenklimager\u00e4ten","article_modified_time":"2016-02-28T15:16:12+00:00","twitter_card":"summary","twitter_misc":{"Gesch\u00e4tzte Lesezeit":"1\u00a0Minute"},"schema":{"@context":"https:\/\/schema.org","@graph":[{"@type":"Organization","@id":"https:\/\/truhengeraete.de\/#organization","name":"enkho GmbH & Co. KG","url":"https:\/\/truhengeraete.de\/","sameAs":[],"logo":{"@type":"ImageObject","@id":"https:\/\/truhengeraete.de\/#logo","inLanguage":"de","url":"https:\/\/i2.wp.com\/truhengeraete.de\/wp-content\/uploads\/2016\/02\/enkhologo_0.jpg?fit=532%2C120&ssl=1","contentUrl":"https:\/\/i2.wp.com\/truhengeraete.de\/wp-content\/uploads\/2016\/02\/enkhologo_0.jpg?fit=532%2C120&ssl=1","width":532,"height":120,"caption":"enkho GmbH & Co. KG"},"image":{"@id":"https:\/\/truhengeraete.de\/#logo"}},{"@type":"WebSite","@id":"https:\/\/truhengeraete.de\/#website","url":"https:\/\/truhengeraete.de\/","name":"Entwicklung und Herstellung von Schwimmhallenklimager\u00e4ten","description":"enkho GmbH","publisher":{"@id":"https:\/\/truhengeraete.de\/#organization"},"potentialAction":[{"@type":"SearchAction","target":{"@type":"EntryPoint","urlTemplate":"https:\/\/truhengeraete.de\/?s={search_term_string}"},"query-input":"required name=search_term_string"}],"inLanguage":"de"},{"@type":"WebPage","@id":"https:\/\/truhengeraete.de\/index.php\/kanalgeraeterekuperator\/#webpage","url":"https:\/\/truhengeraete.de\/index.php\/kanalgeraeterekuperator\/","name":"Kanalger\u00e4te - Entwicklung und Herstellung von Schwimmhallenklimager\u00e4ten","isPartOf":{"@id":"https:\/\/truhengeraete.de\/#website"},"datePublished":"2016-02-14T10:33:44+00:00","dateModified":"2016-02-28T15:16:12+00:00","breadcrumb":{"@id":"https:\/\/truhengeraete.de\/index.php\/kanalgeraeterekuperator\/#breadcrumb"},"inLanguage":"de","potentialAction":[{"@type":"ReadAction","target":["https:\/\/truhengeraete.de\/index.php\/kanalgeraeterekuperator\/"]}]},{"@type":"BreadcrumbList","@id":"https:\/\/truhengeraete.de\/index.php\/kanalgeraeterekuperator\/#breadcrumb","itemListElement":[{"@type":"ListItem","position":1,"name":"Home","item":"https:\/\/truhengeraete.de\/"},{"@type":"ListItem","position":2,"name":"Kanalger\u00e4te"}]}]}},"jetpack_sharing_enabled":true,"jetpack_shortlink":"https:\/\/wp.me\/P7eY70-1k","_links":{"self":[{"href":"https:\/\/truhengeraete.de\/index.php\/wp-json\/wp\/v2\/pages\/82"}],"collection":[{"href":"https:\/\/truhengeraete.de\/index.php\/wp-json\/wp\/v2\/pages"}],"about":[{"href":"https:\/\/truhengeraete.de\/index.php\/wp-json\/wp\/v2\/types\/page"}],"author":[{"embeddable":true,"href":"https:\/\/truhengeraete.de\/index.php\/wp-json\/wp\/v2\/users\/1"}],"replies":[{"embeddable":true,"href":"https:\/\/truhengeraete.de\/index.php\/wp-json\/wp\/v2\/comments?post=82"}],"version-history":[{"count":10,"href":"https:\/\/truhengeraete.de\/index.php\/wp-json\/wp\/v2\/pages\/82\/revisions"}],"predecessor-version":[{"id":446,"href":"https:\/\/truhengeraete.de\/index.php\/wp-json\/wp\/v2\/pages\/82\/revisions\/446"}],"wp:attachment":[{"href":"https:\/\/truhengeraete.de\/index.php\/wp-json\/wp\/v2\/media?parent=82"}],"curies":[{"name":"wp","href":"https:\/\/api.w.org\/{rel}","templated":true}]}}