{"id":402,"date":"2016-02-25T19:19:25","date_gmt":"2016-02-25T18:19:25","guid":{"rendered":"https:\/\/truhengeraete.de\/?page_id=402"},"modified":"2016-02-27T14:55:18","modified_gmt":"2016-02-27T13:55:18","slug":"spr","status":"publish","type":"page","link":"https:\/\/truhengeraete.de\/index.php\/truhengeraete\/spr\/","title":{"rendered":"SPR"},"content":{"rendered":"<div class=\"flex_column av_one_half  flex_column_div av-zero-column-padding first  \" style='border-radius:0px; '><div class='avia-image-container  av-styling-   avia-align-center '  itemscope=\"itemscope\" itemtype=\"https:\/\/schema.org\/ImageObject\"  ><div class='avia-image-container-inner'><a href='https:\/\/i1.wp.com\/truhengeraete.de\/wp-content\/uploads\/2016\/02\/SPR-frame-4-e1457385087945.png?fit=948%2C1024&ssl=1' class='avia_image'  ><img class='avia_image ' src='https:\/\/i1.wp.com\/truhengeraete.de\/wp-content\/uploads\/2016\/02\/SPR-frame-4-e1457385087945.png?fit=278%2C300&ssl=1' alt='' title='SPR'  itemprop=\"contentURL\"  \/><\/a><\/div><\/div><\/div>\n<div class=\"flex_column av_one_half  flex_column_div av-zero-column-padding   \" style='border-radius:0px; '><p><div style='padding-bottom:10px;' class='av-special-heading av-special-heading-h3    '><h3 class='av-special-heading-tag'  itemprop=\"headline\"  >Technische Daten<\/h3><div class='special-heading-border'><div class='special-heading-inner-border' ><\/div><\/div><\/div><br \/>\n<div class='avia-icon-list-container '><ul class='avia-icon-list avia-icon-list-left avia_animate_when_almost_visible'>\n<li><a href='https:\/\/truhengeraete.de\/wp-content\/uploads\/2016\/02\/SPR_Daten_130-260.pdf' title='SPR Daten 130-260'  target=\"_blank\"   class='iconlist_icon avia-font-entypo-fontello'><span class='iconlist-char' aria-hidden='true' data-av_icon='\ue84d' data-av_iconfont='entypo-fontello'><\/span><\/a><article class=\"article-icon-entry av-iconlist-empty\"  itemscope=\"itemscope\" itemtype=\"https:\/\/schema.org\/CreativeWork\" ><div class='iconlist_content_wrap'><header class=\"entry-content-header\"><h4 class='iconlist_title'  itemprop=\"headline\"  ><a href='https:\/\/truhengeraete.de\/wp-content\/uploads\/2016\/02\/SPR_Daten_130-260.pdf' title='SPR Daten 130-260' target=\"_blank\" >SPR Daten 130-260<\/a><\/h4><\/header><div class='iconlist_content '  itemprop=\"text\"  ><\/div><\/div><footer class=\"entry-footer\"><\/footer><\/article><div class='iconlist-timeline'><\/div><\/li>\n<li><a href='https:\/\/truhengeraete.de\/wp-content\/uploads\/2016\/02\/SPR_Daten_300-580.pdf' title='SPR Daten 300-580'  target=\"_blank\"   class='iconlist_icon avia-font-entypo-fontello'><span class='iconlist-char' aria-hidden='true' data-av_icon='\ue84d' data-av_iconfont='entypo-fontello'><\/span><\/a><article class=\"article-icon-entry av-iconlist-empty\"  itemscope=\"itemscope\" itemtype=\"https:\/\/schema.org\/CreativeWork\" ><div class='iconlist_content_wrap'><header class=\"entry-content-header\"><h4 class='iconlist_title'  itemprop=\"headline\"  ><a href='https:\/\/truhengeraete.de\/wp-content\/uploads\/2016\/02\/SPR_Daten_300-580.pdf' title='SPR Daten 300-580' target=\"_blank\" >SPR Daten 300-580<\/a><\/h4><\/header><div class='iconlist_content '  itemprop=\"text\"  ><\/div><\/div><footer class=\"entry-footer\"><\/footer><\/article><div class='iconlist-timeline'><\/div><\/li>\n<li><a href='https:\/\/truhengeraete.de\/wp-content\/uploads\/2016\/02\/SPR_Daten_750-1400.pdf' title='SPR Daten 750-1400'  target=\"_blank\"   class='iconlist_icon avia-font-entypo-fontello'><span class='iconlist-char' aria-hidden='true' data-av_icon='\ue84d' data-av_iconfont='entypo-fontello'><\/span><\/a><article class=\"article-icon-entry av-iconlist-empty\"  itemscope=\"itemscope\" itemtype=\"https:\/\/schema.org\/CreativeWork\" ><div class='iconlist_content_wrap'><header class=\"entry-content-header\"><h4 class='iconlist_title'  itemprop=\"headline\"  ><a href='https:\/\/truhengeraete.de\/wp-content\/uploads\/2016\/02\/SPR_Daten_750-1400.pdf' title='SPR Daten 750-1400' target=\"_blank\" >SPR Daten 750-1400<\/a><\/h4><\/header><div class='iconlist_content '  itemprop=\"text\"  ><\/div><\/div><footer class=\"entry-footer\"><\/footer><\/article><div class='iconlist-timeline'><\/div><\/li>\n<\/ul><\/div><\/p><\/div>\n<div class=\"flex_column av_one_full  flex_column_div av-zero-column-padding first  \" style='border-radius:0px; '><section class=\"av_textblock_section\"  itemscope=\"itemscope\" itemtype=\"https:\/\/schema.org\/CreativeWork\" ><div class='avia_textblock '   itemprop=\"text\" ><div class=\"page\" title=\"Page 1\">\n<div class=\"section\">\n<div class=\"layoutArea\">\n<div class=\"column\">\n<p><strong>Klimager\u00e4t mit mehrstufiger W\u00e4rmer\u00fcckgewinnung zum Kanalanschlu\u00df mit Au\u00dfen-Fortluftbetrieb (Rekuperator und W\u00e4rmepumpe)<\/strong><\/p>\n<p><strong>Geh\u00e4use<\/strong><\/p>\n<p>Geh\u00e4usekonstruktion aus verzinktem und beschichtetem Stahlblech, doppelschaliges Geh\u00e4use mit zwischenliegender, unbrennbarer Isolierung, Schrauben und Verbindungsteile aus Edelstahl oder Kunststoff, Servicet\u00fcren mit Griffen versehen, Anschlu\u00df f\u00fcr PUR-Kan\u00e4le, flexible Anschlu\u00dfstutzen f\u00fcr Blechkan\u00e4le (Zusatzausr\u00fcstung), D\u00e4mpfungs- und Gleitschutzelemente zur Ger\u00e4teaufstellung.<\/p>\n<p><strong>Ventilatoren<\/strong><\/p>\n<p>Freilaufende, r\u00fcckw\u00e4rtsgekr\u00fcmmte Hochleistungsl\u00fcfterr\u00e4der, energieoptimierte EC-Au\u00dfenl\u00e4ufermotoren mit integrierter Kommutierungseinheit (DIN EN 61000-3-2), R\u00e4der nach DIN ISO 1940 in zwei Ebenen dynamisch gewuchtet, Sanftanlauf, Verpolschutz, Blockierschutz, stufenlose Drehzahlregelung \u00fcber Linear-Eingang VDC, wartungsfrei, anschlussfertig verdrahtet.<\/p>\n<p><strong>Luftfilter<\/strong><\/p>\n<p>2 Filterzellen Klasse G4 DIN EN 779 f\u00fcr die Ab- und Au\u00dfenluft, ausziehbar. Optional sind die Filter in M5 (Abluft) und F7 (Au\u00dfenluft) bestellbar.<\/p>\n<p><strong>Luftregelklappen<\/strong><\/p>\n<p>Luftregelklappen f\u00fcr Au\u00dfen- und Abluft nach DIN 1946 aus stabilen gegenl\u00e4ufigen Hohlk\u00f6rperlamellen mit eingelegter Spezialdichtung, Zahnr\u00e4der aus hochwertigem alterungs- und temperaturbest\u00e4ndigem Polyamid, Antrieb \u00fcber elektronische Stellmotoren, automatische Verschlu\u00dfklappe f\u00fcr die Fortluft.<\/p>\n<p><strong>W\u00e4rmepumpe<\/strong><\/p>\n<p>Direktverdampfer aus Kupferrohr mit aufgepre\u00dften und spezialbeschichteten Alu- miniumlamellen, Kondensatwanne mit Ablaufleitung im Wannenboden, Kondensator aus Kupferrohr mit aufgepre\u00dften Aluminiumlamellen, vollhermetischer K\u00e4lte- scrollverdichter f\u00fcr geringeren Energieverbrauch sowie niedrigere Schallwerte und Vibrationen, schwingungsged\u00e4mpft montiert, Expansionsventil, K\u00e4ltemitteltrockner, Armaturen, Regel- und Schutzkomponenten, mit K\u00e4ltemittel gef\u00fcllt.<\/p>\n<p><strong>Rekuperator<\/strong><\/p>\n<p>Kreuzstromplattenw\u00e4rmetauscher, Aluminiumplatten mit zus\u00e4tzlicher Abdichtung, doppelte Verfalzung der Einstr\u00f6mkanten, chlorbest\u00e4ndig, hochgradig alterungsbest\u00e4ndig, hohe Wirkungsgrade und kleinstm\u00f6gliche Druckverluste durch spezielle Plattenstruktur, optimale Wirkungsgrade, Kondensatwanne mit Ablaufleitung.<\/p>\n<p><strong>Heizregister<\/strong><\/p>\n<p>Pumpenwarmwasser-Lufterhitzer aus Kupferrohren mit aufgepre\u00dften Aluminiumlamellen, 3-Wege-Regelventil, Frostschutz\u00fcberwachung, Ansteuerung einer bauseitigen Heizungspumpe.<\/p>\n<div class=\"page\" title=\"Page 2\">\n<div class=\"section\">\n<div class=\"layoutArea\">\n<div class=\"column\">\n<p><strong>Steuerung<\/strong><\/p>\n<p>SPS mit digitalen und analogen Ein- und Ausg\u00e4ngen, Anlagenbedienung \u00fcber separates LCD-Display zur Wandmontage mit Datenkabel, Feuchte- und Temperatursensoren, Regelung der Temperatur und Feuchte, Au\u00dfenluftbeimischung einstellbar passend zur Benutzungsart des Bades, Uhrzeitprogramme, Filter\u00fcberwachung, Alarmmanagement, \u00dcberwachung des K\u00e4ltekreislaufs, Manometer zur Anzeige der K\u00e4ltedr\u00fccke von Nieder- und Hochdruck, Sanftanlauf f\u00fcr K\u00e4ltescrollverdichter ab Baugr\u00f6\u00dfe 350, fertig verdrahteter Schaltkasten am Ger\u00e4t mit Verkabelung aller Ger\u00e4tekomponenten, Klemmen f\u00fcr die Hauptstromeinspeisung, Reparaturschalter, Sicherungen, Sch\u00fctze, Relais, Schutzschalter, Schaltnetzteil usw., Klemmleiste f\u00fcr Me\u00df- und Steuersignale, Kontakt zur Ansteuerung einer bauseitigen Heizungspumpe.<\/p>\n<\/div>\n<\/div>\n<div class=\"layoutArea\"><\/div>\n<div class=\"layoutArea\"><\/div>\n<div class=\"layoutArea\"><\/div>\n<\/div>\n<\/div>\n<\/div>\n<\/div>\n<\/div>\n<\/div>\n<\/div><\/section><br \/>\n<section class=\"av_textblock_section\"  itemscope=\"itemscope\" itemtype=\"https:\/\/schema.org\/CreativeWork\" ><div class='avia_textblock '   itemprop=\"text\" ><div class=\"page\" title=\"Page 1\">\n<div class=\"section\">\n<div class=\"layoutArea\">\n<div class=\"column\">\n<div class=\"page\" title=\"Page 2\">\n<div class=\"section\">\n<div class=\"layoutArea\"><\/div>\n<div class=\"layoutArea\"><\/div>\n<div class=\"layoutArea\">\n<div class=\"column\">\n<p><em><strong>Zusatzausstattungen:<\/strong><\/em><\/p>\n<p><strong>Luftfilter f\u00fcr \u00f6ffentliche Anwendungen<br \/>\n<\/strong>Filterklasse M5 f\u00fcr Abluft und F7 f\u00fcr Au\u00dfenluft<\/p>\n<p><strong>Volumenstromregelung<\/strong><br \/>\nmit Einstellung der Soll-Luftmenge am LCD-Display. Automatische Einregulierung der Luftmenge entsprechend des Druckverlustes im Kanalsystem. Steigende Druckverluste durch Filterverschmutzung werden ausgeregelt. Standard ab Baugr\u00f6\u00dfe 750.<\/p>\n<\/div>\n<\/div>\n<div class=\"layoutArea\">\n<div class=\"column\">\n<p><strong>RS485-Schnittstelle<br \/>\n<\/strong>RS485-Bus-f\u00fcr Remote-\u00dcberwachung<\/p>\n<p><strong>Flexible Verbindung f\u00fcr Blechkan\u00e4le<br \/>\n<\/strong>Segeltuchstutzen L=150mm, Flansch 30mm verzinkt<\/p>\n<p><strong>Au\u00dfenaufstellung<\/strong><br \/>\nGeh\u00e4useerweiterung f\u00fcr Au\u00dfenaufstellung<\/p>\n<\/div>\n<\/div>\n<\/div>\n<\/div>\n<\/div>\n<\/div>\n<\/div>\n<\/div>\n<\/div><\/section><\/p><\/div>\n","protected":false},"excerpt":{"rendered":"","protected":false},"author":1,"featured_media":0,"parent":10,"menu_order":2,"comment_status":"closed","ping_status":"closed","template":"","meta":{"spay_email":""},"yoast_head":"<!-- This site is optimized with the Yoast SEO plugin v17.8 - https:\/\/yoast.com\/wordpress\/plugins\/seo\/ -->\n<meta name=\"robots\" content=\"index, follow, max-snippet:-1, max-image-preview:large, max-video-preview:-1\" \/>\n<link rel=\"canonical\" href=\"https:\/\/truhengeraete.de\/index.php\/truhengeraete\/spr\/\" \/>\n<meta property=\"og:locale\" content=\"de_DE\" \/>\n<meta property=\"og:type\" content=\"article\" \/>\n<meta property=\"og:title\" content=\"SPR - Entwicklung und Herstellung von Schwimmhallenklimager\u00e4ten\" \/>\n<meta property=\"og:url\" content=\"https:\/\/truhengeraete.de\/index.php\/truhengeraete\/spr\/\" \/>\n<meta property=\"og:site_name\" content=\"Entwicklung und Herstellung von Schwimmhallenklimager\u00e4ten\" \/>\n<meta property=\"article:modified_time\" content=\"2016-02-27T13:55:18+00:00\" \/>\n<meta name=\"twitter:card\" content=\"summary\" \/>\n<meta name=\"twitter:label1\" content=\"Gesch\u00e4tzte Lesezeit\" \/>\n\t<meta name=\"twitter:data1\" content=\"4\u00a0Minuten\" \/>\n<script type=\"application\/ld+json\" class=\"yoast-schema-graph\">{\"@context\":\"https:\/\/schema.org\",\"@graph\":[{\"@type\":\"Organization\",\"@id\":\"https:\/\/truhengeraete.de\/#organization\",\"name\":\"enkho GmbH & Co. KG\",\"url\":\"https:\/\/truhengeraete.de\/\",\"sameAs\":[],\"logo\":{\"@type\":\"ImageObject\",\"@id\":\"https:\/\/truhengeraete.de\/#logo\",\"inLanguage\":\"de\",\"url\":\"https:\/\/i2.wp.com\/truhengeraete.de\/wp-content\/uploads\/2016\/02\/enkhologo_0.jpg?fit=532%2C120&ssl=1\",\"contentUrl\":\"https:\/\/i2.wp.com\/truhengeraete.de\/wp-content\/uploads\/2016\/02\/enkhologo_0.jpg?fit=532%2C120&ssl=1\",\"width\":532,\"height\":120,\"caption\":\"enkho GmbH & Co. KG\"},\"image\":{\"@id\":\"https:\/\/truhengeraete.de\/#logo\"}},{\"@type\":\"WebSite\",\"@id\":\"https:\/\/truhengeraete.de\/#website\",\"url\":\"https:\/\/truhengeraete.de\/\",\"name\":\"Entwicklung und Herstellung von Schwimmhallenklimager\\u00e4ten\",\"description\":\"enkho GmbH\",\"publisher\":{\"@id\":\"https:\/\/truhengeraete.de\/#organization\"},\"potentialAction\":[{\"@type\":\"SearchAction\",\"target\":{\"@type\":\"EntryPoint\",\"urlTemplate\":\"https:\/\/truhengeraete.de\/?s={search_term_string}\"},\"query-input\":\"required name=search_term_string\"}],\"inLanguage\":\"de\"},{\"@type\":\"WebPage\",\"@id\":\"https:\/\/truhengeraete.de\/index.php\/truhengeraete\/spr\/#webpage\",\"url\":\"https:\/\/truhengeraete.de\/index.php\/truhengeraete\/spr\/\",\"name\":\"SPR - Entwicklung und Herstellung von Schwimmhallenklimager\\u00e4ten\",\"isPartOf\":{\"@id\":\"https:\/\/truhengeraete.de\/#website\"},\"datePublished\":\"2016-02-25T18:19:25+00:00\",\"dateModified\":\"2016-02-27T13:55:18+00:00\",\"breadcrumb\":{\"@id\":\"https:\/\/truhengeraete.de\/index.php\/truhengeraete\/spr\/#breadcrumb\"},\"inLanguage\":\"de\",\"potentialAction\":[{\"@type\":\"ReadAction\",\"target\":[\"https:\/\/truhengeraete.de\/index.php\/truhengeraete\/spr\/\"]}]},{\"@type\":\"BreadcrumbList\",\"@id\":\"https:\/\/truhengeraete.de\/index.php\/truhengeraete\/spr\/#breadcrumb\",\"itemListElement\":[{\"@type\":\"ListItem\",\"position\":1,\"name\":\"Home\",\"item\":\"https:\/\/truhengeraete.de\/\"},{\"@type\":\"ListItem\",\"position\":2,\"name\":\"Truhenger\\u00e4te\",\"item\":\"https:\/\/truhengeraete.de\/\"},{\"@type\":\"ListItem\",\"position\":3,\"name\":\"SPR\"}]}]}<\/script>\n<!-- \/ Yoast SEO plugin. -->","yoast_head_json":{"robots":{"index":"index","follow":"follow","max-snippet":"max-snippet:-1","max-image-preview":"max-image-preview:large","max-video-preview":"max-video-preview:-1"},"canonical":"https:\/\/truhengeraete.de\/index.php\/truhengeraete\/spr\/","og_locale":"de_DE","og_type":"article","og_title":"SPR - Entwicklung und Herstellung von Schwimmhallenklimager\u00e4ten","og_url":"https:\/\/truhengeraete.de\/index.php\/truhengeraete\/spr\/","og_site_name":"Entwicklung und Herstellung von Schwimmhallenklimager\u00e4ten","article_modified_time":"2016-02-27T13:55:18+00:00","twitter_card":"summary","twitter_misc":{"Gesch\u00e4tzte Lesezeit":"4\u00a0Minuten"},"schema":{"@context":"https:\/\/schema.org","@graph":[{"@type":"Organization","@id":"https:\/\/truhengeraete.de\/#organization","name":"enkho GmbH & Co. KG","url":"https:\/\/truhengeraete.de\/","sameAs":[],"logo":{"@type":"ImageObject","@id":"https:\/\/truhengeraete.de\/#logo","inLanguage":"de","url":"https:\/\/i2.wp.com\/truhengeraete.de\/wp-content\/uploads\/2016\/02\/enkhologo_0.jpg?fit=532%2C120&ssl=1","contentUrl":"https:\/\/i2.wp.com\/truhengeraete.de\/wp-content\/uploads\/2016\/02\/enkhologo_0.jpg?fit=532%2C120&ssl=1","width":532,"height":120,"caption":"enkho GmbH & Co. KG"},"image":{"@id":"https:\/\/truhengeraete.de\/#logo"}},{"@type":"WebSite","@id":"https:\/\/truhengeraete.de\/#website","url":"https:\/\/truhengeraete.de\/","name":"Entwicklung und Herstellung von Schwimmhallenklimager\u00e4ten","description":"enkho GmbH","publisher":{"@id":"https:\/\/truhengeraete.de\/#organization"},"potentialAction":[{"@type":"SearchAction","target":{"@type":"EntryPoint","urlTemplate":"https:\/\/truhengeraete.de\/?s={search_term_string}"},"query-input":"required name=search_term_string"}],"inLanguage":"de"},{"@type":"WebPage","@id":"https:\/\/truhengeraete.de\/index.php\/truhengeraete\/spr\/#webpage","url":"https:\/\/truhengeraete.de\/index.php\/truhengeraete\/spr\/","name":"SPR - Entwicklung und Herstellung von Schwimmhallenklimager\u00e4ten","isPartOf":{"@id":"https:\/\/truhengeraete.de\/#website"},"datePublished":"2016-02-25T18:19:25+00:00","dateModified":"2016-02-27T13:55:18+00:00","breadcrumb":{"@id":"https:\/\/truhengeraete.de\/index.php\/truhengeraete\/spr\/#breadcrumb"},"inLanguage":"de","potentialAction":[{"@type":"ReadAction","target":["https:\/\/truhengeraete.de\/index.php\/truhengeraete\/spr\/"]}]},{"@type":"BreadcrumbList","@id":"https:\/\/truhengeraete.de\/index.php\/truhengeraete\/spr\/#breadcrumb","itemListElement":[{"@type":"ListItem","position":1,"name":"Home","item":"https:\/\/truhengeraete.de\/"},{"@type":"ListItem","position":2,"name":"Truhenger\u00e4te","item":"https:\/\/truhengeraete.de\/"},{"@type":"ListItem","position":3,"name":"SPR"}]}]}},"jetpack_sharing_enabled":true,"jetpack_shortlink":"https:\/\/wp.me\/P7eY70-6u","_links":{"self":[{"href":"https:\/\/truhengeraete.de\/index.php\/wp-json\/wp\/v2\/pages\/402"}],"collection":[{"href":"https:\/\/truhengeraete.de\/index.php\/wp-json\/wp\/v2\/pages"}],"about":[{"href":"https:\/\/truhengeraete.de\/index.php\/wp-json\/wp\/v2\/types\/page"}],"author":[{"embeddable":true,"href":"https:\/\/truhengeraete.de\/index.php\/wp-json\/wp\/v2\/users\/1"}],"replies":[{"embeddable":true,"href":"https:\/\/truhengeraete.de\/index.php\/wp-json\/wp\/v2\/comments?post=402"}],"version-history":[{"count":15,"href":"https:\/\/truhengeraete.de\/index.php\/wp-json\/wp\/v2\/pages\/402\/revisions"}],"predecessor-version":[{"id":451,"href":"https:\/\/truhengeraete.de\/index.php\/wp-json\/wp\/v2\/pages\/402\/revisions\/451"}],"up":[{"embeddable":true,"href":"https:\/\/truhengeraete.de\/index.php\/wp-json\/wp\/v2\/pages\/10"}],"wp:attachment":[{"href":"https:\/\/truhengeraete.de\/index.php\/wp-json\/wp\/v2\/media?parent=402"}],"curies":[{"name":"wp","href":"https:\/\/api.w.org\/{rel}","templated":true}]}}