{"id":28,"date":"2016-02-13T21:24:32","date_gmt":"2016-02-13T20:24:32","guid":{"rendered":"https:\/\/test.truhengeraete.de\/?page_id=28"},"modified":"2016-03-04T11:18:29","modified_gmt":"2016-03-04T10:18:29","slug":"typ-dds","status":"publish","type":"page","link":"https:\/\/truhengeraete.de\/index.php\/truhengeraete\/typ-dds\/","title":{"rendered":"DDS \/ DVS \/ DCS"},"content":{"rendered":"<div class=\"flex_column av_one_third  flex_column_div av-zero-column-padding first  \" style='border-radius:0px; '><p><div style='padding-bottom:10px;' class='av-special-heading av-special-heading-h3  blockquote modern-quote modern-centered  '><h3 class='av-special-heading-tag'  itemprop=\"headline\"  >Truhenger\u00e4t Typ DDS<\/h3><div class='special-heading-border'><div class='special-heading-inner-border' ><\/div><\/div><\/div><br \/>\n<div class='avia-image-container  av-styling-circle av-hover-grow noHover  av-overlay-on-hover  avia-align-center '  itemscope=\"itemscope\" itemtype=\"https:\/\/schema.org\/ImageObject\"  ><div class='avia-image-container-inner'><a href='https:\/\/i2.wp.com\/truhengeraete.de\/wp-content\/uploads\/2016\/02\/DDS-1.png?fit=1024%2C576&ssl=1' class='avia_image'  ><div class='av-image-caption-overlay'><div class='av-caption-image-overlay-bg' style='opacity:0.4; '><\/div><div class='av-image-caption-overlay-position'><div class='av-image-caption-overlay-center' style='color:#0070e8; font-size:28px; '><p>Klick mich!<\/p>\n<\/div><\/div><\/div><img class='avia_image ' src='https:\/\/i2.wp.com\/truhengeraete.de\/wp-content\/uploads\/2016\/02\/DDS-1.png?fit=1024%2C576&ssl=1' alt='' title='Truhenger\u00e4t Typ DDS'  itemprop=\"contentURL\"  \/><\/a><\/div><\/div><\/p><\/div>\n<div class=\"flex_column av_one_third  flex_column_div av-zero-column-padding   \" style='border-radius:0px; '><p><div style='padding-bottom:10px;' class='av-special-heading av-special-heading-h3  blockquote modern-quote modern-centered '><h3 class='av-special-heading-tag'  itemprop=\"headline\"  >DDS vs. DCS<\/h3><div class='special-heading-border'><div class='special-heading-inner-border' ><\/div><\/div><\/div><br \/>\n<div class='avia-image-container  av-styling-circle av-hover-grow noHover  av-overlay-on-hover  avia-align-center '  itemscope=\"itemscope\" itemtype=\"https:\/\/schema.org\/ImageObject\"  ><div class='avia-image-container-inner'><a href='https:\/\/i1.wp.com\/truhengeraete.de\/wp-content\/uploads\/2016\/02\/ddsvsdcs.jpg?fit=690%2C380&ssl=1' class='avia_image'  ><div class='av-image-caption-overlay'><div class='av-caption-image-overlay-bg' style='opacity:0.4; '><\/div><div class='av-image-caption-overlay-position'><div class='av-image-caption-overlay-center' style='color:#0070e8; font-size:28px; '><p>Klick mich!<\/p>\n<\/div><\/div><\/div><img class='avia_image ' src='https:\/\/i1.wp.com\/truhengeraete.de\/wp-content\/uploads\/2016\/02\/ddsvsdcs.jpg?fit=300%2C165&ssl=1' alt='' title='DDS vs. DCS'  itemprop=\"contentURL\"  \/><\/a><\/div><\/div><\/p><\/div>\n<div class=\"flex_column av_one_third  flex_column_div av-zero-column-padding   \" style='border-radius:0px; '><p><div style='padding-bottom:10px;' class='av-special-heading av-special-heading-h3  blockquote modern-quote modern-centered  '><h3 class='av-special-heading-tag'  itemprop=\"headline\"  >Hinterwandger\u00e4t Typ DCS<\/h3><div class='special-heading-border'><div class='special-heading-inner-border' ><\/div><\/div><\/div><br \/>\n<div class='avia-image-container  av-styling-circle av-hover-grow noHover  av-overlay-on-hover  avia-align-center '  itemscope=\"itemscope\" itemtype=\"https:\/\/schema.org\/ImageObject\"  ><div class='avia-image-container-inner'><a href='https:\/\/i1.wp.com\/truhengeraete.de\/wp-content\/uploads\/2016\/02\/DCS-1.png?fit=1024%2C889&ssl=1' class='avia_image'  ><div class='av-image-caption-overlay'><div class='av-caption-image-overlay-bg' style='opacity:0.4; '><\/div><div class='av-image-caption-overlay-position'><div class='av-image-caption-overlay-center' style='color:#0070e8; font-size:28px; '><p>Klick mich!<\/p>\n<\/div><\/div><\/div><img class='avia_image ' src='https:\/\/i1.wp.com\/truhengeraete.de\/wp-content\/uploads\/2016\/02\/DCS-1.png?fit=300%2C261&ssl=1' alt='' title='Hinterwandger\u00e4t Typ DCS'  itemprop=\"contentURL\"  \/><\/a><\/div><\/div><\/p><\/div>\n<div class=\"flex_column av_one_third  flex_column_div av-zero-column-padding first  \" style='border-radius:0px; '><section class=\"av_textblock_section\"  itemscope=\"itemscope\" itemtype=\"https:\/\/schema.org\/CreativeWork\" ><div class='avia_textblock '   itemprop=\"text\" ><h5 style=\"text-align: left;\"><span style=\"color: #3366ff;\"><a style=\"color: #3366ff;\" href=\"https:\/\/test.truhengeraete.de\/wp-content\/uploads\/2016\/02\/DDS_Daten.pdf\" target=\"_blank\">Technische Daten Truhenger\u00e4t Typ DDS<\/a><\/span><\/h5>\n<\/div><\/section><br \/>\n<section class=\"av_textblock_section\"  itemscope=\"itemscope\" itemtype=\"https:\/\/schema.org\/CreativeWork\" ><div class='avia_textblock '   itemprop=\"text\" ><hr \/>\n<ul>\n<li>Lackiertes Geh\u00e4use in RAL9002<\/li>\n<li>standardm\u00e4\u00dfig mit Display und integriertem Feuchte- und Temperatursensor<\/li>\n<li>Scrollk\u00e4lteverdichter<\/li>\n<li>Bodenaufstellung oder Wandmontage<\/li>\n<li>effizientestes Klimak\u00e4ltemittel R410A<\/li>\n<li>Heizregister mit Ventil als Zusatzausstattung<\/li>\n<\/ul>\n<\/div><\/section><\/p><\/div>\n<div class=\"flex_column av_one_third  flex_column_div av-zero-column-padding   \" style='border-radius:0px; '><section class=\"av_textblock_section\"  itemscope=\"itemscope\" itemtype=\"https:\/\/schema.org\/CreativeWork\" ><div class='avia_textblock '   itemprop=\"text\" ><h5 style=\"text-align: left;\"><span style=\"color: #3366ff;\">Einsatzorte<\/span><\/h5>\n<h5 style=\"text-align: left;\"><\/h5>\n<\/div><\/section><br \/>\n<section class=\"av_textblock_section\"  itemscope=\"itemscope\" itemtype=\"https:\/\/schema.org\/CreativeWork\" ><div class='avia_textblock '  style='font-size:14px; '  itemprop=\"text\" ><p>DDS: Aufstellung oder Aufh\u00e4ngung in der Schwimmhalle<\/p>\n<p>DCS: Aufh\u00e4ngung in einem Nebenraum zur Schwimmhalle mit zwei Durchbr\u00fcchen zur Schwimmhalle und zwei L\u00fcftungsgittern zur Luftverteilung<\/p>\n<p>Truhenger\u00e4te werden eingesetzt, wenn keine Luftkan\u00e4le vorhanden sind und auch\u00a0nicht installiert werden k\u00f6nnen.<\/p>\n<\/div><\/section><\/p><\/div>\n<div class=\"flex_column av_one_third  flex_column_div av-zero-column-padding   \" style='border-radius:0px; '><section class=\"av_textblock_section\"  itemscope=\"itemscope\" itemtype=\"https:\/\/schema.org\/CreativeWork\" ><div class='avia_textblock '   itemprop=\"text\" ><h5 style=\"text-align: left;\"><span style=\"color: #3366ff;\"><a style=\"color: #3366ff;\" href=\"https:\/\/test.truhengeraete.de\/wp-content\/uploads\/2016\/02\/DCS_Daten.pdf\" target=\"_blank\">Technische Daten Truhenger\u00e4t Typ DCS<\/a><\/span><\/h5>\n<\/div><\/section><br \/>\n<section class=\"av_textblock_section\"  itemscope=\"itemscope\" itemtype=\"https:\/\/schema.org\/CreativeWork\" ><div class='avia_textblock '   itemprop=\"text\" ><hr \/>\n<ul>\n<li>Lackiertes Geh\u00e4use in RAL9002<\/li>\n<li>standardm\u00e4\u00dfig mit Display und integriertem Feuchte- und Temperatursensor<\/li>\n<li>Scrollk\u00e4lteverdichter<\/li>\n<li>Wandmontage<\/li>\n<li>effizientestes Klimak\u00e4ltemittel R410A<\/li>\n<li>Heizregister mit Ventil als Zusatzausstattung<\/li>\n<\/ul>\n<\/div><\/section><\/p><\/div>\n<div class=\"flex_column av_one_full  flex_column_div av-zero-column-padding first  \" style='border-radius:0px; '><p><div style='padding-bottom:10px;' class='av-special-heading av-special-heading-h3  blockquote modern-quote  '><h3 class='av-special-heading-tag'  itemprop=\"headline\"  >Truhenger\u00e4t Typ DVS<\/h3><div class='special-heading-border'><div class='special-heading-inner-border' ><\/div><\/div><\/div><br \/>\n<div class='avia-image-container  av-styling-   avia-align-left '  itemscope=\"itemscope\" itemtype=\"https:\/\/schema.org\/ImageObject\"  ><div class='avia-image-container-inner'><a href='https:\/\/i2.wp.com\/truhengeraete.de\/wp-content\/uploads\/2016\/02\/DVS_2.png?fit=603%2C1030&ssl=1' class='avia_image'  ><img class='avia_image ' src='https:\/\/i2.wp.com\/truhengeraete.de\/wp-content\/uploads\/2016\/02\/DVS_2.png?fit=176%2C300&ssl=1' alt='' title='DVS_2'  itemprop=\"contentURL\"  \/><\/a><\/div><\/div><br \/>\n<section class=\"av_textblock_section\"  itemscope=\"itemscope\" itemtype=\"https:\/\/schema.org\/CreativeWork\" ><div class='avia_textblock '   itemprop=\"text\" ><h5 style=\"text-align: left;\"><span style=\"color: #3366ff;\"><a href=\"https:\/\/truhengeraete.de\/wp-content\/uploads\/2016\/02\/DVS_Daten.pdf\" rel=\"\">Technische Daten Truhenger\u00e4t Typ DVS<\/a><\/span><\/h5>\n<\/div><\/section><br \/>\n<section class=\"av_textblock_section\"  itemscope=\"itemscope\" itemtype=\"https:\/\/schema.org\/CreativeWork\" ><div class='avia_textblock '   itemprop=\"text\" ><hr \/>\n<ul>\n<li>Aufstellung in der Schwimmhalle wie \u00fcbliche Truhenger\u00e4te (Bodenaufstellung)<\/li>\n<li>sehr kleiner Platzbedarf: 55x33cm bei Baugr\u00f6\u00dfen 70\/90\/100 bzw. 75x33cm bei Baugr\u00f6\u00dfen 160\/190\/210\/230<\/li>\n<li>Lackiertes Geh\u00e4use in RAL9002<\/li>\n<li>standardm\u00e4\u00dfig mit Display und integriertem Feuchte- und Temperatursensor<\/li>\n<li>Scrollk\u00e4lteverdichter<\/li>\n<li>effizientestes Klimak\u00e4ltemittel R410A<\/li>\n<li>Heizregister mit Ventil als Zusatzausstattung<\/li>\n<li>Ansaugung seitlich unten, Ausblas oben frontal<\/li>\n<\/ul>\n<\/div><\/section><br \/>\n<section class=\"av_textblock_section\"  itemscope=\"itemscope\" itemtype=\"https:\/\/schema.org\/CreativeWork\" ><div class='avia_textblock '  style='font-size:10px; '  itemprop=\"text\" ><\/div><\/section><\/p><\/div><div class=\"flex_column av_one_full  flex_column_div av-zero-column-padding first  \" style='border-radius:0px; '><section class=\"av_textblock_section\"  itemscope=\"itemscope\" itemtype=\"https:\/\/schema.org\/CreativeWork\" ><div class='avia_textblock  av_inherit_color'  style='font-size:10px; color:#ededed; '  itemprop=\"text\" ><p>Truhenger\u00e4te &#8211; Entfeuchtungstruhen &#8211; Schwimmbad Truhen &#8211; Schwimmhallen Truhen &#8211; Schwimmbadentfeuchtung &#8211; Schwimmhallenentfeuchtung &#8211; Schwimmbadklimatisierung &#8211; Schwimmhallenklimatisierung &#8211; Schwimmbad Entfeuchtung &#8211; Schwimmhallen Entfeuchtung &#8211; Schwimmbad Klimatisierung &#8211;\u00a0Schwimmhallen Klimatisierung &#8211; Schwimmbadklima &#8211; Schwimmhallenklima &#8211; Schwimmbadl\u00fcftung &#8211; Schwimmhallenl\u00fcftung &#8211; Schwimmbad L\u00fcftung &#8211; Schwimmhallen L\u00fcftung &#8211; Schwimmbadbel\u00fcftung &#8211; Schwimmhallenbel\u00fcftung &#8211; Schwimmbad Bel\u00fcftung- Schwimmhallen Bel\u00fcftung<\/p>\n<\/div><\/section><\/div><\/p>\n","protected":false},"excerpt":{"rendered":"","protected":false},"author":1,"featured_media":16,"parent":10,"menu_order":0,"comment_status":"closed","ping_status":"closed","template":"","meta":{"spay_email":""},"yoast_head":"<!-- This site is optimized with the Yoast SEO plugin v17.8 - https:\/\/yoast.com\/wordpress\/plugins\/seo\/ -->\n<meta name=\"robots\" content=\"index, follow, max-snippet:-1, max-image-preview:large, max-video-preview:-1\" \/>\n<link rel=\"canonical\" href=\"https:\/\/truhengeraete.de\/index.php\/truhengeraete\/typ-dds\/\" \/>\n<meta property=\"og:locale\" content=\"de_DE\" \/>\n<meta property=\"og:type\" content=\"article\" \/>\n<meta property=\"og:title\" content=\"DDS \/ DVS \/ DCS - Entwicklung und Herstellung von Schwimmhallenklimager\u00e4ten\" \/>\n<meta property=\"og:url\" content=\"https:\/\/truhengeraete.de\/index.php\/truhengeraete\/typ-dds\/\" \/>\n<meta property=\"og:site_name\" content=\"Entwicklung und Herstellung von Schwimmhallenklimager\u00e4ten\" \/>\n<meta property=\"article:modified_time\" content=\"2016-03-04T10:18:29+00:00\" \/>\n<meta property=\"og:image\" content=\"https:\/\/i2.wp.com\/truhengeraete.de\/wp-content\/uploads\/2016\/02\/DDS-1.png?fit=1920%2C1080&#038;ssl=1\" \/>\n\t<meta property=\"og:image:width\" content=\"1920\" \/>\n\t<meta property=\"og:image:height\" content=\"1080\" \/>\n<meta name=\"twitter:card\" content=\"summary\" \/>\n<meta name=\"twitter:label1\" content=\"Gesch\u00e4tzte Lesezeit\" \/>\n\t<meta name=\"twitter:data1\" content=\"5\u00a0Minuten\" \/>\n<script type=\"application\/ld+json\" class=\"yoast-schema-graph\">{\"@context\":\"https:\/\/schema.org\",\"@graph\":[{\"@type\":\"Organization\",\"@id\":\"https:\/\/truhengeraete.de\/#organization\",\"name\":\"enkho GmbH & Co. KG\",\"url\":\"https:\/\/truhengeraete.de\/\",\"sameAs\":[],\"logo\":{\"@type\":\"ImageObject\",\"@id\":\"https:\/\/truhengeraete.de\/#logo\",\"inLanguage\":\"de\",\"url\":\"https:\/\/i2.wp.com\/truhengeraete.de\/wp-content\/uploads\/2016\/02\/enkhologo_0.jpg?fit=532%2C120&ssl=1\",\"contentUrl\":\"https:\/\/i2.wp.com\/truhengeraete.de\/wp-content\/uploads\/2016\/02\/enkhologo_0.jpg?fit=532%2C120&ssl=1\",\"width\":532,\"height\":120,\"caption\":\"enkho GmbH & Co. KG\"},\"image\":{\"@id\":\"https:\/\/truhengeraete.de\/#logo\"}},{\"@type\":\"WebSite\",\"@id\":\"https:\/\/truhengeraete.de\/#website\",\"url\":\"https:\/\/truhengeraete.de\/\",\"name\":\"Entwicklung und Herstellung von Schwimmhallenklimager\\u00e4ten\",\"description\":\"enkho GmbH\",\"publisher\":{\"@id\":\"https:\/\/truhengeraete.de\/#organization\"},\"potentialAction\":[{\"@type\":\"SearchAction\",\"target\":{\"@type\":\"EntryPoint\",\"urlTemplate\":\"https:\/\/truhengeraete.de\/?s={search_term_string}\"},\"query-input\":\"required name=search_term_string\"}],\"inLanguage\":\"de\"},{\"@type\":\"ImageObject\",\"@id\":\"https:\/\/truhengeraete.de\/index.php\/truhengeraete\/typ-dds\/#primaryimage\",\"inLanguage\":\"de\",\"url\":\"https:\/\/i2.wp.com\/truhengeraete.de\/wp-content\/uploads\/2016\/02\/DDS-1.png?fit=1920%2C1080&ssl=1\",\"contentUrl\":\"https:\/\/i2.wp.com\/truhengeraete.de\/wp-content\/uploads\/2016\/02\/DDS-1.png?fit=1920%2C1080&ssl=1\",\"width\":1920,\"height\":1080,\"caption\":\"Truhenger\\u00e4t Typ DDS\"},{\"@type\":\"WebPage\",\"@id\":\"https:\/\/truhengeraete.de\/index.php\/truhengeraete\/typ-dds\/#webpage\",\"url\":\"https:\/\/truhengeraete.de\/index.php\/truhengeraete\/typ-dds\/\",\"name\":\"DDS \/ DVS \/ DCS - Entwicklung und Herstellung von Schwimmhallenklimager\\u00e4ten\",\"isPartOf\":{\"@id\":\"https:\/\/truhengeraete.de\/#website\"},\"primaryImageOfPage\":{\"@id\":\"https:\/\/truhengeraete.de\/index.php\/truhengeraete\/typ-dds\/#primaryimage\"},\"datePublished\":\"2016-02-13T20:24:32+00:00\",\"dateModified\":\"2016-03-04T10:18:29+00:00\",\"breadcrumb\":{\"@id\":\"https:\/\/truhengeraete.de\/index.php\/truhengeraete\/typ-dds\/#breadcrumb\"},\"inLanguage\":\"de\",\"potentialAction\":[{\"@type\":\"ReadAction\",\"target\":[\"https:\/\/truhengeraete.de\/index.php\/truhengeraete\/typ-dds\/\"]}]},{\"@type\":\"BreadcrumbList\",\"@id\":\"https:\/\/truhengeraete.de\/index.php\/truhengeraete\/typ-dds\/#breadcrumb\",\"itemListElement\":[{\"@type\":\"ListItem\",\"position\":1,\"name\":\"Home\",\"item\":\"https:\/\/truhengeraete.de\/\"},{\"@type\":\"ListItem\",\"position\":2,\"name\":\"Truhenger\\u00e4te\",\"item\":\"https:\/\/truhengeraete.de\/\"},{\"@type\":\"ListItem\",\"position\":3,\"name\":\"DDS \/ DVS \/ DCS\"}]}]}<\/script>\n<!-- \/ Yoast SEO plugin. -->","yoast_head_json":{"robots":{"index":"index","follow":"follow","max-snippet":"max-snippet:-1","max-image-preview":"max-image-preview:large","max-video-preview":"max-video-preview:-1"},"canonical":"https:\/\/truhengeraete.de\/index.php\/truhengeraete\/typ-dds\/","og_locale":"de_DE","og_type":"article","og_title":"DDS \/ DVS \/ DCS - Entwicklung und Herstellung von Schwimmhallenklimager\u00e4ten","og_url":"https:\/\/truhengeraete.de\/index.php\/truhengeraete\/typ-dds\/","og_site_name":"Entwicklung und Herstellung von Schwimmhallenklimager\u00e4ten","article_modified_time":"2016-03-04T10:18:29+00:00","og_image":[{"width":1920,"height":1080,"url":"https:\/\/i2.wp.com\/truhengeraete.de\/wp-content\/uploads\/2016\/02\/DDS-1.png?fit=1920%2C1080&ssl=1","type":"image\/png"}],"twitter_card":"summary","twitter_misc":{"Gesch\u00e4tzte Lesezeit":"5\u00a0Minuten"},"schema":{"@context":"https:\/\/schema.org","@graph":[{"@type":"Organization","@id":"https:\/\/truhengeraete.de\/#organization","name":"enkho GmbH & Co. KG","url":"https:\/\/truhengeraete.de\/","sameAs":[],"logo":{"@type":"ImageObject","@id":"https:\/\/truhengeraete.de\/#logo","inLanguage":"de","url":"https:\/\/i2.wp.com\/truhengeraete.de\/wp-content\/uploads\/2016\/02\/enkhologo_0.jpg?fit=532%2C120&ssl=1","contentUrl":"https:\/\/i2.wp.com\/truhengeraete.de\/wp-content\/uploads\/2016\/02\/enkhologo_0.jpg?fit=532%2C120&ssl=1","width":532,"height":120,"caption":"enkho GmbH & Co. KG"},"image":{"@id":"https:\/\/truhengeraete.de\/#logo"}},{"@type":"WebSite","@id":"https:\/\/truhengeraete.de\/#website","url":"https:\/\/truhengeraete.de\/","name":"Entwicklung und Herstellung von Schwimmhallenklimager\u00e4ten","description":"enkho GmbH","publisher":{"@id":"https:\/\/truhengeraete.de\/#organization"},"potentialAction":[{"@type":"SearchAction","target":{"@type":"EntryPoint","urlTemplate":"https:\/\/truhengeraete.de\/?s={search_term_string}"},"query-input":"required name=search_term_string"}],"inLanguage":"de"},{"@type":"ImageObject","@id":"https:\/\/truhengeraete.de\/index.php\/truhengeraete\/typ-dds\/#primaryimage","inLanguage":"de","url":"https:\/\/i2.wp.com\/truhengeraete.de\/wp-content\/uploads\/2016\/02\/DDS-1.png?fit=1920%2C1080&ssl=1","contentUrl":"https:\/\/i2.wp.com\/truhengeraete.de\/wp-content\/uploads\/2016\/02\/DDS-1.png?fit=1920%2C1080&ssl=1","width":1920,"height":1080,"caption":"Truhenger\u00e4t Typ DDS"},{"@type":"WebPage","@id":"https:\/\/truhengeraete.de\/index.php\/truhengeraete\/typ-dds\/#webpage","url":"https:\/\/truhengeraete.de\/index.php\/truhengeraete\/typ-dds\/","name":"DDS \/ DVS \/ DCS - Entwicklung und Herstellung von Schwimmhallenklimager\u00e4ten","isPartOf":{"@id":"https:\/\/truhengeraete.de\/#website"},"primaryImageOfPage":{"@id":"https:\/\/truhengeraete.de\/index.php\/truhengeraete\/typ-dds\/#primaryimage"},"datePublished":"2016-02-13T20:24:32+00:00","dateModified":"2016-03-04T10:18:29+00:00","breadcrumb":{"@id":"https:\/\/truhengeraete.de\/index.php\/truhengeraete\/typ-dds\/#breadcrumb"},"inLanguage":"de","potentialAction":[{"@type":"ReadAction","target":["https:\/\/truhengeraete.de\/index.php\/truhengeraete\/typ-dds\/"]}]},{"@type":"BreadcrumbList","@id":"https:\/\/truhengeraete.de\/index.php\/truhengeraete\/typ-dds\/#breadcrumb","itemListElement":[{"@type":"ListItem","position":1,"name":"Home","item":"https:\/\/truhengeraete.de\/"},{"@type":"ListItem","position":2,"name":"Truhenger\u00e4te","item":"https:\/\/truhengeraete.de\/"},{"@type":"ListItem","position":3,"name":"DDS \/ DVS \/ DCS"}]}]}},"jetpack_sharing_enabled":false,"jetpack_shortlink":"https:\/\/wp.me\/P7eY70-s","_links":{"self":[{"href":"https:\/\/truhengeraete.de\/index.php\/wp-json\/wp\/v2\/pages\/28"}],"collection":[{"href":"https:\/\/truhengeraete.de\/index.php\/wp-json\/wp\/v2\/pages"}],"about":[{"href":"https:\/\/truhengeraete.de\/index.php\/wp-json\/wp\/v2\/types\/page"}],"author":[{"embeddable":true,"href":"https:\/\/truhengeraete.de\/index.php\/wp-json\/wp\/v2\/users\/1"}],"replies":[{"embeddable":true,"href":"https:\/\/truhengeraete.de\/index.php\/wp-json\/wp\/v2\/comments?post=28"}],"version-history":[{"count":71,"href":"https:\/\/truhengeraete.de\/index.php\/wp-json\/wp\/v2\/pages\/28\/revisions"}],"predecessor-version":[{"id":473,"href":"https:\/\/truhengeraete.de\/index.php\/wp-json\/wp\/v2\/pages\/28\/revisions\/473"}],"up":[{"embeddable":true,"href":"https:\/\/truhengeraete.de\/index.php\/wp-json\/wp\/v2\/pages\/10"}],"wp:featuredmedia":[{"embeddable":true,"href":"https:\/\/truhengeraete.de\/index.php\/wp-json\/wp\/v2\/media\/16"}],"wp:attachment":[{"href":"https:\/\/truhengeraete.de\/index.php\/wp-json\/wp\/v2\/media?parent=28"}],"curies":[{"name":"wp","href":"https:\/\/api.w.org\/{rel}","templated":true}]}}