{"id":249,"date":"2016-02-21T12:33:52","date_gmt":"2016-02-21T11:33:52","guid":{"rendered":"https:\/\/truhengeraete.de\/?page_id=249"},"modified":"2016-02-25T15:43:41","modified_gmt":"2016-02-25T14:43:41","slug":"zubehoer","status":"publish","type":"page","link":"https:\/\/truhengeraete.de\/index.php\/zubehoer\/","title":{"rendered":"Zubeh\u00f6r"},"content":{"rendered":"<div class=\"flex_column av_two_fifth  flex_column_div av-zero-column-padding first  \" style='border-radius:0px; '><p><div style='padding-bottom:10px;' class='av-special-heading av-special-heading-h3    '><h3 class='av-special-heading-tag'  itemprop=\"headline\"  >Bodenausblasschienen<\/h3><div class='special-heading-border'><div class='special-heading-inner-border' ><\/div><\/div><\/div><br \/>\n<section class=\"av_textblock_section\"  itemscope=\"itemscope\" itemtype=\"https:\/\/schema.org\/CreativeWork\" ><div class='avia_textblock '   itemprop=\"text\" ><p>&#8211; eigene Produktion &#8211;<\/p>\n<ul>\n<li>f\u00fcr Fu\u00dfbodenaufbauh\u00f6he ab 100mm<\/li>\n<li>Aluminium eloxiert<\/li>\n<li>Schlitzanzahl 1 &#8211; 4<\/li>\n<li>Schlitzbreite 8mm oder 10mm<\/li>\n<li>Schlitzh\u00f6he Hals 60mm oder 100mm<\/li>\n<li>symmetrisch oder asymmetrisch<\/li>\n<li>L\u00e4nge in einem St\u00fcck bis 5950 mm<\/li>\n<\/ul>\n<\/div><\/section><\/p><\/div>\n<div class=\"flex_column av_one_fourth  flex_column_div av-zero-column-padding   \" style='border-radius:0px; '><div class='avia-image-container  av-styling-   avia-align-center '  itemscope=\"itemscope\" itemtype=\"https:\/\/schema.org\/ImageObject\"  ><div class='avia-image-container-inner'><a href='https:\/\/i0.wp.com\/truhengeraete.de\/wp-content\/uploads\/2016\/02\/20140626_105548x-1.jpg?fit=773%2C1030&ssl=1' class='avia_image'  ><img class='avia_image ' src='https:\/\/i0.wp.com\/truhengeraete.de\/wp-content\/uploads\/2016\/02\/20140626_105548x-1.jpg?fit=225%2C300&ssl=1' alt='' title='BAS108'  itemprop=\"contentURL\"  \/><\/a><\/div><\/div><\/div>\n<div class=\"flex_column av_one_fourth  flex_column_div av-zero-column-padding   \" style='border-radius:0px; '><div class='avia-image-container  av-styling-   avia-align-center '  itemscope=\"itemscope\" itemtype=\"https:\/\/schema.org\/ImageObject\"  ><div class='avia-image-container-inner'><a href='https:\/\/i1.wp.com\/truhengeraete.de\/wp-content\/uploads\/2016\/02\/IMG_20150401_111138.jpg?fit=1030%2C687&ssl=1' class='avia_image'  ><img class='avia_image ' src='https:\/\/i1.wp.com\/truhengeraete.de\/wp-content\/uploads\/2016\/02\/IMG_20150401_111138.jpg?fit=300%2C200&ssl=1' alt='' title='BAS108'  itemprop=\"contentURL\"  \/><\/a><\/div><\/div><\/div>\n<div class=\"flex_column av_two_fifth  flex_column_div av-zero-column-padding first  \" style='border-radius:0px; '><p><div style='padding-bottom:10px;' class='av-special-heading av-special-heading-h3   '><h3 class='av-special-heading-tag'  itemprop=\"headline\"  >L\u00fcftungsgitter<\/h3><div class='special-heading-border'><div class='special-heading-inner-border' ><\/div><\/div><\/div><br \/>\n<section class=\"av_textblock_section\"  itemscope=\"itemscope\" itemtype=\"https:\/\/schema.org\/CreativeWork\" ><div class='avia_textblock '   itemprop=\"text\" ><ul>\n<li>Aluminium eloxiert<\/li>\n<li>RAL-Farben nach Wunsch<\/li>\n<li>Standard- und Sonderma\u00dfe<\/li>\n<li>Deckenschlitzausl\u00e4sse<\/li>\n<li>Ansaug-\/Ausblashauben<\/li>\n<li>Lamellenhauben<\/li>\n<li>Wetterschutzgitter<\/li>\n<\/ul>\n<\/div><\/section><\/p><\/div>\n<div class=\"flex_column av_one_fourth  flex_column_div av-zero-column-padding   \" style='border-radius:0px; '><div class='avia-image-container  av-styling-   avia-align-center '  itemscope=\"itemscope\" itemtype=\"https:\/\/schema.org\/ImageObject\"  ><div class='avia-image-container-inner'><a href='https:\/\/i2.wp.com\/truhengeraete.de\/wp-content\/uploads\/2016\/02\/Zubeh\u00f6r.jpg?fit=687%2C1030&ssl=1' class='avia_image'  ><img class='avia_image ' src='https:\/\/i2.wp.com\/truhengeraete.de\/wp-content\/uploads\/2016\/02\/Zubeh\u00f6r.jpg?fit=200%2C300&ssl=1' alt='' title='Zubeh\u00f6r'  itemprop=\"contentURL\"  \/><\/a><\/div><\/div><\/div>\n<div class=\"flex_column av_three_fourth  flex_column_div av-zero-column-padding first  \" style='border-radius:0px; '><p><div style='padding-bottom:10px;' class='av-special-heading av-special-heading-h3    '><h3 class='av-special-heading-tag'  itemprop=\"headline\"  >Luftfilter f\u00fcr L\u00fcftungs-, Klima- und Industrieanlagen<\/h3><div class='special-heading-border'><div class='special-heading-inner-border' ><\/div><\/div><\/div><br \/>\n<section class=\"av_textblock_section\"  itemscope=\"itemscope\" itemtype=\"https:\/\/schema.org\/CreativeWork\" ><div class='avia_textblock '  style='font-size:14px; '  itemprop=\"text\" ><p><strong>Luftfilter f\u00fcr ENKHO-Ger\u00e4te und Fremdfabrikate <\/strong><\/p>\n<p><em>\u2013 ma\u00dfgeschneiderte Luftfilter \u2013<\/em><\/p>\n<p>Filtermatten &#8211; Filterzellen &#8211; Z-Line-Filter &#8211; Paneelfilter &#8211; Kompaktfilter &#8211;\u00a0Taschenfilter<\/p>\n<p>Aktivkohlefilter &#8211; Schwebstofffilter &#8211; Staubfilter f\u00fcr Maschinen und Ger\u00e4te &#8211; Rollbandfilter &#8211; Patronenfilter &#8211; Metallfilter<\/p>\n<p>u.v.m.<\/p>\n<h1><\/h1>\n<ul>\n<li>fachgerechte Lieferung von Luftfiltern<\/li>\n<li>verschiedenste Filterklassen und Filtermedien<\/li>\n<li>Sonderanfertigungen f\u00fcr individuelle Abmessungen und Einsatzzwecke<\/li>\n<li>auf Wunsch Bevorratung f\u00fcr schnellere Lieferung oder Abholung<\/li>\n<\/ul>\n<\/div><\/section><\/p><\/div>\n<div class=\"flex_column av_one_fourth  flex_column_div av-zero-column-padding   \" style='border-radius:0px; '><div class='avia-image-container  av-styling-   avia-align-center '  itemscope=\"itemscope\" itemtype=\"https:\/\/schema.org\/ImageObject\"  ><div class='avia-image-container-inner'><a href='https:\/\/i2.wp.com\/truhengeraete.de\/wp-content\/uploads\/2016\/02\/Bildschirmfoto-2016-02-21-um-12.47.38.png?fit=695%2C1030&ssl=1' class='avia_image'  ><img class='avia_image ' src='https:\/\/i2.wp.com\/truhengeraete.de\/wp-content\/uploads\/2016\/02\/Bildschirmfoto-2016-02-21-um-12.47.38.png?fit=202%2C300&ssl=1' alt='' title='Luftfilter'  itemprop=\"contentURL\"  \/><\/a><\/div><\/div><\/div>\n<div class=\"flex_column av_one_full  flex_column_div av-zero-column-padding first  \" style='border-radius:0px; '><section class=\"av_textblock_section\"  itemscope=\"itemscope\" itemtype=\"https:\/\/schema.org\/CreativeWork\" ><div class='avia_textblock  av_inherit_color'  style='color:#ededed; '  itemprop=\"text\" ><p>Truhenger\u00e4te &#8211; Entfeuchtungstruhen &#8211; Schwimmbad Truhen &#8211; Schwimmhallen Truhen &#8211; Schwimmbadentfeuchtung &#8211; Schwimmhallenentfeuchtung &#8211; Schwimmbadklimatisierung &#8211; Schwimmhallenklimatisierung &#8211; Schwimmbad Entfeuchtung &#8211; Schwimmhallen Entfeuchtung &#8211; Schwimmbad Klimatisierung &#8211;\u00a0Schwimmhallen Klimatisierung &#8211; Schwimmbadklima &#8211; Schwimmhallenklima &#8211; Schwimmbadl\u00fcftung &#8211; Schwimmhallenl\u00fcftung &#8211; Schwimmbad L\u00fcftung &#8211; Schwimmhallen L\u00fcftung &#8211; Schwimmbadbel\u00fcftung &#8211; Schwimmhallenbel\u00fcftung &#8211; Schwimmbad Bel\u00fcftung- Schwimmhallen Bel\u00fcftung<\/p>\n<\/div><\/section><\/div>\n","protected":false},"excerpt":{"rendered":"","protected":false},"author":1,"featured_media":0,"parent":0,"menu_order":0,"comment_status":"closed","ping_status":"closed","template":"","meta":{"spay_email":""},"yoast_head":"<!-- This site is optimized with the Yoast SEO plugin v17.8 - https:\/\/yoast.com\/wordpress\/plugins\/seo\/ -->\n<meta name=\"robots\" content=\"index, follow, max-snippet:-1, max-image-preview:large, max-video-preview:-1\" \/>\n<link rel=\"canonical\" href=\"https:\/\/truhengeraete.de\/index.php\/zubehoer\/\" \/>\n<meta property=\"og:locale\" content=\"de_DE\" \/>\n<meta property=\"og:type\" content=\"article\" \/>\n<meta property=\"og:title\" content=\"Zubeh\u00f6r - Entwicklung und Herstellung von Schwimmhallenklimager\u00e4ten\" \/>\n<meta property=\"og:url\" content=\"https:\/\/truhengeraete.de\/index.php\/zubehoer\/\" \/>\n<meta property=\"og:site_name\" content=\"Entwicklung und Herstellung von Schwimmhallenklimager\u00e4ten\" \/>\n<meta property=\"article:modified_time\" content=\"2016-02-25T14:43:41+00:00\" \/>\n<meta name=\"twitter:card\" content=\"summary\" \/>\n<meta name=\"twitter:label1\" content=\"Gesch\u00e4tzte Lesezeit\" \/>\n\t<meta name=\"twitter:data1\" content=\"4\u00a0Minuten\" \/>\n<script type=\"application\/ld+json\" class=\"yoast-schema-graph\">{\"@context\":\"https:\/\/schema.org\",\"@graph\":[{\"@type\":\"Organization\",\"@id\":\"https:\/\/truhengeraete.de\/#organization\",\"name\":\"enkho GmbH & Co. KG\",\"url\":\"https:\/\/truhengeraete.de\/\",\"sameAs\":[],\"logo\":{\"@type\":\"ImageObject\",\"@id\":\"https:\/\/truhengeraete.de\/#logo\",\"inLanguage\":\"de\",\"url\":\"https:\/\/i2.wp.com\/truhengeraete.de\/wp-content\/uploads\/2016\/02\/enkhologo_0.jpg?fit=532%2C120&ssl=1\",\"contentUrl\":\"https:\/\/i2.wp.com\/truhengeraete.de\/wp-content\/uploads\/2016\/02\/enkhologo_0.jpg?fit=532%2C120&ssl=1\",\"width\":532,\"height\":120,\"caption\":\"enkho GmbH & Co. KG\"},\"image\":{\"@id\":\"https:\/\/truhengeraete.de\/#logo\"}},{\"@type\":\"WebSite\",\"@id\":\"https:\/\/truhengeraete.de\/#website\",\"url\":\"https:\/\/truhengeraete.de\/\",\"name\":\"Entwicklung und Herstellung von Schwimmhallenklimager\\u00e4ten\",\"description\":\"enkho GmbH\",\"publisher\":{\"@id\":\"https:\/\/truhengeraete.de\/#organization\"},\"potentialAction\":[{\"@type\":\"SearchAction\",\"target\":{\"@type\":\"EntryPoint\",\"urlTemplate\":\"https:\/\/truhengeraete.de\/?s={search_term_string}\"},\"query-input\":\"required name=search_term_string\"}],\"inLanguage\":\"de\"},{\"@type\":\"WebPage\",\"@id\":\"https:\/\/truhengeraete.de\/index.php\/zubehoer\/#webpage\",\"url\":\"https:\/\/truhengeraete.de\/index.php\/zubehoer\/\",\"name\":\"Zubeh\\u00f6r - Entwicklung und Herstellung von Schwimmhallenklimager\\u00e4ten\",\"isPartOf\":{\"@id\":\"https:\/\/truhengeraete.de\/#website\"},\"datePublished\":\"2016-02-21T11:33:52+00:00\",\"dateModified\":\"2016-02-25T14:43:41+00:00\",\"breadcrumb\":{\"@id\":\"https:\/\/truhengeraete.de\/index.php\/zubehoer\/#breadcrumb\"},\"inLanguage\":\"de\",\"potentialAction\":[{\"@type\":\"ReadAction\",\"target\":[\"https:\/\/truhengeraete.de\/index.php\/zubehoer\/\"]}]},{\"@type\":\"BreadcrumbList\",\"@id\":\"https:\/\/truhengeraete.de\/index.php\/zubehoer\/#breadcrumb\",\"itemListElement\":[{\"@type\":\"ListItem\",\"position\":1,\"name\":\"Home\",\"item\":\"https:\/\/truhengeraete.de\/\"},{\"@type\":\"ListItem\",\"position\":2,\"name\":\"Zubeh\\u00f6r\"}]}]}<\/script>\n<!-- \/ Yoast SEO plugin. -->","yoast_head_json":{"robots":{"index":"index","follow":"follow","max-snippet":"max-snippet:-1","max-image-preview":"max-image-preview:large","max-video-preview":"max-video-preview:-1"},"canonical":"https:\/\/truhengeraete.de\/index.php\/zubehoer\/","og_locale":"de_DE","og_type":"article","og_title":"Zubeh\u00f6r - Entwicklung und Herstellung von Schwimmhallenklimager\u00e4ten","og_url":"https:\/\/truhengeraete.de\/index.php\/zubehoer\/","og_site_name":"Entwicklung und Herstellung von Schwimmhallenklimager\u00e4ten","article_modified_time":"2016-02-25T14:43:41+00:00","twitter_card":"summary","twitter_misc":{"Gesch\u00e4tzte Lesezeit":"4\u00a0Minuten"},"schema":{"@context":"https:\/\/schema.org","@graph":[{"@type":"Organization","@id":"https:\/\/truhengeraete.de\/#organization","name":"enkho GmbH & Co. KG","url":"https:\/\/truhengeraete.de\/","sameAs":[],"logo":{"@type":"ImageObject","@id":"https:\/\/truhengeraete.de\/#logo","inLanguage":"de","url":"https:\/\/i2.wp.com\/truhengeraete.de\/wp-content\/uploads\/2016\/02\/enkhologo_0.jpg?fit=532%2C120&ssl=1","contentUrl":"https:\/\/i2.wp.com\/truhengeraete.de\/wp-content\/uploads\/2016\/02\/enkhologo_0.jpg?fit=532%2C120&ssl=1","width":532,"height":120,"caption":"enkho GmbH & Co. KG"},"image":{"@id":"https:\/\/truhengeraete.de\/#logo"}},{"@type":"WebSite","@id":"https:\/\/truhengeraete.de\/#website","url":"https:\/\/truhengeraete.de\/","name":"Entwicklung und Herstellung von Schwimmhallenklimager\u00e4ten","description":"enkho GmbH","publisher":{"@id":"https:\/\/truhengeraete.de\/#organization"},"potentialAction":[{"@type":"SearchAction","target":{"@type":"EntryPoint","urlTemplate":"https:\/\/truhengeraete.de\/?s={search_term_string}"},"query-input":"required name=search_term_string"}],"inLanguage":"de"},{"@type":"WebPage","@id":"https:\/\/truhengeraete.de\/index.php\/zubehoer\/#webpage","url":"https:\/\/truhengeraete.de\/index.php\/zubehoer\/","name":"Zubeh\u00f6r - Entwicklung und Herstellung von Schwimmhallenklimager\u00e4ten","isPartOf":{"@id":"https:\/\/truhengeraete.de\/#website"},"datePublished":"2016-02-21T11:33:52+00:00","dateModified":"2016-02-25T14:43:41+00:00","breadcrumb":{"@id":"https:\/\/truhengeraete.de\/index.php\/zubehoer\/#breadcrumb"},"inLanguage":"de","potentialAction":[{"@type":"ReadAction","target":["https:\/\/truhengeraete.de\/index.php\/zubehoer\/"]}]},{"@type":"BreadcrumbList","@id":"https:\/\/truhengeraete.de\/index.php\/zubehoer\/#breadcrumb","itemListElement":[{"@type":"ListItem","position":1,"name":"Home","item":"https:\/\/truhengeraete.de\/"},{"@type":"ListItem","position":2,"name":"Zubeh\u00f6r"}]}]}},"jetpack_sharing_enabled":true,"jetpack_shortlink":"https:\/\/wp.me\/P7eY70-41","_links":{"self":[{"href":"https:\/\/truhengeraete.de\/index.php\/wp-json\/wp\/v2\/pages\/249"}],"collection":[{"href":"https:\/\/truhengeraete.de\/index.php\/wp-json\/wp\/v2\/pages"}],"about":[{"href":"https:\/\/truhengeraete.de\/index.php\/wp-json\/wp\/v2\/types\/page"}],"author":[{"embeddable":true,"href":"https:\/\/truhengeraete.de\/index.php\/wp-json\/wp\/v2\/users\/1"}],"replies":[{"embeddable":true,"href":"https:\/\/truhengeraete.de\/index.php\/wp-json\/wp\/v2\/comments?post=249"}],"version-history":[{"count":19,"href":"https:\/\/truhengeraete.de\/index.php\/wp-json\/wp\/v2\/pages\/249\/revisions"}],"predecessor-version":[{"id":392,"href":"https:\/\/truhengeraete.de\/index.php\/wp-json\/wp\/v2\/pages\/249\/revisions\/392"}],"wp:attachment":[{"href":"https:\/\/truhengeraete.de\/index.php\/wp-json\/wp\/v2\/media?parent=249"}],"curies":[{"name":"wp","href":"https:\/\/api.w.org\/{rel}","templated":true}]}}