{"id":197,"date":"2016-02-17T22:51:44","date_gmt":"2016-02-17T21:51:44","guid":{"rendered":"https:\/\/truhengeraete.de\/?page_id=197"},"modified":"2018-05-22T15:14:12","modified_gmt":"2018-05-22T13:14:12","slug":"luftkanaele","status":"publish","type":"page","link":"https:\/\/truhengeraete.de\/index.php\/luftkanaele\/","title":{"rendered":"Luftkan\u00e4le"},"content":{"rendered":"<div class=\"flex_column av_one_full  flex_column_div av-zero-column-padding first  \" style='border-radius:0px; '><p><div style='padding-bottom:10px;' class='av-special-heading av-special-heading-h3    '><h3 class='av-special-heading-tag'  itemprop=\"headline\"  >Vorisolierte Luftkan\u00e4le aus PUR-Hartschaum oder Mineralwolle f\u00fcr Schwimmhallenklimager\u00e4te und L\u00fcftungsanlagen<\/h3><div class='special-heading-border'><div class='special-heading-inner-border' ><\/div><\/div><\/div><br \/>\n<section class=\"av_textblock_section\"  itemscope=\"itemscope\" itemtype=\"https:\/\/schema.org\/CreativeWork\" ><div class='avia_textblock '   itemprop=\"text\" ><h5><\/h5>\n<ul>\n<li>bereits einbaufertig isoliert<\/li>\n<li>schallabsorbierend und schwingungsd\u00e4mpfend<\/li>\n<li>hygienischer als Blechkan\u00e4le<\/li>\n<li>leichte und schnelle Installation, da\u00a0geringes Gewicht (ca. <sup>1<\/sup>\/<sub>5<\/sub> von Blech)<\/li>\n<li>korrosionsbest\u00e4ndig gegen Chlor<\/li>\n<li>f\u00fcr au\u00dfenseitigen Einsatz mit Blechoberfl\u00e4che m\u00f6glich<\/li>\n<li>als Plattenware, vorgeschnittene Kan\u00e4le und fertige Kan\u00e4le lieferbar<\/li>\n<li>Brandschutzklassifizierungen gem. DIN EN 13501: A2 (nicht brennbar), B\/C (schwer entflammbar, ehem. B1), E (normal entflammbar, ehem. B2)<\/li>\n<\/ul>\n<\/div><\/section><\/p><\/div>\n<div class=\"flex_column av_one_full  flex_column_div first  \" style='border-width:2px; border-color:#0f00ed; border-style:solid; padding:4px; border-radius:0px; '><p><div style='padding-bottom:10px;' class='av-special-heading av-special-heading-h3  blockquote modern-quote modern-centered  '><h3 class='av-special-heading-tag'  itemprop=\"headline\"  >Beschreibung PUR-Kan\u00e4le<\/h3><div class='special-heading-border'><div class='special-heading-inner-border' ><\/div><\/div><\/div><br \/>\n<section class=\"av_textblock_section\"  itemscope=\"itemscope\" itemtype=\"https:\/\/schema.org\/CreativeWork\" ><div class='avia_textblock '   itemprop=\"text\" ><p>Luftkan\u00e4le zur Verbindung des L\u00fcftungsger\u00e4tes mit den Ansaug- bzw. Ausblasgittern, bestehend aus Sandwich-Paneelen 21, 30 oder 40mm dick, geschlossenzelliger PUR-Hartschaum hoher Dichte, beidseitig mit einer Aluminiumfolie beschichtet, im Au\u00dfenbereich blechummantelt, w\u00e4rmed\u00e4mmend und diffusionsdicht, UV-best\u00e4ndig, lackierbar, FCKW-frei, g\u00fcte\u00fcberwacht gem\u00e4\u00df DIN 18164.<\/p>\n<\/div><\/section><br \/>\n<div class='avia-data-table-wrap avia_scrollable_table'><table class='avia-table avia-data-table avia-table-1 '  itemscope=\"itemscope\" itemtype=\"https:\/\/schema.org\/Table\" ><caption>Technische Daten<\/caption><tbody><tr class='avia-heading-row'><th class='avia-desc-col'>Typ <\/th><th class=''>30\/50\/30<\/th><th class=''>40\/50\/30<\/th><th class=''>21\/80\/48<\/th><\/tr><tr class=''><th class='avia-desc-col'>Dicke mm <\/th><td class=''>30<\/td><td class=''>40<\/td><td class=''>21<\/td><\/tr><tr class=''><th class='avia-desc-col'>Schaumdichte ca. kg\/m\u00b3<\/th><td class=''>30-32 <\/td><td class=''>30-32 <\/td><td class=''>45-48<\/td><\/tr><tr class=''><th class='avia-desc-col'>Gewicht ca. kg\/m\u00b2 <\/th><td class=''>1,8<\/td><td class=''>2,4<\/td><td class=''>1,5<\/td><\/tr><tr class=''><th class='avia-desc-col'>Aluminiumfoliendicke \u00b5m<\/th><td class=''>50<\/td><td class=''>50<\/td><td class=''>80<\/td><\/tr><tr class=''><th class='avia-desc-col'>\u00c4quivalente W\u00e4rmeleitf\u00e4higkeit \uf06ceq ca. W\/mK<\/th><td class=''>0,025<\/td><td class=''>0,025<\/td><td class=''>0,022<\/td><\/tr><tr class=''><th class='avia-desc-col'>W\u00e4rmedurchgangskoeffizient W\/m\u00b2K<\/th><td class=''>0,83<\/td><td class=''>0,63<\/td><td class=''>1,05<\/td><\/tr><tr class=''><th class='avia-desc-col'>Einsatzbereich \u00b0C<\/th><td class=''>-30 bis +90<\/td><td class=''>-30 bis +90<\/td><td class=''>-30 bis +90<\/td><\/tr><tr class=''><th class='avia-desc-col'>Brandschutzklasse EN13501-1 <\/th><td class=''>C-s2, d0 <\/td><td class=''>C-s2,d0<\/td><td class=''>B-s3,d0<\/td><\/tr><tr class=''><th class='avia-desc-col'>Verwendung<\/th><td class=''>im Innenbereich<\/td><td class=''>im Innenbereich<\/td><td class=''>im Innenbereich<\/td><\/tr><\/tbody><\/table><\/div><br \/>\n<section class=\"av_textblock_section\"  itemscope=\"itemscope\" itemtype=\"https:\/\/schema.org\/CreativeWork\" ><div class='avia_textblock '   itemprop=\"text\" ><p style=\"text-align: right;\">Bei der Installation im Au\u00dfenbereich ist eine Blechkaschierung notwendig!<\/p>\n<\/div><\/section><\/p><\/div><div class=\"flex_column av_one_full  flex_column_div first  \" style='border-width:2px; border-color:#0f00ed; border-style:solid; padding:4px; border-radius:0px; '><p><div style='padding-bottom:10px;' class='av-special-heading av-special-heading-h3  blockquote modern-quote modern-centered '><h3 class='av-special-heading-tag'  itemprop=\"headline\"  >Beschreibung Glaswolle-Kan\u00e4le<\/h3><div class='special-heading-border'><div class='special-heading-inner-border' ><\/div><\/div><\/div><br \/>\n<section class=\"av_textblock_section\"  itemscope=\"itemscope\" itemtype=\"https:\/\/schema.org\/CreativeWork\" ><div class='avia_textblock '   itemprop=\"text\" ><p>Luftkan\u00e4le zur Verbindung des L\u00fcftungsger\u00e4tes mit den Ansaug- bzw. Ausblasgittern, bestehend aus Mineralwollekern 25 oder 40mm dick, hohe Dichte, Innenseite glasvliesbeschichtet, Au\u00dfenseite aluminiumfolienbeschichtet, w\u00e4rmed\u00e4mmend, sehr schalld\u00e4mmend (Klasse B), DIN 6022-konform, gem. DIN EN 13403.<\/p>\n<\/div><\/section><br \/>\n<div class='avia-data-table-wrap avia_scrollable_table'><table class='avia-table avia-data-table avia-table-2 '  itemscope=\"itemscope\" itemtype=\"https:\/\/schema.org\/Table\" ><tbody><tr class='avia-heading-row'><th class='avia-desc-col'>Typ <\/th><th class=''>25\/50\/30<\/th><th class=''>40\/50\/30<\/th><\/tr><tr class=''><th class='avia-desc-col'>Dicke mm <\/th><td class=''>25<\/td><td class=''>40<\/td><\/tr><tr class=''><th class='avia-desc-col'>Schaumdichte ca. kg\/m\u00b3<\/th><td class=''>30-32 <\/td><td class=''>30-32 <\/td><\/tr><tr class=''><th class='avia-desc-col'>Gewicht ca. kg\/m\u00b2 <\/th><td class=''>2,0<\/td><td class=''>3,2<\/td><\/tr><tr class=''><th class='avia-desc-col'>Aluminiumfoliendicke \u00b5m<\/th><td class=''>50<\/td><td class=''>50<\/td><\/tr><tr class=''><th class='avia-desc-col'>\u00c4quivalente W\u00e4rmeleitf\u00e4higkeit \uf06ceq ca. W\/mK<\/th><td class=''>0,033<\/td><td class=''>0,033<\/td><\/tr><tr class=''><th class='avia-desc-col'>W\u00e4rmedurchgangskoeffizient W\/m\u00b2K<\/th><td class=''>1,32<\/td><td class=''>0,83<\/td><\/tr><tr class=''><th class='avia-desc-col'>Einsatzbereich \u00b0C<\/th><td class=''>-30 bis +90<\/td><td class=''>-30 bis +90<\/td><\/tr><tr class=''><th class='avia-desc-col'>Brandschutzklasse EN13501-1 <\/th><td class=''>A2-s1, d0 <\/td><td class=''>A2-s1,d0<\/td><\/tr><tr class=''><th class='avia-desc-col'>Verwendung<\/th><td class=''>im Innenbereich<\/td><td class=''>im Innenbereich<\/td><\/tr><\/tbody><\/table><\/div><br \/>\n<section class=\"av_textblock_section\"  itemscope=\"itemscope\" itemtype=\"https:\/\/schema.org\/CreativeWork\" ><div class='avia_textblock '   itemprop=\"text\" ><p style=\"text-align: right;\">Bei der Installation im Au\u00dfenbereich ist eine Blechkaschierung notwendig!<\/p>\n<\/div><\/section><\/p><\/div><\/p>\n<div id='av-masonry-1' class='av-masonry noHover av-flex-size av-large-gap av-hover-overlay-active av-masonry-col-flexible av-caption-always av-masonry-gallery  ' ><div class='av-masonry-container isotope av-js-disabled ' ><div class='av-masonry-entry isotope-item av-masonry-item-no-image '><\/div><a href=\"https:\/\/i0.wp.com\/truhengeraete.de\/wp-content\/uploads\/2016\/02\/PUR2.jpg?fit=1030%2C773&ssl=1\" id='av-masonry-1-item-202' data-av-masonry-item='202' class='av-masonry-entry isotope-item post-202 attachment type-attachment status-inherit hentry  av-masonry-item-with-image' title=\"\"  itemprop=\"contentURL\" ><div class='av-inner-masonry-sizer'><\/div><figure class='av-inner-masonry main_color'><div class=\"av-masonry-outerimage-container\"><div class=\"av-masonry-image-container\" style=\"background-image: url(https:\/\/i0.wp.com\/truhengeraete.de\/wp-content\/uploads\/2016\/02\/PUR2.jpg?fit=705%2C529&ssl=1);\"><img src=\"https:\/\/i0.wp.com\/truhengeraete.de\/wp-content\/uploads\/2016\/02\/PUR2.jpg?fit=705%2C529&ssl=1\" title=\"Luftkan\u00e4le\" alt=\"\" \/><\/div><\/div><figcaption class='av-inner-masonry-content site-background'><div class='av-inner-masonry-content-pos'><div class='avia-arrow'><\/div><h3 class='av-masonry-entry-title entry-title'  itemprop=\"headline\" >Luftkan\u00e4le<\/h3><\/div><\/figcaption><\/figure><\/a><!--end av-masonry entry--><a href=\"https:\/\/i2.wp.com\/truhengeraete.de\/wp-content\/uploads\/2016\/02\/K\u00f6ln_2.jpg?fit=1030%2C773&ssl=1\" id='av-masonry-1-item-201' data-av-masonry-item='201' class='av-masonry-entry isotope-item post-201 attachment type-attachment status-inherit hentry  av-masonry-item-with-image' title=\"\"  itemprop=\"contentURL\" ><div class='av-inner-masonry-sizer'><\/div><figure class='av-inner-masonry main_color'><div class=\"av-masonry-outerimage-container\"><div class=\"av-masonry-image-container\" style=\"background-image: url(https:\/\/i2.wp.com\/truhengeraete.de\/wp-content\/uploads\/2016\/02\/K\u00f6ln_2.jpg?fit=705%2C529&ssl=1);\"><img src=\"https:\/\/i2.wp.com\/truhengeraete.de\/wp-content\/uploads\/2016\/02\/K\u00f6ln_2.jpg?fit=705%2C529&ssl=1\" title=\"Luftkan\u00e4le\" alt=\"\" \/><\/div><\/div><figcaption class='av-inner-masonry-content site-background'><div class='av-inner-masonry-content-pos'><div class='avia-arrow'><\/div><h3 class='av-masonry-entry-title entry-title'  itemprop=\"headline\" >Luftkan\u00e4le<\/h3><\/div><\/figcaption><\/figure><\/a><!--end av-masonry entry--><a href=\"https:\/\/i1.wp.com\/truhengeraete.de\/wp-content\/uploads\/2016\/02\/Ger\u00e4t_mit_PUR.jpg?fit=1030%2C773&ssl=1\" id='av-masonry-1-item-200' data-av-masonry-item='200' class='av-masonry-entry isotope-item post-200 attachment type-attachment status-inherit hentry  av-masonry-item-with-image' title=\"\"  itemprop=\"contentURL\" ><div class='av-inner-masonry-sizer'><\/div><figure class='av-inner-masonry main_color'><div class=\"av-masonry-outerimage-container\"><div class=\"av-masonry-image-container\" style=\"background-image: url(https:\/\/i1.wp.com\/truhengeraete.de\/wp-content\/uploads\/2016\/02\/Ger\u00e4t_mit_PUR.jpg?fit=705%2C529&ssl=1);\"><img src=\"https:\/\/i1.wp.com\/truhengeraete.de\/wp-content\/uploads\/2016\/02\/Ger\u00e4t_mit_PUR.jpg?fit=705%2C529&ssl=1\" title=\"Luftkan\u00e4le\" alt=\"\" \/><\/div><\/div><figcaption class='av-inner-masonry-content site-background'><div class='av-inner-masonry-content-pos'><div class='avia-arrow'><\/div><h3 class='av-masonry-entry-title entry-title'  itemprop=\"headline\" >Luftkan\u00e4le<\/h3><\/div><\/figcaption><\/figure><\/a><!--end av-masonry entry--><a href=\"https:\/\/i1.wp.com\/truhengeraete.de\/wp-content\/uploads\/2016\/02\/Bild-470.jpg?fit=1030%2C773&ssl=1\" id='av-masonry-1-item-199' data-av-masonry-item='199' class='av-masonry-entry isotope-item post-199 attachment type-attachment status-inherit hentry  av-masonry-item-with-image' title=\"\"  itemprop=\"contentURL\" ><div class='av-inner-masonry-sizer'><\/div><figure class='av-inner-masonry main_color'><div class=\"av-masonry-outerimage-container\"><div class=\"av-masonry-image-container\" style=\"background-image: url(https:\/\/i1.wp.com\/truhengeraete.de\/wp-content\/uploads\/2016\/02\/Bild-470.jpg?fit=705%2C529&ssl=1);\"><img src=\"https:\/\/i1.wp.com\/truhengeraete.de\/wp-content\/uploads\/2016\/02\/Bild-470.jpg?fit=705%2C529&ssl=1\" title=\"Luftkan\u00e4le\" alt=\"\" \/><\/div><\/div><figcaption class='av-inner-masonry-content site-background'><div class='av-inner-masonry-content-pos'><div class='avia-arrow'><\/div><h3 class='av-masonry-entry-title entry-title'  itemprop=\"headline\" >Luftkan\u00e4le<\/h3><\/div><\/figcaption><\/figure><\/a><!--end av-masonry entry--><a href=\"https:\/\/i1.wp.com\/truhengeraete.de\/wp-content\/uploads\/2016\/02\/Bild-460.jpg?fit=1030%2C773&ssl=1\" id='av-masonry-1-item-198' data-av-masonry-item='198' class='av-masonry-entry isotope-item post-198 attachment type-attachment status-inherit hentry  av-masonry-item-with-image' title=\"\"  itemprop=\"contentURL\" ><div class='av-inner-masonry-sizer'><\/div><figure class='av-inner-masonry main_color'><div class=\"av-masonry-outerimage-container\"><div class=\"av-masonry-image-container\" style=\"background-image: url(https:\/\/i1.wp.com\/truhengeraete.de\/wp-content\/uploads\/2016\/02\/Bild-460.jpg?fit=705%2C529&ssl=1);\"><img src=\"https:\/\/i1.wp.com\/truhengeraete.de\/wp-content\/uploads\/2016\/02\/Bild-460.jpg?fit=705%2C529&ssl=1\" title=\"Luftkan\u00e4le\" alt=\"\" \/><\/div><\/div><figcaption class='av-inner-masonry-content site-background'><div class='av-inner-masonry-content-pos'><div class='avia-arrow'><\/div><h3 class='av-masonry-entry-title entry-title'  itemprop=\"headline\" >Luftkan\u00e4le<\/h3><\/div><\/figcaption><\/figure><\/a><!--end av-masonry entry--><\/div><\/div>\n","protected":false},"excerpt":{"rendered":"","protected":false},"author":1,"featured_media":0,"parent":0,"menu_order":0,"comment_status":"closed","ping_status":"closed","template":"","meta":{"spay_email":""},"yoast_head":"<!-- This site is optimized with the Yoast SEO plugin v17.8 - https:\/\/yoast.com\/wordpress\/plugins\/seo\/ -->\n<meta name=\"robots\" content=\"index, follow, max-snippet:-1, max-image-preview:large, max-video-preview:-1\" \/>\n<link rel=\"canonical\" href=\"https:\/\/truhengeraete.de\/index.php\/luftkanaele\/\" \/>\n<meta property=\"og:locale\" content=\"de_DE\" \/>\n<meta property=\"og:type\" content=\"article\" \/>\n<meta property=\"og:title\" content=\"Luftkan\u00e4le - Entwicklung und Herstellung von Schwimmhallenklimager\u00e4ten\" \/>\n<meta property=\"og:url\" content=\"https:\/\/truhengeraete.de\/index.php\/luftkanaele\/\" \/>\n<meta property=\"og:site_name\" content=\"Entwicklung und Herstellung von Schwimmhallenklimager\u00e4ten\" \/>\n<meta property=\"article:modified_time\" content=\"2018-05-22T13:14:12+00:00\" \/>\n<meta name=\"twitter:card\" content=\"summary\" \/>\n<meta name=\"twitter:label1\" content=\"Gesch\u00e4tzte Lesezeit\" \/>\n\t<meta name=\"twitter:data1\" content=\"7\u00a0Minuten\" \/>\n<script type=\"application\/ld+json\" class=\"yoast-schema-graph\">{\"@context\":\"https:\/\/schema.org\",\"@graph\":[{\"@type\":\"Organization\",\"@id\":\"https:\/\/truhengeraete.de\/#organization\",\"name\":\"enkho GmbH & Co. KG\",\"url\":\"https:\/\/truhengeraete.de\/\",\"sameAs\":[],\"logo\":{\"@type\":\"ImageObject\",\"@id\":\"https:\/\/truhengeraete.de\/#logo\",\"inLanguage\":\"de\",\"url\":\"https:\/\/i2.wp.com\/truhengeraete.de\/wp-content\/uploads\/2016\/02\/enkhologo_0.jpg?fit=532%2C120&ssl=1\",\"contentUrl\":\"https:\/\/i2.wp.com\/truhengeraete.de\/wp-content\/uploads\/2016\/02\/enkhologo_0.jpg?fit=532%2C120&ssl=1\",\"width\":532,\"height\":120,\"caption\":\"enkho GmbH & Co. KG\"},\"image\":{\"@id\":\"https:\/\/truhengeraete.de\/#logo\"}},{\"@type\":\"WebSite\",\"@id\":\"https:\/\/truhengeraete.de\/#website\",\"url\":\"https:\/\/truhengeraete.de\/\",\"name\":\"Entwicklung und Herstellung von Schwimmhallenklimager\\u00e4ten\",\"description\":\"enkho GmbH\",\"publisher\":{\"@id\":\"https:\/\/truhengeraete.de\/#organization\"},\"potentialAction\":[{\"@type\":\"SearchAction\",\"target\":{\"@type\":\"EntryPoint\",\"urlTemplate\":\"https:\/\/truhengeraete.de\/?s={search_term_string}\"},\"query-input\":\"required name=search_term_string\"}],\"inLanguage\":\"de\"},{\"@type\":\"WebPage\",\"@id\":\"https:\/\/truhengeraete.de\/index.php\/luftkanaele\/#webpage\",\"url\":\"https:\/\/truhengeraete.de\/index.php\/luftkanaele\/\",\"name\":\"Luftkan\\u00e4le - Entwicklung und Herstellung von Schwimmhallenklimager\\u00e4ten\",\"isPartOf\":{\"@id\":\"https:\/\/truhengeraete.de\/#website\"},\"datePublished\":\"2016-02-17T21:51:44+00:00\",\"dateModified\":\"2018-05-22T13:14:12+00:00\",\"breadcrumb\":{\"@id\":\"https:\/\/truhengeraete.de\/index.php\/luftkanaele\/#breadcrumb\"},\"inLanguage\":\"de\",\"potentialAction\":[{\"@type\":\"ReadAction\",\"target\":[\"https:\/\/truhengeraete.de\/index.php\/luftkanaele\/\"]}]},{\"@type\":\"BreadcrumbList\",\"@id\":\"https:\/\/truhengeraete.de\/index.php\/luftkanaele\/#breadcrumb\",\"itemListElement\":[{\"@type\":\"ListItem\",\"position\":1,\"name\":\"Home\",\"item\":\"https:\/\/truhengeraete.de\/\"},{\"@type\":\"ListItem\",\"position\":2,\"name\":\"Luftkan\\u00e4le\"}]}]}<\/script>\n<!-- \/ Yoast SEO plugin. -->","yoast_head_json":{"robots":{"index":"index","follow":"follow","max-snippet":"max-snippet:-1","max-image-preview":"max-image-preview:large","max-video-preview":"max-video-preview:-1"},"canonical":"https:\/\/truhengeraete.de\/index.php\/luftkanaele\/","og_locale":"de_DE","og_type":"article","og_title":"Luftkan\u00e4le - Entwicklung und Herstellung von Schwimmhallenklimager\u00e4ten","og_url":"https:\/\/truhengeraete.de\/index.php\/luftkanaele\/","og_site_name":"Entwicklung und Herstellung von Schwimmhallenklimager\u00e4ten","article_modified_time":"2018-05-22T13:14:12+00:00","twitter_card":"summary","twitter_misc":{"Gesch\u00e4tzte Lesezeit":"7\u00a0Minuten"},"schema":{"@context":"https:\/\/schema.org","@graph":[{"@type":"Organization","@id":"https:\/\/truhengeraete.de\/#organization","name":"enkho GmbH & Co. KG","url":"https:\/\/truhengeraete.de\/","sameAs":[],"logo":{"@type":"ImageObject","@id":"https:\/\/truhengeraete.de\/#logo","inLanguage":"de","url":"https:\/\/i2.wp.com\/truhengeraete.de\/wp-content\/uploads\/2016\/02\/enkhologo_0.jpg?fit=532%2C120&ssl=1","contentUrl":"https:\/\/i2.wp.com\/truhengeraete.de\/wp-content\/uploads\/2016\/02\/enkhologo_0.jpg?fit=532%2C120&ssl=1","width":532,"height":120,"caption":"enkho GmbH & Co. KG"},"image":{"@id":"https:\/\/truhengeraete.de\/#logo"}},{"@type":"WebSite","@id":"https:\/\/truhengeraete.de\/#website","url":"https:\/\/truhengeraete.de\/","name":"Entwicklung und Herstellung von Schwimmhallenklimager\u00e4ten","description":"enkho GmbH","publisher":{"@id":"https:\/\/truhengeraete.de\/#organization"},"potentialAction":[{"@type":"SearchAction","target":{"@type":"EntryPoint","urlTemplate":"https:\/\/truhengeraete.de\/?s={search_term_string}"},"query-input":"required name=search_term_string"}],"inLanguage":"de"},{"@type":"WebPage","@id":"https:\/\/truhengeraete.de\/index.php\/luftkanaele\/#webpage","url":"https:\/\/truhengeraete.de\/index.php\/luftkanaele\/","name":"Luftkan\u00e4le - Entwicklung und Herstellung von Schwimmhallenklimager\u00e4ten","isPartOf":{"@id":"https:\/\/truhengeraete.de\/#website"},"datePublished":"2016-02-17T21:51:44+00:00","dateModified":"2018-05-22T13:14:12+00:00","breadcrumb":{"@id":"https:\/\/truhengeraete.de\/index.php\/luftkanaele\/#breadcrumb"},"inLanguage":"de","potentialAction":[{"@type":"ReadAction","target":["https:\/\/truhengeraete.de\/index.php\/luftkanaele\/"]}]},{"@type":"BreadcrumbList","@id":"https:\/\/truhengeraete.de\/index.php\/luftkanaele\/#breadcrumb","itemListElement":[{"@type":"ListItem","position":1,"name":"Home","item":"https:\/\/truhengeraete.de\/"},{"@type":"ListItem","position":2,"name":"Luftkan\u00e4le"}]}]}},"jetpack_sharing_enabled":true,"jetpack_shortlink":"https:\/\/wp.me\/P7eY70-3b","_links":{"self":[{"href":"https:\/\/truhengeraete.de\/index.php\/wp-json\/wp\/v2\/pages\/197"}],"collection":[{"href":"https:\/\/truhengeraete.de\/index.php\/wp-json\/wp\/v2\/pages"}],"about":[{"href":"https:\/\/truhengeraete.de\/index.php\/wp-json\/wp\/v2\/types\/page"}],"author":[{"embeddable":true,"href":"https:\/\/truhengeraete.de\/index.php\/wp-json\/wp\/v2\/users\/1"}],"replies":[{"embeddable":true,"href":"https:\/\/truhengeraete.de\/index.php\/wp-json\/wp\/v2\/comments?post=197"}],"version-history":[{"count":41,"href":"https:\/\/truhengeraete.de\/index.php\/wp-json\/wp\/v2\/pages\/197\/revisions"}],"predecessor-version":[{"id":496,"href":"https:\/\/truhengeraete.de\/index.php\/wp-json\/wp\/v2\/pages\/197\/revisions\/496"}],"wp:attachment":[{"href":"https:\/\/truhengeraete.de\/index.php\/wp-json\/wp\/v2\/media?parent=197"}],"curies":[{"name":"wp","href":"https:\/\/api.w.org\/{rel}","templated":true}]}}