{"id":147,"date":"2016-02-15T17:33:29","date_gmt":"2016-02-15T16:33:29","guid":{"rendered":"https:\/\/test.truhengeraete.de\/?page_id=147"},"modified":"2016-02-25T15:35:24","modified_gmt":"2016-02-25T14:35:24","slug":"wann-werden-kanalgeraetehinterwandgeraete-eingesetzt","status":"publish","type":"page","link":"https:\/\/truhengeraete.de\/index.php\/wissenswertesschwimmhallenklimatisierung-und-die-passenden-geraete\/wann-werden-kanalgeraetehinterwandgeraete-eingesetzt\/","title":{"rendered":"Wann werden Kanalger\u00e4te \/ Hinterwandger\u00e4te eingesetzt?"},"content":{"rendered":"<div class=\"flex_column av_one_fifth  flex_column_div av-zero-column-padding first  \" style='border-radius:0px; '><div class='avia-image-container avia_animated_image avia_animate_when_almost_visible fade-in av-styling-   avia-align-center '  itemscope=\"itemscope\" itemtype=\"https:\/\/schema.org\/ImageObject\"  ><div class='avia-image-container-inner'><a href='https:\/\/i1.wp.com\/truhengeraete.de\/wp-content\/uploads\/2016\/02\/DCS-1.png?fit=1024%2C889&ssl=1' class='avia_image'  ><img class='avia_image ' src='https:\/\/i1.wp.com\/truhengeraete.de\/wp-content\/uploads\/2016\/02\/DCS-1.png?fit=300%2C261&ssl=1' alt='' title='Hinterwandger\u00e4t Typ DCS'  itemprop=\"contentURL\"  \/><\/a><\/div><\/div><\/div>\n<div class=\"flex_column av_four_fifth  flex_column_div av-zero-column-padding   \" style='border-radius:0px; '><p><div style='padding-bottom:10px;' class='av-special-heading av-special-heading-h3    '><h3 class='av-special-heading-tag'  itemprop=\"headline\"  >Wann werden Kanalger\u00e4te \/ Hinterwandger\u00e4te eingesetzt?<\/h3><div class='special-heading-border'><div class='special-heading-inner-border' ><\/div><\/div><\/div><br \/>\n<section class=\"av_textblock_section\"  itemscope=\"itemscope\" itemtype=\"https:\/\/schema.org\/CreativeWork\" ><div class='avia_textblock '   itemprop=\"text\" ><div class=\"page\" title=\"Page 2\">\n<div class=\"layoutArea\">\n<div class=\"column\">Wenn ein Technikraum oder Neben-\/Abstellraum zur Verf\u00fcgung steht, kann ein Kanalger\u00e4t bzw. Hinterwandger\u00e4t eingesetzt werden. Hinterwandger\u00e4te sind baulich flacher, daf\u00fcr bei gleicher Leistung h\u00f6her und sind in schmalen und kleineren R\u00e4umen oft geeigneter.<br \/>\nDie Hinterwandger\u00e4te werden zumeist an der Wand zur Schwimmhalle montiert, so da\u00df ger\u00e4ter\u00fcckseitig nur eine Zuluft- und eine Abluft\u00f6ffnung zur Schwimmhalle erstellt werden mu\u00df, durch die die kurzen Kanalst\u00fccke mit den L\u00fcftungsgittern passen.Die Kanalger\u00e4te nehmen mehr Platz ein und werden an ein Kanalsystem angeschlossen. Mit einem Kanalsystem ist eine gezielte Luftf\u00fchrung m\u00f6glich, die m\u00f6glichst Fenster und Rahmen beschlagfrei halten, eine gleichm\u00e4\u00dfige Luftverteilung und damit auch ein gleichm\u00e4\u00dfiges Klima schaffen soll.<\/p>\n<p>Die Klimatisierung der Schwimmhalle ist mit diesen Ger\u00e4ten erheblich ger\u00e4usch\u00e4rmer und optimaler zu gestalten. \u00dcber einen Au\u00dfenluftanschlu\u00df und kleinen Fortluftventilator kann auch ein kleiner Frischluftanteil kontinuierlich der Schwimmhalle zugef\u00fchrt werden. Statt eines Truhenger\u00e4tes verbleiben in der Halle nur noch L\u00fcftungsgitter oder Bodenausl\u00e4sse, die viel unauff\u00e4lliger integriert werden k\u00f6nnen. Au\u00dferdem sind hochspannungsf\u00fchrende Bauteile au\u00dferhalb des Schwimm- und Aufenthaltsbereiches.<\/p>\n<\/div>\n<\/div>\n<\/div>\n<\/div><\/section><\/p><\/div>\n","protected":false},"excerpt":{"rendered":"","protected":false},"author":1,"featured_media":0,"parent":140,"menu_order":2,"comment_status":"closed","ping_status":"closed","template":"","meta":{"spay_email":""},"yoast_head":"<!-- This site is optimized with the Yoast SEO plugin v17.8 - https:\/\/yoast.com\/wordpress\/plugins\/seo\/ -->\n<meta name=\"robots\" content=\"index, follow, max-snippet:-1, max-image-preview:large, max-video-preview:-1\" \/>\n<link rel=\"canonical\" href=\"https:\/\/truhengeraete.de\/index.php\/wissenswertesschwimmhallenklimatisierung-und-die-passenden-geraete\/wann-werden-kanalgeraetehinterwandgeraete-eingesetzt\/\" \/>\n<meta property=\"og:locale\" content=\"de_DE\" \/>\n<meta property=\"og:type\" content=\"article\" \/>\n<meta property=\"og:title\" content=\"Wann werden Kanalger\u00e4te \/ Hinterwandger\u00e4te eingesetzt? - Entwicklung und Herstellung von Schwimmhallenklimager\u00e4ten\" \/>\n<meta property=\"og:url\" content=\"https:\/\/truhengeraete.de\/index.php\/wissenswertesschwimmhallenklimatisierung-und-die-passenden-geraete\/wann-werden-kanalgeraetehinterwandgeraete-eingesetzt\/\" \/>\n<meta property=\"og:site_name\" content=\"Entwicklung und Herstellung von Schwimmhallenklimager\u00e4ten\" \/>\n<meta property=\"article:modified_time\" content=\"2016-02-25T14:35:24+00:00\" \/>\n<meta name=\"twitter:card\" content=\"summary\" \/>\n<meta name=\"twitter:label1\" content=\"Gesch\u00e4tzte Lesezeit\" \/>\n\t<meta name=\"twitter:data1\" content=\"2\u00a0Minuten\" \/>\n<script type=\"application\/ld+json\" class=\"yoast-schema-graph\">{\"@context\":\"https:\/\/schema.org\",\"@graph\":[{\"@type\":\"Organization\",\"@id\":\"https:\/\/truhengeraete.de\/#organization\",\"name\":\"enkho GmbH & Co. KG\",\"url\":\"https:\/\/truhengeraete.de\/\",\"sameAs\":[],\"logo\":{\"@type\":\"ImageObject\",\"@id\":\"https:\/\/truhengeraete.de\/#logo\",\"inLanguage\":\"de\",\"url\":\"https:\/\/i2.wp.com\/truhengeraete.de\/wp-content\/uploads\/2016\/02\/enkhologo_0.jpg?fit=532%2C120&ssl=1\",\"contentUrl\":\"https:\/\/i2.wp.com\/truhengeraete.de\/wp-content\/uploads\/2016\/02\/enkhologo_0.jpg?fit=532%2C120&ssl=1\",\"width\":532,\"height\":120,\"caption\":\"enkho GmbH & Co. KG\"},\"image\":{\"@id\":\"https:\/\/truhengeraete.de\/#logo\"}},{\"@type\":\"WebSite\",\"@id\":\"https:\/\/truhengeraete.de\/#website\",\"url\":\"https:\/\/truhengeraete.de\/\",\"name\":\"Entwicklung und Herstellung von Schwimmhallenklimager\\u00e4ten\",\"description\":\"enkho GmbH\",\"publisher\":{\"@id\":\"https:\/\/truhengeraete.de\/#organization\"},\"potentialAction\":[{\"@type\":\"SearchAction\",\"target\":{\"@type\":\"EntryPoint\",\"urlTemplate\":\"https:\/\/truhengeraete.de\/?s={search_term_string}\"},\"query-input\":\"required name=search_term_string\"}],\"inLanguage\":\"de\"},{\"@type\":\"WebPage\",\"@id\":\"https:\/\/truhengeraete.de\/index.php\/wissenswertesschwimmhallenklimatisierung-und-die-passenden-geraete\/wann-werden-kanalgeraetehinterwandgeraete-eingesetzt\/#webpage\",\"url\":\"https:\/\/truhengeraete.de\/index.php\/wissenswertesschwimmhallenklimatisierung-und-die-passenden-geraete\/wann-werden-kanalgeraetehinterwandgeraete-eingesetzt\/\",\"name\":\"Wann werden Kanalger\\u00e4te \/ Hinterwandger\\u00e4te eingesetzt? - Entwicklung und Herstellung von Schwimmhallenklimager\\u00e4ten\",\"isPartOf\":{\"@id\":\"https:\/\/truhengeraete.de\/#website\"},\"datePublished\":\"2016-02-15T16:33:29+00:00\",\"dateModified\":\"2016-02-25T14:35:24+00:00\",\"breadcrumb\":{\"@id\":\"https:\/\/truhengeraete.de\/index.php\/wissenswertesschwimmhallenklimatisierung-und-die-passenden-geraete\/wann-werden-kanalgeraetehinterwandgeraete-eingesetzt\/#breadcrumb\"},\"inLanguage\":\"de\",\"potentialAction\":[{\"@type\":\"ReadAction\",\"target\":[\"https:\/\/truhengeraete.de\/index.php\/wissenswertesschwimmhallenklimatisierung-und-die-passenden-geraete\/wann-werden-kanalgeraetehinterwandgeraete-eingesetzt\/\"]}]},{\"@type\":\"BreadcrumbList\",\"@id\":\"https:\/\/truhengeraete.de\/index.php\/wissenswertesschwimmhallenklimatisierung-und-die-passenden-geraete\/wann-werden-kanalgeraetehinterwandgeraete-eingesetzt\/#breadcrumb\",\"itemListElement\":[{\"@type\":\"ListItem\",\"position\":1,\"name\":\"Home\",\"item\":\"https:\/\/truhengeraete.de\/\"},{\"@type\":\"ListItem\",\"position\":2,\"name\":\"Wissenswertes\",\"item\":\"https:\/\/truhengeraete.de\/index.php\/wissenswertesschwimmhallenklimatisierung-und-die-passenden-geraete\/\"},{\"@type\":\"ListItem\",\"position\":3,\"name\":\"Wann werden Kanalger\\u00e4te \/ Hinterwandger\\u00e4te eingesetzt?\"}]}]}<\/script>\n<!-- \/ Yoast SEO plugin. -->","yoast_head_json":{"robots":{"index":"index","follow":"follow","max-snippet":"max-snippet:-1","max-image-preview":"max-image-preview:large","max-video-preview":"max-video-preview:-1"},"canonical":"https:\/\/truhengeraete.de\/index.php\/wissenswertesschwimmhallenklimatisierung-und-die-passenden-geraete\/wann-werden-kanalgeraetehinterwandgeraete-eingesetzt\/","og_locale":"de_DE","og_type":"article","og_title":"Wann werden Kanalger\u00e4te \/ Hinterwandger\u00e4te eingesetzt? - Entwicklung und Herstellung von Schwimmhallenklimager\u00e4ten","og_url":"https:\/\/truhengeraete.de\/index.php\/wissenswertesschwimmhallenklimatisierung-und-die-passenden-geraete\/wann-werden-kanalgeraetehinterwandgeraete-eingesetzt\/","og_site_name":"Entwicklung und Herstellung von Schwimmhallenklimager\u00e4ten","article_modified_time":"2016-02-25T14:35:24+00:00","twitter_card":"summary","twitter_misc":{"Gesch\u00e4tzte Lesezeit":"2\u00a0Minuten"},"schema":{"@context":"https:\/\/schema.org","@graph":[{"@type":"Organization","@id":"https:\/\/truhengeraete.de\/#organization","name":"enkho GmbH & Co. KG","url":"https:\/\/truhengeraete.de\/","sameAs":[],"logo":{"@type":"ImageObject","@id":"https:\/\/truhengeraete.de\/#logo","inLanguage":"de","url":"https:\/\/i2.wp.com\/truhengeraete.de\/wp-content\/uploads\/2016\/02\/enkhologo_0.jpg?fit=532%2C120&ssl=1","contentUrl":"https:\/\/i2.wp.com\/truhengeraete.de\/wp-content\/uploads\/2016\/02\/enkhologo_0.jpg?fit=532%2C120&ssl=1","width":532,"height":120,"caption":"enkho GmbH & Co. KG"},"image":{"@id":"https:\/\/truhengeraete.de\/#logo"}},{"@type":"WebSite","@id":"https:\/\/truhengeraete.de\/#website","url":"https:\/\/truhengeraete.de\/","name":"Entwicklung und Herstellung von Schwimmhallenklimager\u00e4ten","description":"enkho GmbH","publisher":{"@id":"https:\/\/truhengeraete.de\/#organization"},"potentialAction":[{"@type":"SearchAction","target":{"@type":"EntryPoint","urlTemplate":"https:\/\/truhengeraete.de\/?s={search_term_string}"},"query-input":"required name=search_term_string"}],"inLanguage":"de"},{"@type":"WebPage","@id":"https:\/\/truhengeraete.de\/index.php\/wissenswertesschwimmhallenklimatisierung-und-die-passenden-geraete\/wann-werden-kanalgeraetehinterwandgeraete-eingesetzt\/#webpage","url":"https:\/\/truhengeraete.de\/index.php\/wissenswertesschwimmhallenklimatisierung-und-die-passenden-geraete\/wann-werden-kanalgeraetehinterwandgeraete-eingesetzt\/","name":"Wann werden Kanalger\u00e4te \/ Hinterwandger\u00e4te eingesetzt? - Entwicklung und Herstellung von Schwimmhallenklimager\u00e4ten","isPartOf":{"@id":"https:\/\/truhengeraete.de\/#website"},"datePublished":"2016-02-15T16:33:29+00:00","dateModified":"2016-02-25T14:35:24+00:00","breadcrumb":{"@id":"https:\/\/truhengeraete.de\/index.php\/wissenswertesschwimmhallenklimatisierung-und-die-passenden-geraete\/wann-werden-kanalgeraetehinterwandgeraete-eingesetzt\/#breadcrumb"},"inLanguage":"de","potentialAction":[{"@type":"ReadAction","target":["https:\/\/truhengeraete.de\/index.php\/wissenswertesschwimmhallenklimatisierung-und-die-passenden-geraete\/wann-werden-kanalgeraetehinterwandgeraete-eingesetzt\/"]}]},{"@type":"BreadcrumbList","@id":"https:\/\/truhengeraete.de\/index.php\/wissenswertesschwimmhallenklimatisierung-und-die-passenden-geraete\/wann-werden-kanalgeraetehinterwandgeraete-eingesetzt\/#breadcrumb","itemListElement":[{"@type":"ListItem","position":1,"name":"Home","item":"https:\/\/truhengeraete.de\/"},{"@type":"ListItem","position":2,"name":"Wissenswertes","item":"https:\/\/truhengeraete.de\/index.php\/wissenswertesschwimmhallenklimatisierung-und-die-passenden-geraete\/"},{"@type":"ListItem","position":3,"name":"Wann werden Kanalger\u00e4te \/ Hinterwandger\u00e4te eingesetzt?"}]}]}},"jetpack_sharing_enabled":true,"jetpack_shortlink":"https:\/\/wp.me\/P7eY70-2n","_links":{"self":[{"href":"https:\/\/truhengeraete.de\/index.php\/wp-json\/wp\/v2\/pages\/147"}],"collection":[{"href":"https:\/\/truhengeraete.de\/index.php\/wp-json\/wp\/v2\/pages"}],"about":[{"href":"https:\/\/truhengeraete.de\/index.php\/wp-json\/wp\/v2\/types\/page"}],"author":[{"embeddable":true,"href":"https:\/\/truhengeraete.de\/index.php\/wp-json\/wp\/v2\/users\/1"}],"replies":[{"embeddable":true,"href":"https:\/\/truhengeraete.de\/index.php\/wp-json\/wp\/v2\/comments?post=147"}],"version-history":[{"count":9,"href":"https:\/\/truhengeraete.de\/index.php\/wp-json\/wp\/v2\/pages\/147\/revisions"}],"predecessor-version":[{"id":386,"href":"https:\/\/truhengeraete.de\/index.php\/wp-json\/wp\/v2\/pages\/147\/revisions\/386"}],"up":[{"embeddable":true,"href":"https:\/\/truhengeraete.de\/index.php\/wp-json\/wp\/v2\/pages\/140"}],"wp:attachment":[{"href":"https:\/\/truhengeraete.de\/index.php\/wp-json\/wp\/v2\/media?parent=147"}],"curies":[{"name":"wp","href":"https:\/\/api.w.org\/{rel}","templated":true}]}}