{"id":143,"date":"2016-02-15T17:23:19","date_gmt":"2016-02-15T16:23:19","guid":{"rendered":"https:\/\/test.truhengeraete.de\/?page_id=143"},"modified":"2016-02-22T14:19:31","modified_gmt":"2016-02-22T13:19:31","slug":"wann-werden-truhengeraete-eingesetzt","status":"publish","type":"page","link":"https:\/\/truhengeraete.de\/index.php\/wissenswertesschwimmhallenklimatisierung-und-die-passenden-geraete\/wann-werden-truhengeraete-eingesetzt\/","title":{"rendered":"Wann werden Truhenger\u00e4te eingesetzt?"},"content":{"rendered":"<div class=\"flex_column av_one_fifth  flex_column_div av-zero-column-padding first  \" style='border-radius:0px; '><div class='avia-image-container avia_animated_image avia_animate_when_almost_visible fade-in av-styling-   avia-align-center '  itemscope=\"itemscope\" itemtype=\"https:\/\/schema.org\/ImageObject\"  ><div class='avia-image-container-inner'><a href='https:\/\/i2.wp.com\/truhengeraete.de\/wp-content\/uploads\/2016\/02\/DDS-1.png?fit=1024%2C576&ssl=1' class='avia_image'  ><img class='avia_image ' src='https:\/\/i2.wp.com\/truhengeraete.de\/wp-content\/uploads\/2016\/02\/DDS-1.png?fit=300%2C169&ssl=1' alt='' title='Truhenger\u00e4t Typ DDS'  itemprop=\"contentURL\"  \/><\/a><\/div><\/div><\/div>\n<div class=\"flex_column av_four_fifth  flex_column_div av-zero-column-padding   \" style='border-radius:0px; '><p><div style='padding-bottom:10px;' class='av-special-heading av-special-heading-h3    '><h3 class='av-special-heading-tag'  itemprop=\"headline\"  >Wann werden Truhenger\u00e4te eingesetzt?<\/h3><div class='special-heading-border'><div class='special-heading-inner-border' ><\/div><\/div><\/div><br \/>\n<section class=\"av_textblock_section\"  itemscope=\"itemscope\" itemtype=\"https:\/\/schema.org\/CreativeWork\" ><div class='avia_textblock '   itemprop=\"text\" ><div class=\"page\" title=\"Page 2\">\n<div class=\"layoutArea\">\n<div class=\"column\">\n<p>Wenn die Schwimmhalle keinen angrenzenden Nebenraum oder Beckenumgang hat, der als Technikraum verwendet werden kann oder auch kein Technikraum an die Schwimmhalle angebaut werden kann, bleibt nur noch die L\u00f6sung eines Truhenger\u00e4tes. Dabei gibt es Abst\u00e4nde vom Beckenrand einzuhalten, die in der VDE-Vorschrift festgelegt werden.<\/p>\n<p>Der Vorteil der Truhenger\u00e4te ist die preiswerte und schnelle Installation ohne gro\u00dfe bauliche Eingriffe. Nachteile sind die Ger\u00e4usche vom L\u00fcfter und ggf. K\u00e4lteverdichter in der Halle und ein in der Regel nicht optimal zur Inneneinrichtung passendes Objekt. Hinsichtlich der Luftf\u00fchrung ist nicht unbedingt zu gew\u00e4hrleisten, da\u00df Fensterscheiben beschlagfrei bleiben und das Klima in der Halle \u00fcberall gleichm\u00e4\u00dfig ist.<\/p>\n<p>Ein Truhenger\u00e4t ist ein Kompromi\u00df, mit dem ein Schwimmhallenklima zwar gut kontrolliert werden kann, jedoch Schwankungen in der Feuchtigkeit und Gleichm\u00e4\u00dfigkeit in Kauf genommen werden m\u00fcssen. Eine Beckenabdeckung kann sinnvoll sein.<\/p>\n<\/div>\n<\/div>\n<\/div>\n<\/div><\/section><\/p><\/div>\n","protected":false},"excerpt":{"rendered":"","protected":false},"author":1,"featured_media":0,"parent":140,"menu_order":1,"comment_status":"closed","ping_status":"closed","template":"","meta":{"spay_email":""},"yoast_head":"<!-- This site is optimized with the Yoast SEO plugin v17.8 - https:\/\/yoast.com\/wordpress\/plugins\/seo\/ -->\n<meta name=\"robots\" content=\"index, follow, max-snippet:-1, max-image-preview:large, max-video-preview:-1\" \/>\n<link rel=\"canonical\" href=\"https:\/\/truhengeraete.de\/index.php\/wissenswertesschwimmhallenklimatisierung-und-die-passenden-geraete\/wann-werden-truhengeraete-eingesetzt\/\" \/>\n<meta property=\"og:locale\" content=\"de_DE\" \/>\n<meta property=\"og:type\" content=\"article\" \/>\n<meta property=\"og:title\" content=\"Wann werden Truhenger\u00e4te eingesetzt? - Entwicklung und Herstellung von Schwimmhallenklimager\u00e4ten\" \/>\n<meta property=\"og:url\" content=\"https:\/\/truhengeraete.de\/index.php\/wissenswertesschwimmhallenklimatisierung-und-die-passenden-geraete\/wann-werden-truhengeraete-eingesetzt\/\" \/>\n<meta property=\"og:site_name\" content=\"Entwicklung und Herstellung von Schwimmhallenklimager\u00e4ten\" \/>\n<meta property=\"article:modified_time\" content=\"2016-02-22T13:19:31+00:00\" \/>\n<meta name=\"twitter:card\" content=\"summary\" \/>\n<meta name=\"twitter:label1\" content=\"Gesch\u00e4tzte Lesezeit\" \/>\n\t<meta name=\"twitter:data1\" content=\"2\u00a0Minuten\" \/>\n<script type=\"application\/ld+json\" class=\"yoast-schema-graph\">{\"@context\":\"https:\/\/schema.org\",\"@graph\":[{\"@type\":\"Organization\",\"@id\":\"https:\/\/truhengeraete.de\/#organization\",\"name\":\"enkho GmbH & Co. KG\",\"url\":\"https:\/\/truhengeraete.de\/\",\"sameAs\":[],\"logo\":{\"@type\":\"ImageObject\",\"@id\":\"https:\/\/truhengeraete.de\/#logo\",\"inLanguage\":\"de\",\"url\":\"https:\/\/i2.wp.com\/truhengeraete.de\/wp-content\/uploads\/2016\/02\/enkhologo_0.jpg?fit=532%2C120&ssl=1\",\"contentUrl\":\"https:\/\/i2.wp.com\/truhengeraete.de\/wp-content\/uploads\/2016\/02\/enkhologo_0.jpg?fit=532%2C120&ssl=1\",\"width\":532,\"height\":120,\"caption\":\"enkho GmbH & Co. KG\"},\"image\":{\"@id\":\"https:\/\/truhengeraete.de\/#logo\"}},{\"@type\":\"WebSite\",\"@id\":\"https:\/\/truhengeraete.de\/#website\",\"url\":\"https:\/\/truhengeraete.de\/\",\"name\":\"Entwicklung und Herstellung von Schwimmhallenklimager\\u00e4ten\",\"description\":\"enkho GmbH\",\"publisher\":{\"@id\":\"https:\/\/truhengeraete.de\/#organization\"},\"potentialAction\":[{\"@type\":\"SearchAction\",\"target\":{\"@type\":\"EntryPoint\",\"urlTemplate\":\"https:\/\/truhengeraete.de\/?s={search_term_string}\"},\"query-input\":\"required name=search_term_string\"}],\"inLanguage\":\"de\"},{\"@type\":\"WebPage\",\"@id\":\"https:\/\/truhengeraete.de\/index.php\/wissenswertesschwimmhallenklimatisierung-und-die-passenden-geraete\/wann-werden-truhengeraete-eingesetzt\/#webpage\",\"url\":\"https:\/\/truhengeraete.de\/index.php\/wissenswertesschwimmhallenklimatisierung-und-die-passenden-geraete\/wann-werden-truhengeraete-eingesetzt\/\",\"name\":\"Wann werden Truhenger\\u00e4te eingesetzt? - Entwicklung und Herstellung von Schwimmhallenklimager\\u00e4ten\",\"isPartOf\":{\"@id\":\"https:\/\/truhengeraete.de\/#website\"},\"datePublished\":\"2016-02-15T16:23:19+00:00\",\"dateModified\":\"2016-02-22T13:19:31+00:00\",\"breadcrumb\":{\"@id\":\"https:\/\/truhengeraete.de\/index.php\/wissenswertesschwimmhallenklimatisierung-und-die-passenden-geraete\/wann-werden-truhengeraete-eingesetzt\/#breadcrumb\"},\"inLanguage\":\"de\",\"potentialAction\":[{\"@type\":\"ReadAction\",\"target\":[\"https:\/\/truhengeraete.de\/index.php\/wissenswertesschwimmhallenklimatisierung-und-die-passenden-geraete\/wann-werden-truhengeraete-eingesetzt\/\"]}]},{\"@type\":\"BreadcrumbList\",\"@id\":\"https:\/\/truhengeraete.de\/index.php\/wissenswertesschwimmhallenklimatisierung-und-die-passenden-geraete\/wann-werden-truhengeraete-eingesetzt\/#breadcrumb\",\"itemListElement\":[{\"@type\":\"ListItem\",\"position\":1,\"name\":\"Home\",\"item\":\"https:\/\/truhengeraete.de\/\"},{\"@type\":\"ListItem\",\"position\":2,\"name\":\"Wissenswertes\",\"item\":\"https:\/\/truhengeraete.de\/index.php\/wissenswertesschwimmhallenklimatisierung-und-die-passenden-geraete\/\"},{\"@type\":\"ListItem\",\"position\":3,\"name\":\"Wann werden Truhenger\\u00e4te eingesetzt?\"}]}]}<\/script>\n<!-- \/ Yoast SEO plugin. -->","yoast_head_json":{"robots":{"index":"index","follow":"follow","max-snippet":"max-snippet:-1","max-image-preview":"max-image-preview:large","max-video-preview":"max-video-preview:-1"},"canonical":"https:\/\/truhengeraete.de\/index.php\/wissenswertesschwimmhallenklimatisierung-und-die-passenden-geraete\/wann-werden-truhengeraete-eingesetzt\/","og_locale":"de_DE","og_type":"article","og_title":"Wann werden Truhenger\u00e4te eingesetzt? - Entwicklung und Herstellung von Schwimmhallenklimager\u00e4ten","og_url":"https:\/\/truhengeraete.de\/index.php\/wissenswertesschwimmhallenklimatisierung-und-die-passenden-geraete\/wann-werden-truhengeraete-eingesetzt\/","og_site_name":"Entwicklung und Herstellung von Schwimmhallenklimager\u00e4ten","article_modified_time":"2016-02-22T13:19:31+00:00","twitter_card":"summary","twitter_misc":{"Gesch\u00e4tzte Lesezeit":"2\u00a0Minuten"},"schema":{"@context":"https:\/\/schema.org","@graph":[{"@type":"Organization","@id":"https:\/\/truhengeraete.de\/#organization","name":"enkho GmbH & Co. KG","url":"https:\/\/truhengeraete.de\/","sameAs":[],"logo":{"@type":"ImageObject","@id":"https:\/\/truhengeraete.de\/#logo","inLanguage":"de","url":"https:\/\/i2.wp.com\/truhengeraete.de\/wp-content\/uploads\/2016\/02\/enkhologo_0.jpg?fit=532%2C120&ssl=1","contentUrl":"https:\/\/i2.wp.com\/truhengeraete.de\/wp-content\/uploads\/2016\/02\/enkhologo_0.jpg?fit=532%2C120&ssl=1","width":532,"height":120,"caption":"enkho GmbH & Co. KG"},"image":{"@id":"https:\/\/truhengeraete.de\/#logo"}},{"@type":"WebSite","@id":"https:\/\/truhengeraete.de\/#website","url":"https:\/\/truhengeraete.de\/","name":"Entwicklung und Herstellung von Schwimmhallenklimager\u00e4ten","description":"enkho GmbH","publisher":{"@id":"https:\/\/truhengeraete.de\/#organization"},"potentialAction":[{"@type":"SearchAction","target":{"@type":"EntryPoint","urlTemplate":"https:\/\/truhengeraete.de\/?s={search_term_string}"},"query-input":"required name=search_term_string"}],"inLanguage":"de"},{"@type":"WebPage","@id":"https:\/\/truhengeraete.de\/index.php\/wissenswertesschwimmhallenklimatisierung-und-die-passenden-geraete\/wann-werden-truhengeraete-eingesetzt\/#webpage","url":"https:\/\/truhengeraete.de\/index.php\/wissenswertesschwimmhallenklimatisierung-und-die-passenden-geraete\/wann-werden-truhengeraete-eingesetzt\/","name":"Wann werden Truhenger\u00e4te eingesetzt? - Entwicklung und Herstellung von Schwimmhallenklimager\u00e4ten","isPartOf":{"@id":"https:\/\/truhengeraete.de\/#website"},"datePublished":"2016-02-15T16:23:19+00:00","dateModified":"2016-02-22T13:19:31+00:00","breadcrumb":{"@id":"https:\/\/truhengeraete.de\/index.php\/wissenswertesschwimmhallenklimatisierung-und-die-passenden-geraete\/wann-werden-truhengeraete-eingesetzt\/#breadcrumb"},"inLanguage":"de","potentialAction":[{"@type":"ReadAction","target":["https:\/\/truhengeraete.de\/index.php\/wissenswertesschwimmhallenklimatisierung-und-die-passenden-geraete\/wann-werden-truhengeraete-eingesetzt\/"]}]},{"@type":"BreadcrumbList","@id":"https:\/\/truhengeraete.de\/index.php\/wissenswertesschwimmhallenklimatisierung-und-die-passenden-geraete\/wann-werden-truhengeraete-eingesetzt\/#breadcrumb","itemListElement":[{"@type":"ListItem","position":1,"name":"Home","item":"https:\/\/truhengeraete.de\/"},{"@type":"ListItem","position":2,"name":"Wissenswertes","item":"https:\/\/truhengeraete.de\/index.php\/wissenswertesschwimmhallenklimatisierung-und-die-passenden-geraete\/"},{"@type":"ListItem","position":3,"name":"Wann werden Truhenger\u00e4te eingesetzt?"}]}]}},"jetpack_sharing_enabled":true,"jetpack_shortlink":"https:\/\/wp.me\/P7eY70-2j","_links":{"self":[{"href":"https:\/\/truhengeraete.de\/index.php\/wp-json\/wp\/v2\/pages\/143"}],"collection":[{"href":"https:\/\/truhengeraete.de\/index.php\/wp-json\/wp\/v2\/pages"}],"about":[{"href":"https:\/\/truhengeraete.de\/index.php\/wp-json\/wp\/v2\/types\/page"}],"author":[{"embeddable":true,"href":"https:\/\/truhengeraete.de\/index.php\/wp-json\/wp\/v2\/users\/1"}],"replies":[{"embeddable":true,"href":"https:\/\/truhengeraete.de\/index.php\/wp-json\/wp\/v2\/comments?post=143"}],"version-history":[{"count":5,"href":"https:\/\/truhengeraete.de\/index.php\/wp-json\/wp\/v2\/pages\/143\/revisions"}],"predecessor-version":[{"id":218,"href":"https:\/\/truhengeraete.de\/index.php\/wp-json\/wp\/v2\/pages\/143\/revisions\/218"}],"up":[{"embeddable":true,"href":"https:\/\/truhengeraete.de\/index.php\/wp-json\/wp\/v2\/pages\/140"}],"wp:attachment":[{"href":"https:\/\/truhengeraete.de\/index.php\/wp-json\/wp\/v2\/media?parent=143"}],"curies":[{"name":"wp","href":"https:\/\/api.w.org\/{rel}","templated":true}]}}