{"id":140,"date":"2016-02-15T17:21:33","date_gmt":"2016-02-15T16:21:33","guid":{"rendered":"https:\/\/test.truhengeraete.de\/?page_id=140"},"modified":"2016-02-22T14:51:36","modified_gmt":"2016-02-22T13:51:36","slug":"wissenswertesschwimmhallenklimatisierung-und-die-passenden-geraete","status":"publish","type":"page","link":"https:\/\/truhengeraete.de\/index.php\/wissenswertesschwimmhallenklimatisierung-und-die-passenden-geraete\/","title":{"rendered":"Wissenswertes"},"content":{"rendered":"<div style='padding-bottom:10px;' class='av-special-heading av-special-heading-h3    '><h3 class='av-special-heading-tag'  itemprop=\"headline\"  >Schwimmhallenklimatisierung und die passenden Ger\u00e4te<\/h3><div class='special-heading-border'><div class='special-heading-inner-border' ><\/div><\/div><\/div>\n<div class=\"flex_column av_one_full  flex_column_div av-zero-column-padding first  \" style='border-radius:0px; '><section class=\"av_textblock_section\"  itemscope=\"itemscope\" itemtype=\"https:\/\/schema.org\/CreativeWork\" ><div class='avia_textblock '   itemprop=\"text\" ><div class=\"page\" title=\"Page 1\">\n<div class=\"layoutArea\">\n<div class=\"column\">\n<p><strong>Verdunstung<\/strong><\/p>\n<p>In der Schwimmhalle soll ein konstantes und angenehmes Klima herrschen, um sich entspannen zu k\u00f6nnen. Die Hallenluft nimmt st\u00e4ndig Wasser durch Verdunstung aus dem Becken auf und wird dadurch zunehmend feuchter. Ohne eine Luftbehandlung w\u00fcrde es schnell zu feucht werden, so da\u00df Fensterscheiben beschlagen und die Bausubstanz angegriffen wird. Au\u00dferdem wird der menschliche Kreislauf h\u00f6her belastet und das Wohlbefinden gest\u00f6rt.<\/p>\n<p><strong>W\u00e4rmeverlust<\/strong><\/p>\n<p>Mit der Verdunstung des Beckenwassers entsteht auch ein W\u00e4rmeverlust. Hochwerti- ge Ger\u00e4te mit einem W\u00e4rmer\u00fcckgewinnungssystem nutzen diese Verdunstungsw\u00e4rme bei der Aufbe- reitung der Luft und verringern somit den Energieaufwand zur Klimatisierung erheblich. W\u00e4rmeverluste in der Schwimmhalle entstehen auch durch Transmission, also \u00fcber W\u00e4nde, Decken und Fenster und durch die notwendige Bel\u00fcftung. Je nach Ger\u00e4tetyp sind die Heizregister enthalten oder als Zubeh\u00f6r erh\u00e4ltlich. \u00dcber die pr\u00e4zise Regelung der jeweiligen Ger\u00e4te wird diese Energie wirtschaftlich eingesetzt.<\/p>\n<p><strong>L\u00f6sung<\/strong><\/p>\n<p>Speziell auf das Schwimmhallenklima ausgelegte Ger\u00e4te mit W\u00e4rmer\u00fcckgewinnung sorgen f\u00fcr eine konstante und behagliche Feuchte und Temperatur und eine gute Hygiene der Hallenluft durch kontrollierte Zuf\u00fchrung von frischer Au\u00dfenluft bei minimalem Energieeinsatz.<\/p>\n<p><span style=\"text-decoration: underline;\"><strong>Zwei Verfahren der W\u00e4rmer\u00fcckgewinnung, die auch kombiniert werden k\u00f6nnen:<\/strong><\/span><\/p>\n<ol>\n<li>W\u00e4rmer\u00fcckgewinnung \u00fcber W\u00e4rmepumpe. Die Schwimmhallenabluft wird im Ger\u00e4t unter den Taupunkt abgek\u00fchlt und damit getrocknet. Die beim Abk\u00fchlen entzogene W\u00e4rme wird vollst\u00e4ndig genutzt, um die k\u00fchle Luft ohne Energieverluste aufzuheizen. Dar\u00fcber hinaus wird die Antriebsenergie der W\u00e4rmepumpe als zus\u00e4tzlicher W\u00e4rmegewinn der Luft zugef\u00fchrt. Bei h\u00f6herwertigen Ger\u00e4ten sorgt die kontrollierte Beimischung von Au\u00dfenluft f\u00fcr eine hohe Luftqualit\u00e4t und Hygiene und reduziert die Energiekosten f\u00fcr die Nacherw\u00e4rmung auf ein Minimum. Das Nachheizregister sorgt f\u00fcr die Deckung des W\u00e4rmebedarfs der Schwimmhalle. Heizk\u00f6rper sind f\u00fcr die Beheizung der Schwimmhalle nicht erforderlich.<\/li>\n<li>W\u00e4rmer\u00fcckgewinnung rekuperativ. Im Rekuperator (Kreuzstromw\u00e4rmetauscher) wird die sensible und bei niedrigen<br \/>\nAu\u00dfenlufttemperaturen auch ein Teil der latenten W\u00e4rme der Abluft entzogen und damit die Au\u00dfenluft ohne zus\u00e4tzlichen Energieaufwand vorerw\u00e4rmt. Im Nachheizregister wird die vorerw\u00e4rmte Au\u00dfenluft entsprechend des W\u00e4rmebedarfs der Schwimmhalle nacherw\u00e4rmt. Die kontrollierte Beimischung von Au\u00dfenluft sorgt f\u00fcr eine hohe Luftqualit\u00e4t und Hygiene und reduziert die Energiekosten f\u00fcr die Nacherw\u00e4rmung auf ein Minimum. Heizk\u00f6rper sind f\u00fcr die Beheizung der Schwimmhalle nicht erforderlich.<\/li>\n<\/ol>\n<p><strong>Planung<\/strong><\/p>\n<p>Das richtig geplante und dimensionierte Klimager\u00e4t mit dem zugeh\u00f6rigen Luftf\u00fchrungs- system sorgt f\u00fcr die Gleichm\u00e4\u00dfigkeit der Luftzust\u00e4nde, Luftqualit\u00e4t und Luftbewegung in der Schwimmhalle. In Kombination mit einer Dampfsperre wird dann die Bausubstanz optimal gesch\u00fctzt.<\/p>\n<p><strong>Regelung<\/strong><\/p>\n<p>Der Energieeinsatz f\u00fcr die Entfeuchtung, Beheizung und L\u00fcftung wird durch die Klimager\u00e4te optimal geregelt. Dabei steuert eine hochwertige Software nicht pauschal das Ger\u00e4t nach Vorgaben, sondern erfa\u00dft automatisch die individuelle Benutzung des Bades und pa\u00dft die erforderliche Luftbehandlung exakt den relativen Ver\u00e4nderungen an. Somit wird nicht l\u00e4nger entfeuchtet als notwendig, nicht zuviel geheizt und passend f\u00fcr die erforderliche Hygiene gel\u00fcftet. Das beste W\u00e4rmer\u00fcckgewinnungssystem ist erst mit einer sehr guten Regelung richtig wirtschaftlich und effktiv.<\/p>\n<p><strong>Ger\u00e4tetypen:<\/strong><\/p>\n<ol>\n<li>a) \u00a0Truhenger\u00e4te (Umluftbetrieb mit W\u00e4rmepumpe, Aufstellung in der Schwimmhalle)<\/li>\n<li>b) \u00a0Kanalger\u00e4te\/Hinterwandger\u00e4te (Umluftbetrieb oder kleiner Frischluftanteil mit W\u00e4rmepumpe)<\/li>\n<li>c) \u00a0Kanalger\u00e4te mit vollwertigem Frischluftbetrieb:\n<ul>\n<li>&#8211; \u00a0W\u00e4rmepumpe<\/li>\n<li>&#8211; \u00a0Rekuperator (Kreuzstromw\u00e4rmetauscher, ein- oder zweistufig)<\/li>\n<li>&#8211; \u00a0Doppelrekuperator und W\u00e4rmepumpe kombiniert (dreistufig)<\/li>\n<\/ul>\n<\/li>\n<\/ol>\n<\/div>\n<\/div>\n<\/div>\n<\/div><\/section><\/div>\n","protected":false},"excerpt":{"rendered":"","protected":false},"author":1,"featured_media":0,"parent":0,"menu_order":0,"comment_status":"closed","ping_status":"closed","template":"","meta":{"spay_email":""},"yoast_head":"<!-- This site is optimized with the Yoast SEO plugin v17.8 - https:\/\/yoast.com\/wordpress\/plugins\/seo\/ -->\n<meta name=\"robots\" content=\"index, follow, max-snippet:-1, max-image-preview:large, max-video-preview:-1\" \/>\n<link rel=\"canonical\" href=\"https:\/\/truhengeraete.de\/index.php\/wissenswertesschwimmhallenklimatisierung-und-die-passenden-geraete\/\" \/>\n<meta property=\"og:locale\" content=\"de_DE\" \/>\n<meta property=\"og:type\" content=\"article\" \/>\n<meta property=\"og:title\" content=\"Wissenswertes - Entwicklung und Herstellung von Schwimmhallenklimager\u00e4ten\" \/>\n<meta property=\"og:url\" content=\"https:\/\/truhengeraete.de\/index.php\/wissenswertesschwimmhallenklimatisierung-und-die-passenden-geraete\/\" \/>\n<meta property=\"og:site_name\" content=\"Entwicklung und Herstellung von Schwimmhallenklimager\u00e4ten\" \/>\n<meta property=\"article:modified_time\" content=\"2016-02-22T13:51:36+00:00\" \/>\n<meta name=\"twitter:card\" content=\"summary\" \/>\n<meta name=\"twitter:label1\" content=\"Gesch\u00e4tzte Lesezeit\" \/>\n\t<meta name=\"twitter:data1\" content=\"3\u00a0Minuten\" \/>\n<script type=\"application\/ld+json\" class=\"yoast-schema-graph\">{\"@context\":\"https:\/\/schema.org\",\"@graph\":[{\"@type\":\"Organization\",\"@id\":\"https:\/\/truhengeraete.de\/#organization\",\"name\":\"enkho GmbH & Co. KG\",\"url\":\"https:\/\/truhengeraete.de\/\",\"sameAs\":[],\"logo\":{\"@type\":\"ImageObject\",\"@id\":\"https:\/\/truhengeraete.de\/#logo\",\"inLanguage\":\"de\",\"url\":\"https:\/\/i2.wp.com\/truhengeraete.de\/wp-content\/uploads\/2016\/02\/enkhologo_0.jpg?fit=532%2C120&ssl=1\",\"contentUrl\":\"https:\/\/i2.wp.com\/truhengeraete.de\/wp-content\/uploads\/2016\/02\/enkhologo_0.jpg?fit=532%2C120&ssl=1\",\"width\":532,\"height\":120,\"caption\":\"enkho GmbH & Co. KG\"},\"image\":{\"@id\":\"https:\/\/truhengeraete.de\/#logo\"}},{\"@type\":\"WebSite\",\"@id\":\"https:\/\/truhengeraete.de\/#website\",\"url\":\"https:\/\/truhengeraete.de\/\",\"name\":\"Entwicklung und Herstellung von Schwimmhallenklimager\\u00e4ten\",\"description\":\"enkho GmbH\",\"publisher\":{\"@id\":\"https:\/\/truhengeraete.de\/#organization\"},\"potentialAction\":[{\"@type\":\"SearchAction\",\"target\":{\"@type\":\"EntryPoint\",\"urlTemplate\":\"https:\/\/truhengeraete.de\/?s={search_term_string}\"},\"query-input\":\"required name=search_term_string\"}],\"inLanguage\":\"de\"},{\"@type\":\"WebPage\",\"@id\":\"https:\/\/truhengeraete.de\/index.php\/wissenswertesschwimmhallenklimatisierung-und-die-passenden-geraete\/#webpage\",\"url\":\"https:\/\/truhengeraete.de\/index.php\/wissenswertesschwimmhallenklimatisierung-und-die-passenden-geraete\/\",\"name\":\"Wissenswertes - Entwicklung und Herstellung von Schwimmhallenklimager\\u00e4ten\",\"isPartOf\":{\"@id\":\"https:\/\/truhengeraete.de\/#website\"},\"datePublished\":\"2016-02-15T16:21:33+00:00\",\"dateModified\":\"2016-02-22T13:51:36+00:00\",\"breadcrumb\":{\"@id\":\"https:\/\/truhengeraete.de\/index.php\/wissenswertesschwimmhallenklimatisierung-und-die-passenden-geraete\/#breadcrumb\"},\"inLanguage\":\"de\",\"potentialAction\":[{\"@type\":\"ReadAction\",\"target\":[\"https:\/\/truhengeraete.de\/index.php\/wissenswertesschwimmhallenklimatisierung-und-die-passenden-geraete\/\"]}]},{\"@type\":\"BreadcrumbList\",\"@id\":\"https:\/\/truhengeraete.de\/index.php\/wissenswertesschwimmhallenklimatisierung-und-die-passenden-geraete\/#breadcrumb\",\"itemListElement\":[{\"@type\":\"ListItem\",\"position\":1,\"name\":\"Home\",\"item\":\"https:\/\/truhengeraete.de\/\"},{\"@type\":\"ListItem\",\"position\":2,\"name\":\"Wissenswertes\"}]}]}<\/script>\n<!-- \/ Yoast SEO plugin. -->","yoast_head_json":{"robots":{"index":"index","follow":"follow","max-snippet":"max-snippet:-1","max-image-preview":"max-image-preview:large","max-video-preview":"max-video-preview:-1"},"canonical":"https:\/\/truhengeraete.de\/index.php\/wissenswertesschwimmhallenklimatisierung-und-die-passenden-geraete\/","og_locale":"de_DE","og_type":"article","og_title":"Wissenswertes - Entwicklung und Herstellung von Schwimmhallenklimager\u00e4ten","og_url":"https:\/\/truhengeraete.de\/index.php\/wissenswertesschwimmhallenklimatisierung-und-die-passenden-geraete\/","og_site_name":"Entwicklung und Herstellung von Schwimmhallenklimager\u00e4ten","article_modified_time":"2016-02-22T13:51:36+00:00","twitter_card":"summary","twitter_misc":{"Gesch\u00e4tzte Lesezeit":"3\u00a0Minuten"},"schema":{"@context":"https:\/\/schema.org","@graph":[{"@type":"Organization","@id":"https:\/\/truhengeraete.de\/#organization","name":"enkho GmbH & Co. KG","url":"https:\/\/truhengeraete.de\/","sameAs":[],"logo":{"@type":"ImageObject","@id":"https:\/\/truhengeraete.de\/#logo","inLanguage":"de","url":"https:\/\/i2.wp.com\/truhengeraete.de\/wp-content\/uploads\/2016\/02\/enkhologo_0.jpg?fit=532%2C120&ssl=1","contentUrl":"https:\/\/i2.wp.com\/truhengeraete.de\/wp-content\/uploads\/2016\/02\/enkhologo_0.jpg?fit=532%2C120&ssl=1","width":532,"height":120,"caption":"enkho GmbH & Co. KG"},"image":{"@id":"https:\/\/truhengeraete.de\/#logo"}},{"@type":"WebSite","@id":"https:\/\/truhengeraete.de\/#website","url":"https:\/\/truhengeraete.de\/","name":"Entwicklung und Herstellung von Schwimmhallenklimager\u00e4ten","description":"enkho GmbH","publisher":{"@id":"https:\/\/truhengeraete.de\/#organization"},"potentialAction":[{"@type":"SearchAction","target":{"@type":"EntryPoint","urlTemplate":"https:\/\/truhengeraete.de\/?s={search_term_string}"},"query-input":"required name=search_term_string"}],"inLanguage":"de"},{"@type":"WebPage","@id":"https:\/\/truhengeraete.de\/index.php\/wissenswertesschwimmhallenklimatisierung-und-die-passenden-geraete\/#webpage","url":"https:\/\/truhengeraete.de\/index.php\/wissenswertesschwimmhallenklimatisierung-und-die-passenden-geraete\/","name":"Wissenswertes - Entwicklung und Herstellung von Schwimmhallenklimager\u00e4ten","isPartOf":{"@id":"https:\/\/truhengeraete.de\/#website"},"datePublished":"2016-02-15T16:21:33+00:00","dateModified":"2016-02-22T13:51:36+00:00","breadcrumb":{"@id":"https:\/\/truhengeraete.de\/index.php\/wissenswertesschwimmhallenklimatisierung-und-die-passenden-geraete\/#breadcrumb"},"inLanguage":"de","potentialAction":[{"@type":"ReadAction","target":["https:\/\/truhengeraete.de\/index.php\/wissenswertesschwimmhallenklimatisierung-und-die-passenden-geraete\/"]}]},{"@type":"BreadcrumbList","@id":"https:\/\/truhengeraete.de\/index.php\/wissenswertesschwimmhallenklimatisierung-und-die-passenden-geraete\/#breadcrumb","itemListElement":[{"@type":"ListItem","position":1,"name":"Home","item":"https:\/\/truhengeraete.de\/"},{"@type":"ListItem","position":2,"name":"Wissenswertes"}]}]}},"jetpack_sharing_enabled":true,"jetpack_shortlink":"https:\/\/wp.me\/P7eY70-2g","_links":{"self":[{"href":"https:\/\/truhengeraete.de\/index.php\/wp-json\/wp\/v2\/pages\/140"}],"collection":[{"href":"https:\/\/truhengeraete.de\/index.php\/wp-json\/wp\/v2\/pages"}],"about":[{"href":"https:\/\/truhengeraete.de\/index.php\/wp-json\/wp\/v2\/types\/page"}],"author":[{"embeddable":true,"href":"https:\/\/truhengeraete.de\/index.php\/wp-json\/wp\/v2\/users\/1"}],"replies":[{"embeddable":true,"href":"https:\/\/truhengeraete.de\/index.php\/wp-json\/wp\/v2\/comments?post=140"}],"version-history":[{"count":4,"href":"https:\/\/truhengeraete.de\/index.php\/wp-json\/wp\/v2\/pages\/140\/revisions"}],"predecessor-version":[{"id":159,"href":"https:\/\/truhengeraete.de\/index.php\/wp-json\/wp\/v2\/pages\/140\/revisions\/159"}],"wp:attachment":[{"href":"https:\/\/truhengeraete.de\/index.php\/wp-json\/wp\/v2\/media?parent=140"}],"curies":[{"name":"wp","href":"https:\/\/api.w.org\/{rel}","templated":true}]}}