{"id":136,"date":"2016-02-15T16:57:27","date_gmt":"2016-02-15T15:57:27","guid":{"rendered":"https:\/\/test.truhengeraete.de\/?page_id=136"},"modified":"2016-02-15T18:28:58","modified_gmt":"2016-02-15T17:28:58","slug":"referenzen","status":"publish","type":"page","link":"https:\/\/truhengeraete.de\/index.php\/referenzen\/","title":{"rendered":"Referenzen"},"content":{"rendered":"<div style='padding-bottom:10px;' class='av-special-heading av-special-heading-h3   '><h3 class='av-special-heading-tag'  itemprop=\"headline\"  >Referenzen<\/h3><div class='special-heading-border'><div class='special-heading-inner-border' ><\/div><\/div><\/div>\n<div  data-autoplay='1'  data-interval='5'  data-animation='fade'  data-hoverpause='1'  class='avia-testimonial-wrapper avia-grid-testimonials avia-grid-2-testimonials avia_animate_when_almost_visible '>\n<section class ='avia-testimonial-row'><div class='avia-testimonial av_one_half flex_column no_margin avia-testimonial-row-1 avia-first-testimonial'  itemscope=\"itemscope\" itemtype=\"https:\/\/schema.org\/Person\" ><div class='avia-testimonial_inner'><div class='avia-testimonial-image'  itemprop=\"image\" ><img width=\"180\" height=\"180\" src=\"https:\/\/i1.wp.com\/truhengeraete.de\/wp-content\/uploads\/2016\/02\/Geraetetyp_K5.jpg?resize=180%2C180&amp;ssl=1\" class=\"attachment-square size-square\" alt=\"Chalet Kolbe\" loading=\"lazy\" srcset=\"https:\/\/i1.wp.com\/truhengeraete.de\/wp-content\/uploads\/2016\/02\/Geraetetyp_K5.jpg?resize=80%2C80&amp;ssl=1 80w, https:\/\/i1.wp.com\/truhengeraete.de\/wp-content\/uploads\/2016\/02\/Geraetetyp_K5.jpg?resize=36%2C36&amp;ssl=1 36w, https:\/\/i1.wp.com\/truhengeraete.de\/wp-content\/uploads\/2016\/02\/Geraetetyp_K5.jpg?resize=180%2C180&amp;ssl=1 180w, https:\/\/i1.wp.com\/truhengeraete.de\/wp-content\/uploads\/2016\/02\/Geraetetyp_K5.jpg?resize=120%2C120&amp;ssl=1 120w, https:\/\/i1.wp.com\/truhengeraete.de\/wp-content\/uploads\/2016\/02\/Geraetetyp_K5.jpg?resize=450%2C450&amp;ssl=1 450w, https:\/\/i1.wp.com\/truhengeraete.de\/wp-content\/uploads\/2016\/02\/Geraetetyp_K5.jpg?zoom=2&amp;resize=180%2C180&amp;ssl=1 360w, https:\/\/i1.wp.com\/truhengeraete.de\/wp-content\/uploads\/2016\/02\/Geraetetyp_K5.jpg?zoom=3&amp;resize=180%2C180&amp;ssl=1 540w\" sizes=\"(max-width: 180px) 100vw, 180px\" \/><\/div><div class='avia-testimonial-content '    itemscope=\"itemscope\" itemtype=\"https:\/\/schema.org\/CreativeWork\" ><p>Die Firma enkho GmbH hat dank umfangreicher und gr\u00fcndlicher Planung eine passende Anlage f\u00fcr unser privates Schwimmbad gebaut und installiert. Die Installation verlief gr\u00fcndlich und sauber. Wir sind voll zufrieden mit dem Stromverbrauch und der Leistung der Anlage.<\/p>\n<\/div><div class='avia-testimonial-meta'><div class='avia-testimonial-arrow-wrap'><div class='avia-arrow'><\/div><\/div><div class='avia-testimonial-meta-mini'><strong  class='avia-testimonial-name'    itemprop=\"name\" >Chalet Kolbe<\/strong><span class='hidden avia-testimonial-markup-link'   itemprop=\"url\" >https:\/\/test.truhengeraete.de\/wp-content\/uploads\/2016\/02\/Geraetetyp_K5.jpg<\/span> &ndash; <a class='aviablank avia-testimonial-link' href='https:\/\/test.truhengeraete.de\/wp-content\/uploads\/2016\/02\/Geraetetyp_K5.jpg' >Chalet Kolbe Technikraum<\/a><\/div><\/div><\/div><\/div>\n<\/section><\/div>\n<section class=\"av_textblock_section\"  itemscope=\"itemscope\" itemtype=\"https:\/\/schema.org\/CreativeWork\" ><div class='avia_textblock '   itemprop=\"text\" ><p><strong>Schwimmb\u00e4der<\/strong><\/p>\n<ul>\n<li>Therapieb\u00e4der Sauerland, Mettmann, Wardenburg, Ostsee, Bamberg, Trier<\/li>\n<li>Schwimmschulen in Frankenberg, Potsdam, Buchholz, Verl, Solingen<\/li>\n<li>Schulschwimmb\u00e4der bei Magdeburg, D\u00fcsseldorf<\/li>\n<li>Jugendheim im LK Emsland<\/li>\n<li>Kloster bei Trier<\/li>\n<li>Hotel in Heidelberg Zentrum<\/li>\n<li>Hotel in Weyhe<\/li>\n<li>Hotel auf Juist<\/li>\n<li>Hotel auf Sylt<\/li>\n<li>Hotel in Bad Driburg<\/li>\n<li>Hotel in Braunlage\/Harz<\/li>\n<li>Familienhotel im Harz<\/li>\n<li>Hotel in H\u00f6rstel<\/li>\n<li>Hotel in Bad Berleburg<\/li>\n<li>Hotel in B\u00fcnde<\/li>\n<li>Hotel in Meschede<\/li>\n<li>Maritim Hotels<\/li>\n<li>Badepark, Hamburg<\/li>\n<li>Freizeitpark bei Dresden<\/li>\n<li>Wohnpark in Wuppertal<\/li>\n<li>Schwimmbad im Schlo\u00df am Rhein<\/li>\n<li>Sch\u00f6nheitsklinik in der Eifel<\/li>\n<li>Private Schwimmb\u00e4der u.a. in: Hamburg, R\u00fcgen, Prenzlau, Eberswalde, Oldenburg, Emmerich, L\u00fcneburg, Behringen, G\u00f6ttingen, Hann. M\u00fcnden, Stendal, Homberg, Berlin, Dresden, Chemnitz, Suhl, M\u00f6nchengladbach, Krefeld, Neuss, D\u00fcsseldorf, Bonn, Siegen, Gelsenkirchen, Witten, Dortmund, Solingen, L\u00fcdenscheid, Rheine, M\u00fcnster, B\u00fcnde, Bad Oeynhausen, Bad Salzuflen, Paderborn, Salzkotten, Bielefeld, G\u00fctersloh, Verl, Limburg, Frankfurt, Darmstadt, Wiesbaden, Taunusstein, Limburg, Freudenstadt, Bamberg, Marktredwitz, Kronach, Landshut, M\u00fcnchen, Freising, Brunnthal<\/li>\n<li><strong>Ausland<\/strong>: \u00d6sterreich, Schweiz, Belgien, Frankreich, Spanien, Polen, Tschechei, Ungarn, Rum\u00e4nien, Russland<\/li>\n<\/ul>\n<\/div><\/section>\n","protected":false},"excerpt":{"rendered":"","protected":false},"author":1,"featured_media":0,"parent":0,"menu_order":0,"comment_status":"closed","ping_status":"closed","template":"","meta":{"spay_email":""},"yoast_head":"<!-- This site is optimized with the Yoast SEO plugin v17.8 - https:\/\/yoast.com\/wordpress\/plugins\/seo\/ -->\n<meta name=\"robots\" content=\"index, follow, max-snippet:-1, max-image-preview:large, max-video-preview:-1\" \/>\n<link rel=\"canonical\" href=\"https:\/\/truhengeraete.de\/index.php\/referenzen\/\" \/>\n<meta property=\"og:locale\" content=\"de_DE\" \/>\n<meta property=\"og:type\" content=\"article\" \/>\n<meta property=\"og:title\" content=\"Referenzen - Entwicklung und Herstellung von Schwimmhallenklimager\u00e4ten\" \/>\n<meta property=\"og:url\" content=\"https:\/\/truhengeraete.de\/index.php\/referenzen\/\" \/>\n<meta property=\"og:site_name\" content=\"Entwicklung und Herstellung von Schwimmhallenklimager\u00e4ten\" \/>\n<meta property=\"article:modified_time\" content=\"2016-02-15T17:28:58+00:00\" \/>\n<meta name=\"twitter:card\" content=\"summary\" \/>\n<meta name=\"twitter:label1\" content=\"Gesch\u00e4tzte Lesezeit\" \/>\n\t<meta name=\"twitter:data1\" content=\"2\u00a0Minuten\" \/>\n<script type=\"application\/ld+json\" class=\"yoast-schema-graph\">{\"@context\":\"https:\/\/schema.org\",\"@graph\":[{\"@type\":\"Organization\",\"@id\":\"https:\/\/truhengeraete.de\/#organization\",\"name\":\"enkho GmbH & Co. KG\",\"url\":\"https:\/\/truhengeraete.de\/\",\"sameAs\":[],\"logo\":{\"@type\":\"ImageObject\",\"@id\":\"https:\/\/truhengeraete.de\/#logo\",\"inLanguage\":\"de\",\"url\":\"https:\/\/i2.wp.com\/truhengeraete.de\/wp-content\/uploads\/2016\/02\/enkhologo_0.jpg?fit=532%2C120&ssl=1\",\"contentUrl\":\"https:\/\/i2.wp.com\/truhengeraete.de\/wp-content\/uploads\/2016\/02\/enkhologo_0.jpg?fit=532%2C120&ssl=1\",\"width\":532,\"height\":120,\"caption\":\"enkho GmbH & Co. KG\"},\"image\":{\"@id\":\"https:\/\/truhengeraete.de\/#logo\"}},{\"@type\":\"WebSite\",\"@id\":\"https:\/\/truhengeraete.de\/#website\",\"url\":\"https:\/\/truhengeraete.de\/\",\"name\":\"Entwicklung und Herstellung von Schwimmhallenklimager\\u00e4ten\",\"description\":\"enkho GmbH\",\"publisher\":{\"@id\":\"https:\/\/truhengeraete.de\/#organization\"},\"potentialAction\":[{\"@type\":\"SearchAction\",\"target\":{\"@type\":\"EntryPoint\",\"urlTemplate\":\"https:\/\/truhengeraete.de\/?s={search_term_string}\"},\"query-input\":\"required name=search_term_string\"}],\"inLanguage\":\"de\"},{\"@type\":\"WebPage\",\"@id\":\"https:\/\/truhengeraete.de\/index.php\/referenzen\/#webpage\",\"url\":\"https:\/\/truhengeraete.de\/index.php\/referenzen\/\",\"name\":\"Referenzen - Entwicklung und Herstellung von Schwimmhallenklimager\\u00e4ten\",\"isPartOf\":{\"@id\":\"https:\/\/truhengeraete.de\/#website\"},\"datePublished\":\"2016-02-15T15:57:27+00:00\",\"dateModified\":\"2016-02-15T17:28:58+00:00\",\"breadcrumb\":{\"@id\":\"https:\/\/truhengeraete.de\/index.php\/referenzen\/#breadcrumb\"},\"inLanguage\":\"de\",\"potentialAction\":[{\"@type\":\"ReadAction\",\"target\":[\"https:\/\/truhengeraete.de\/index.php\/referenzen\/\"]}]},{\"@type\":\"BreadcrumbList\",\"@id\":\"https:\/\/truhengeraete.de\/index.php\/referenzen\/#breadcrumb\",\"itemListElement\":[{\"@type\":\"ListItem\",\"position\":1,\"name\":\"Home\",\"item\":\"https:\/\/truhengeraete.de\/\"},{\"@type\":\"ListItem\",\"position\":2,\"name\":\"Referenzen\"}]}]}<\/script>\n<!-- \/ Yoast SEO plugin. -->","yoast_head_json":{"robots":{"index":"index","follow":"follow","max-snippet":"max-snippet:-1","max-image-preview":"max-image-preview:large","max-video-preview":"max-video-preview:-1"},"canonical":"https:\/\/truhengeraete.de\/index.php\/referenzen\/","og_locale":"de_DE","og_type":"article","og_title":"Referenzen - Entwicklung und Herstellung von Schwimmhallenklimager\u00e4ten","og_url":"https:\/\/truhengeraete.de\/index.php\/referenzen\/","og_site_name":"Entwicklung und Herstellung von Schwimmhallenklimager\u00e4ten","article_modified_time":"2016-02-15T17:28:58+00:00","twitter_card":"summary","twitter_misc":{"Gesch\u00e4tzte Lesezeit":"2\u00a0Minuten"},"schema":{"@context":"https:\/\/schema.org","@graph":[{"@type":"Organization","@id":"https:\/\/truhengeraete.de\/#organization","name":"enkho GmbH & Co. KG","url":"https:\/\/truhengeraete.de\/","sameAs":[],"logo":{"@type":"ImageObject","@id":"https:\/\/truhengeraete.de\/#logo","inLanguage":"de","url":"https:\/\/i2.wp.com\/truhengeraete.de\/wp-content\/uploads\/2016\/02\/enkhologo_0.jpg?fit=532%2C120&ssl=1","contentUrl":"https:\/\/i2.wp.com\/truhengeraete.de\/wp-content\/uploads\/2016\/02\/enkhologo_0.jpg?fit=532%2C120&ssl=1","width":532,"height":120,"caption":"enkho GmbH & Co. KG"},"image":{"@id":"https:\/\/truhengeraete.de\/#logo"}},{"@type":"WebSite","@id":"https:\/\/truhengeraete.de\/#website","url":"https:\/\/truhengeraete.de\/","name":"Entwicklung und Herstellung von Schwimmhallenklimager\u00e4ten","description":"enkho GmbH","publisher":{"@id":"https:\/\/truhengeraete.de\/#organization"},"potentialAction":[{"@type":"SearchAction","target":{"@type":"EntryPoint","urlTemplate":"https:\/\/truhengeraete.de\/?s={search_term_string}"},"query-input":"required name=search_term_string"}],"inLanguage":"de"},{"@type":"WebPage","@id":"https:\/\/truhengeraete.de\/index.php\/referenzen\/#webpage","url":"https:\/\/truhengeraete.de\/index.php\/referenzen\/","name":"Referenzen - Entwicklung und Herstellung von Schwimmhallenklimager\u00e4ten","isPartOf":{"@id":"https:\/\/truhengeraete.de\/#website"},"datePublished":"2016-02-15T15:57:27+00:00","dateModified":"2016-02-15T17:28:58+00:00","breadcrumb":{"@id":"https:\/\/truhengeraete.de\/index.php\/referenzen\/#breadcrumb"},"inLanguage":"de","potentialAction":[{"@type":"ReadAction","target":["https:\/\/truhengeraete.de\/index.php\/referenzen\/"]}]},{"@type":"BreadcrumbList","@id":"https:\/\/truhengeraete.de\/index.php\/referenzen\/#breadcrumb","itemListElement":[{"@type":"ListItem","position":1,"name":"Home","item":"https:\/\/truhengeraete.de\/"},{"@type":"ListItem","position":2,"name":"Referenzen"}]}]}},"jetpack_sharing_enabled":true,"jetpack_shortlink":"https:\/\/wp.me\/P7eY70-2c","_links":{"self":[{"href":"https:\/\/truhengeraete.de\/index.php\/wp-json\/wp\/v2\/pages\/136"}],"collection":[{"href":"https:\/\/truhengeraete.de\/index.php\/wp-json\/wp\/v2\/pages"}],"about":[{"href":"https:\/\/truhengeraete.de\/index.php\/wp-json\/wp\/v2\/types\/page"}],"author":[{"embeddable":true,"href":"https:\/\/truhengeraete.de\/index.php\/wp-json\/wp\/v2\/users\/1"}],"replies":[{"embeddable":true,"href":"https:\/\/truhengeraete.de\/index.php\/wp-json\/wp\/v2\/comments?post=136"}],"version-history":[{"count":5,"href":"https:\/\/truhengeraete.de\/index.php\/wp-json\/wp\/v2\/pages\/136\/revisions"}],"predecessor-version":[{"id":184,"href":"https:\/\/truhengeraete.de\/index.php\/wp-json\/wp\/v2\/pages\/136\/revisions\/184"}],"wp:attachment":[{"href":"https:\/\/truhengeraete.de\/index.php\/wp-json\/wp\/v2\/media?parent=136"}],"curies":[{"name":"wp","href":"https:\/\/api.w.org\/{rel}","templated":true}]}}