{"id":100,"date":"2016-02-14T11:43:05","date_gmt":"2016-02-14T10:43:05","guid":{"rendered":"https:\/\/test.truhengeraete.de\/?page_id=100"},"modified":"2016-02-27T15:09:37","modified_gmt":"2016-02-27T14:09:37","slug":"doppelrekuperator-mit-waermepumpe","status":"publish","type":"page","link":"https:\/\/truhengeraete.de\/index.php\/kanalgeraeterekuperator\/doppelrekuperator-mit-waermepumpe\/","title":{"rendered":"Doppelrekuperator mit W\u00e4rmepumpe"},"content":{"rendered":"<div class=\"flex_column av_one_full  flex_column_div av-zero-column-padding first  \" style='border-radius:0px; '><p><div style='padding-bottom:10px;' class='av-special-heading av-special-heading-h3    '><h3 class='av-special-heading-tag'  itemprop=\"headline\"  >Ger\u00e4te f\u00fcr Schwimmhallen mit Doppelrekuperator und W\u00e4rmepumpe (dreistufig)<\/h3><div class='special-heading-border'><div class='special-heading-inner-border' ><\/div><\/div><\/div><br \/>\n<section class=\"av_textblock_section\"  itemscope=\"itemscope\" itemtype=\"https:\/\/schema.org\/CreativeWork\" ><div class='avia_textblock '   itemprop=\"text\" ><div class=\"page\" title=\"Page 4\">\n<div class=\"layoutArea\">\n<div class=\"column\">\n<p><strong>Kanalger\u00e4te f\u00fcr h\u00f6chsten Komfort und Energieersparnis<\/strong><\/p>\n<\/div>\n<\/div>\n<\/div>\n<\/div><\/section><\/p><\/div>\n<div class=\"flex_column av_one_half  flex_column_div av-zero-column-padding first  \" style='border-radius:0px; '><p><div class='avia-image-container  av-styling-  noHover  av-overlay-hover-deactivate  avia-align-center '  itemscope=\"itemscope\" itemtype=\"https:\/\/schema.org\/ImageObject\"  ><div class='avia-image-container-inner'><a href='https:\/\/i0.wp.com\/truhengeraete.de\/wp-content\/uploads\/2016\/02\/Bild_2012_Z10_012.jpg?fit=1030%2C773&ssl=1' class='avia_image'  ><div class='av-image-caption-overlay'><div class='av-caption-image-overlay-bg' style='opacity:0.4; background-color:#000000; '><\/div><div class='av-image-caption-overlay-position'><div class='av-image-caption-overlay-center' style='color:#ffffff; '><\/div><\/div><\/div><img class='avia_image ' src='https:\/\/i0.wp.com\/truhengeraete.de\/wp-content\/uploads\/2016\/02\/Bild_2012_Z10_012.jpg?fit=300%2C225&ssl=1' alt='' title='Z10'  itemprop=\"contentURL\"  \/><\/a><\/div><\/div><br \/>\n<section class=\"av_textblock_section\"  itemscope=\"itemscope\" itemtype=\"https:\/\/schema.org\/CreativeWork\" ><div class='avia_textblock '   itemprop=\"text\" ><p><em>Kanalger\u00e4t mit\u00a0Doppelrekuperator und W\u00e4rmepumpe mit Frischluftbetrieb<\/em><\/p>\n<\/div><\/section><\/p><\/div>\n<div class=\"flex_column av_one_half  flex_column_div av-zero-column-padding   \" style='border-radius:0px; '><div class='avia-image-container  av-styling-   avia-align-center '  itemscope=\"itemscope\" itemtype=\"https:\/\/schema.org\/ImageObject\"  ><div class='avia-image-container-inner'><img class='avia_image ' src='https:\/\/i1.wp.com\/truhengeraete.de\/wp-content\/uploads\/2016\/02\/Z10_freigestellt-e1456058163463.png?fit=300%2C226&ssl=1' alt='' title='Z10'   itemprop=\"contentURL\"  \/><\/div><\/div><\/div>\n<div class=\"flex_column av_one_full  flex_column_div av-zero-column-padding first  \" style='border-radius:0px; '><section class=\"av_textblock_section\"  itemscope=\"itemscope\" itemtype=\"https:\/\/schema.org\/CreativeWork\" ><div class='avia_textblock '   itemprop=\"text\" ><div class=\"layoutArea\">\n<div class=\"column\">\n<p><strong>Funktion:<\/strong><\/p>\n<p>Diese Kanalger\u00e4te sind zur Aufstellung in Technikr\u00e4umen konstruiert und werden an ein Kanalsystem angeschlossen. \u00dcber das Kanalsystem und Luftausl\u00e4sse wird die Luft in der Schwimmhalle optimal verteilt.<\/p>\n<p>Im Doppelrekuperator (Doppelkreuzstromw\u00e4rmetauscher) wird zun\u00e4chst die sensible und bei niedrigen Au\u00dfenlufttemperaturen auch ein Teil der latenten W\u00e4rme der Abluft entzogen und damit die Au\u00dfenluft ohne zus\u00e4tzlichen Energieaufwand vorerw\u00e4rmt. Mittels der nachgeschalteten W\u00e4rmepumpe wird im Verdampfer wesentliche Restenergie aus der bereits abgek\u00fchlten Abluft entzogen und der bereits vorerw\u00e4rmten Au\u00dfenluft in Form des W\u00e4rmer\u00fcckgewinns zugef\u00fchrt.\u00a0Im Nachheizregister wird die vorerw\u00e4rmte Au\u00dfenluft entsprechend des W\u00e4rmebedarfs der Schwimmhalle nacherw\u00e4rmt. Die kontrollierte Beimischung von Au\u00dfenluft sorgt f\u00fcr eine hohe Luftqualit\u00e4t und Hygiene und reduziert die Energiekosten f\u00fcr die Nacherw\u00e4rmung auf ein Minimum. Die Schwimmhalle wird \u00fcber diese Ger\u00e4te auch beheizt.<\/p>\n<p>Bei hohem W\u00e4rmebedarf des Beckenwassers kann der W\u00e4rmer\u00fcckgewinn aus der Verdunstungsw\u00e4rme \u00fcber einen Beckenwasserkondensator dem Badewasser wieder zugef\u00fchrt werden (Zusatzausr\u00fcstung).<\/p>\n<p><strong>Regelung und Bedienung:<\/strong><\/p>\n<p>Das Schwimmhallenklima wird pr\u00e4zise geregelt. Unsere\u00a0intelligente SPS-Regelung mit Bus-Technologie optimiert die W\u00e4rmer\u00fcckgewinnung, Frischluftversorgung und den stufenlosen Ventilatorbetrieb und damit den Energieverbrauch.<\/p>\n<p>F\u00fcr die Bedienung der Ger\u00e4te ist\u00a0ein Tablet im Lieferumfang. Die Darstellung ist damit\u00a0sehr \u00fcbersichtlich und selbsterkl\u00e4rend. Es k\u00f6nnen ebenfalls alle WLAN- oder netzwerkf\u00e4higen Ger\u00e4te wie iPhone, iPad, Smartphones, Notebooks, PC&#8217;s etc. zur Bedienung verwendet werden. Es mu\u00df daf\u00fcr keine zus\u00e4tzliche Software installiert werden.<\/p>\n<p>Wenn das Klimager\u00e4t in das eigene Netzwerk eingebunden ist und eine Internetverbindung besteht, sind die Ger\u00e4te ortsunabh\u00e4ngig mit der originalen Darstellung bedienbar und zu \u00fcberwachen.<\/p>\n<p><strong>Besonderheiten:<\/strong><\/p>\n<p>Diese Ger\u00e4te zeichnen sich durch eine sehr hohe Energier\u00fcckgewinnung aus. Sie eignen sich sehr gut, wenn niedrige Vorlauftemperaturen von &lt;40\u00b0C vorhanden sind, das Becken nicht\u00a0abgedeckt ist, lange Badezeiten mit erh\u00f6hter\u00a0Verdunstung zu erwarten sind\u00a0oder die Wassertemperatur hoch\u00a0ist. Die Komponenten sind von den Top-Marktf\u00fchrern, um eine sehr hohe Zuverl\u00e4ssigkeit und Langlebigkeit zu erreichen. Der Wartungsaufwand ist funktionsbedingt h\u00f6her als bei rekuperativen Ger\u00e4ten. Diese Ger\u00e4te gibt es in verschiedenen\u00a0Bauformen f\u00fcr viele Einsatzbedingungen. Zus\u00e4tzliche Teilungen sind nicht so beliebig m\u00f6glich\u00a0wie bei rekuperativen Ger\u00e4ten.<\/p>\n<p><strong>Leistungen:<\/strong><\/p>\n<p>Z10: 1100 &#8211; 6000 m\u00b3\/h : \u00a0f\u00fcr Beckengr\u00f6\u00dfen von 20m\u00b2 bis ca. 240m\u00b2;\u00a0Au\u00dfenluft-Fortluftbetrieb 0-100%; optimale\u00a0Wirkungsgrade<\/p>\n<\/div>\n<\/div>\n<div class=\"layoutArea\"><\/div>\n<\/div><\/section><\/div><div class=\"flex_column av_one_full  flex_column_div av-zero-column-padding first  \" style='border-radius:0px; '><section class=\"av_textblock_section\"  itemscope=\"itemscope\" itemtype=\"https:\/\/schema.org\/CreativeWork\" ><div class='avia_textblock  av_inherit_color'  style='color:#ededed; '  itemprop=\"text\" ><p>Truhenger\u00e4te &#8211; Entfeuchtungstruhen &#8211; Schwimmbad Truhen &#8211; Schwimmhallen Truhen &#8211; Schwimmbadentfeuchtung &#8211; Schwimmhallenentfeuchtung &#8211; Schwimmbadklimatisierung &#8211; Schwimmhallenklimatisierung &#8211; Schwimmbad Entfeuchtung &#8211; Schwimmhallen Entfeuchtung &#8211; Schwimmbad Klimatisierung &#8211;\u00a0Schwimmhallen Klimatisierung &#8211; Schwimmbadklima &#8211; Schwimmhallenklima &#8211; Schwimmbadl\u00fcftung &#8211; Schwimmhallenl\u00fcftung &#8211; Schwimmbad L\u00fcftung &#8211; Schwimmhallen L\u00fcftung &#8211; Schwimmbadbel\u00fcftung &#8211; Schwimmhallenbel\u00fcftung &#8211; Schwimmbad Bel\u00fcftung- Schwimmhallen Bel\u00fcftung &#8211; Entfeuchter<\/p>\n<\/div><\/section><\/div><\/p>\n","protected":false},"excerpt":{"rendered":"","protected":false},"author":1,"featured_media":0,"parent":82,"menu_order":2,"comment_status":"closed","ping_status":"closed","template":"","meta":{"spay_email":""},"yoast_head":"<!-- This site is optimized with the Yoast SEO plugin v17.8 - https:\/\/yoast.com\/wordpress\/plugins\/seo\/ -->\n<meta name=\"robots\" content=\"index, follow, max-snippet:-1, max-image-preview:large, max-video-preview:-1\" \/>\n<link rel=\"canonical\" href=\"https:\/\/truhengeraete.de\/index.php\/kanalgeraeterekuperator\/doppelrekuperator-mit-waermepumpe\/\" \/>\n<meta property=\"og:locale\" content=\"de_DE\" \/>\n<meta property=\"og:type\" content=\"article\" \/>\n<meta property=\"og:title\" content=\"Doppelrekuperator mit W\u00e4rmepumpe - Entwicklung und Herstellung von Schwimmhallenklimager\u00e4ten\" \/>\n<meta property=\"og:url\" content=\"https:\/\/truhengeraete.de\/index.php\/kanalgeraeterekuperator\/doppelrekuperator-mit-waermepumpe\/\" \/>\n<meta property=\"og:site_name\" content=\"Entwicklung und Herstellung von Schwimmhallenklimager\u00e4ten\" \/>\n<meta property=\"article:modified_time\" content=\"2016-02-27T14:09:37+00:00\" \/>\n<meta name=\"twitter:card\" content=\"summary\" \/>\n<meta name=\"twitter:label1\" content=\"Gesch\u00e4tzte Lesezeit\" \/>\n\t<meta name=\"twitter:data1\" content=\"5\u00a0Minuten\" \/>\n<script type=\"application\/ld+json\" class=\"yoast-schema-graph\">{\"@context\":\"https:\/\/schema.org\",\"@graph\":[{\"@type\":\"Organization\",\"@id\":\"https:\/\/truhengeraete.de\/#organization\",\"name\":\"enkho GmbH & Co. KG\",\"url\":\"https:\/\/truhengeraete.de\/\",\"sameAs\":[],\"logo\":{\"@type\":\"ImageObject\",\"@id\":\"https:\/\/truhengeraete.de\/#logo\",\"inLanguage\":\"de\",\"url\":\"https:\/\/i2.wp.com\/truhengeraete.de\/wp-content\/uploads\/2016\/02\/enkhologo_0.jpg?fit=532%2C120&ssl=1\",\"contentUrl\":\"https:\/\/i2.wp.com\/truhengeraete.de\/wp-content\/uploads\/2016\/02\/enkhologo_0.jpg?fit=532%2C120&ssl=1\",\"width\":532,\"height\":120,\"caption\":\"enkho GmbH & Co. KG\"},\"image\":{\"@id\":\"https:\/\/truhengeraete.de\/#logo\"}},{\"@type\":\"WebSite\",\"@id\":\"https:\/\/truhengeraete.de\/#website\",\"url\":\"https:\/\/truhengeraete.de\/\",\"name\":\"Entwicklung und Herstellung von Schwimmhallenklimager\\u00e4ten\",\"description\":\"enkho GmbH\",\"publisher\":{\"@id\":\"https:\/\/truhengeraete.de\/#organization\"},\"potentialAction\":[{\"@type\":\"SearchAction\",\"target\":{\"@type\":\"EntryPoint\",\"urlTemplate\":\"https:\/\/truhengeraete.de\/?s={search_term_string}\"},\"query-input\":\"required name=search_term_string\"}],\"inLanguage\":\"de\"},{\"@type\":\"WebPage\",\"@id\":\"https:\/\/truhengeraete.de\/index.php\/kanalgeraeterekuperator\/doppelrekuperator-mit-waermepumpe\/#webpage\",\"url\":\"https:\/\/truhengeraete.de\/index.php\/kanalgeraeterekuperator\/doppelrekuperator-mit-waermepumpe\/\",\"name\":\"Doppelrekuperator mit W\\u00e4rmepumpe - Entwicklung und Herstellung von Schwimmhallenklimager\\u00e4ten\",\"isPartOf\":{\"@id\":\"https:\/\/truhengeraete.de\/#website\"},\"datePublished\":\"2016-02-14T10:43:05+00:00\",\"dateModified\":\"2016-02-27T14:09:37+00:00\",\"breadcrumb\":{\"@id\":\"https:\/\/truhengeraete.de\/index.php\/kanalgeraeterekuperator\/doppelrekuperator-mit-waermepumpe\/#breadcrumb\"},\"inLanguage\":\"de\",\"potentialAction\":[{\"@type\":\"ReadAction\",\"target\":[\"https:\/\/truhengeraete.de\/index.php\/kanalgeraeterekuperator\/doppelrekuperator-mit-waermepumpe\/\"]}]},{\"@type\":\"BreadcrumbList\",\"@id\":\"https:\/\/truhengeraete.de\/index.php\/kanalgeraeterekuperator\/doppelrekuperator-mit-waermepumpe\/#breadcrumb\",\"itemListElement\":[{\"@type\":\"ListItem\",\"position\":1,\"name\":\"Home\",\"item\":\"https:\/\/truhengeraete.de\/\"},{\"@type\":\"ListItem\",\"position\":2,\"name\":\"Kanalger\\u00e4te\",\"item\":\"https:\/\/truhengeraete.de\/index.php\/kanalgeraeterekuperator\/\"},{\"@type\":\"ListItem\",\"position\":3,\"name\":\"Doppelrekuperator mit W\\u00e4rmepumpe\"}]}]}<\/script>\n<!-- \/ Yoast SEO plugin. -->","yoast_head_json":{"robots":{"index":"index","follow":"follow","max-snippet":"max-snippet:-1","max-image-preview":"max-image-preview:large","max-video-preview":"max-video-preview:-1"},"canonical":"https:\/\/truhengeraete.de\/index.php\/kanalgeraeterekuperator\/doppelrekuperator-mit-waermepumpe\/","og_locale":"de_DE","og_type":"article","og_title":"Doppelrekuperator mit W\u00e4rmepumpe - Entwicklung und Herstellung von Schwimmhallenklimager\u00e4ten","og_url":"https:\/\/truhengeraete.de\/index.php\/kanalgeraeterekuperator\/doppelrekuperator-mit-waermepumpe\/","og_site_name":"Entwicklung und Herstellung von Schwimmhallenklimager\u00e4ten","article_modified_time":"2016-02-27T14:09:37+00:00","twitter_card":"summary","twitter_misc":{"Gesch\u00e4tzte Lesezeit":"5\u00a0Minuten"},"schema":{"@context":"https:\/\/schema.org","@graph":[{"@type":"Organization","@id":"https:\/\/truhengeraete.de\/#organization","name":"enkho GmbH & Co. KG","url":"https:\/\/truhengeraete.de\/","sameAs":[],"logo":{"@type":"ImageObject","@id":"https:\/\/truhengeraete.de\/#logo","inLanguage":"de","url":"https:\/\/i2.wp.com\/truhengeraete.de\/wp-content\/uploads\/2016\/02\/enkhologo_0.jpg?fit=532%2C120&ssl=1","contentUrl":"https:\/\/i2.wp.com\/truhengeraete.de\/wp-content\/uploads\/2016\/02\/enkhologo_0.jpg?fit=532%2C120&ssl=1","width":532,"height":120,"caption":"enkho GmbH & Co. KG"},"image":{"@id":"https:\/\/truhengeraete.de\/#logo"}},{"@type":"WebSite","@id":"https:\/\/truhengeraete.de\/#website","url":"https:\/\/truhengeraete.de\/","name":"Entwicklung und Herstellung von Schwimmhallenklimager\u00e4ten","description":"enkho GmbH","publisher":{"@id":"https:\/\/truhengeraete.de\/#organization"},"potentialAction":[{"@type":"SearchAction","target":{"@type":"EntryPoint","urlTemplate":"https:\/\/truhengeraete.de\/?s={search_term_string}"},"query-input":"required name=search_term_string"}],"inLanguage":"de"},{"@type":"WebPage","@id":"https:\/\/truhengeraete.de\/index.php\/kanalgeraeterekuperator\/doppelrekuperator-mit-waermepumpe\/#webpage","url":"https:\/\/truhengeraete.de\/index.php\/kanalgeraeterekuperator\/doppelrekuperator-mit-waermepumpe\/","name":"Doppelrekuperator mit W\u00e4rmepumpe - Entwicklung und Herstellung von Schwimmhallenklimager\u00e4ten","isPartOf":{"@id":"https:\/\/truhengeraete.de\/#website"},"datePublished":"2016-02-14T10:43:05+00:00","dateModified":"2016-02-27T14:09:37+00:00","breadcrumb":{"@id":"https:\/\/truhengeraete.de\/index.php\/kanalgeraeterekuperator\/doppelrekuperator-mit-waermepumpe\/#breadcrumb"},"inLanguage":"de","potentialAction":[{"@type":"ReadAction","target":["https:\/\/truhengeraete.de\/index.php\/kanalgeraeterekuperator\/doppelrekuperator-mit-waermepumpe\/"]}]},{"@type":"BreadcrumbList","@id":"https:\/\/truhengeraete.de\/index.php\/kanalgeraeterekuperator\/doppelrekuperator-mit-waermepumpe\/#breadcrumb","itemListElement":[{"@type":"ListItem","position":1,"name":"Home","item":"https:\/\/truhengeraete.de\/"},{"@type":"ListItem","position":2,"name":"Kanalger\u00e4te","item":"https:\/\/truhengeraete.de\/index.php\/kanalgeraeterekuperator\/"},{"@type":"ListItem","position":3,"name":"Doppelrekuperator mit W\u00e4rmepumpe"}]}]}},"jetpack_sharing_enabled":true,"jetpack_shortlink":"https:\/\/wp.me\/P7eY70-1C","_links":{"self":[{"href":"https:\/\/truhengeraete.de\/index.php\/wp-json\/wp\/v2\/pages\/100"}],"collection":[{"href":"https:\/\/truhengeraete.de\/index.php\/wp-json\/wp\/v2\/pages"}],"about":[{"href":"https:\/\/truhengeraete.de\/index.php\/wp-json\/wp\/v2\/types\/page"}],"author":[{"embeddable":true,"href":"https:\/\/truhengeraete.de\/index.php\/wp-json\/wp\/v2\/users\/1"}],"replies":[{"embeddable":true,"href":"https:\/\/truhengeraete.de\/index.php\/wp-json\/wp\/v2\/comments?post=100"}],"version-history":[{"count":15,"href":"https:\/\/truhengeraete.de\/index.php\/wp-json\/wp\/v2\/pages\/100\/revisions"}],"predecessor-version":[{"id":461,"href":"https:\/\/truhengeraete.de\/index.php\/wp-json\/wp\/v2\/pages\/100\/revisions\/461"}],"up":[{"embeddable":true,"href":"https:\/\/truhengeraete.de\/index.php\/wp-json\/wp\/v2\/pages\/82"}],"wp:attachment":[{"href":"https:\/\/truhengeraete.de\/index.php\/wp-json\/wp\/v2\/media?parent=100"}],"curies":[{"name":"wp","href":"https:\/\/api.w.org\/{rel}","templated":true}]}}